{"id":16,"date":"2022-05-08T10:54:34","date_gmt":"2022-05-08T10:54:34","guid":{"rendered":"http:\/\/localhost\/indobi\/?page_id=16"},"modified":"2024-02-23T09:58:21","modified_gmt":"2024-02-23T06:58:21","slug":"hizmetlerimi","status":"publish","type":"page","link":"https:\/\/gozeyapimarket.com\/index.php\/hizmetlerimi\/","title":{"rendered":"Hizmetlerimiz"},"content":{"rendered":"\t\t<div data-elementor-type=\"wp-page\" data-elementor-id=\"16\" class=\"elementor elementor-16\">\n\t\t\t\t\t\t<section class=\"elementor-section elementor-top-section elementor-element elementor-element-1986401 elementor-section-full_width elementor-section-height-default elementor-section-height-default\" data-id=\"1986401\" data-element_type=\"section\">\n\t\t\t\t\t\t<div class=\"elementor-container elementor-column-gap-no\">\n\t\t\t\t\t<div class=\"elementor-column elementor-col-100 elementor-top-column elementor-element elementor-element-9cb47b3\" data-id=\"9cb47b3\" data-element_type=\"column\">\n\t\t\t<div class=\"elementor-widget-wrap elementor-element-populated\">\n\t\t\t\t\t\t<div class=\"elementor-element elementor-element-b4e1502 elementor-widget elementor-widget-Elementor-service-one-widget\" data-id=\"b4e1502\" data-element_type=\"widget\" data-widget_type=\"Elementor-service-one-widget.default\">\n\t\t\t\t<div class=\"elementor-widget-container\">\n\t\t\t\n<!-- services-three-area -->\n<section class=\"services-08 pt-120 pb-100 p-relative\">\n        <div class=\"container\">\n        <div class=\"row services-08-item--wrapper mt-0\">\n              \n                     \n                      <div class=\"col-lg-4 col-md-4 bdr\">\n                        <div class=\"services-08-item bord\">\n                            <div class=\"services-08-thumb\">\n                             <img decoding=\"async\" width=\"150\" height=\"150\" src=\"https:\/\/gozeyapimarket.com\/wp-content\/uploads\/2022\/05\/sve-icon7.png\" class=\"attachment-post-thumbnail size-post-thumbnail wp-post-image\" alt=\"\" \/>                            <\/div>\n                            <div class=\"services-08-content\">\n                                <h3><a href=\"https:\/\/gozeyapimarket.com\/index.php\/service\/insaatvesantiy\/\"> \u0130n\u015faat ve \u015eantiye<\/a><\/h3>\n                                <p>Yurt i\u00e7i ve Yurt D\u0131\u015f\u0131 bir \u00e7ok in\u015faat ve mimari firmalar\u0131n\u0131n\u00a0 her t\u00fcrl\u00fc in\u015faat ve \u015fantiye malzemelerinin tedarikini yapmaktay\u0131z.<\/p>\n                            <\/div>\n                        <\/div>\n                    <\/div>\n                    \n                     \n                      <div class=\"col-lg-4 col-md-4 bdr\">\n                        <div class=\"services-08-item bord\">\n                            <div class=\"services-08-thumb\">\n                             <img decoding=\"async\" width=\"150\" height=\"150\" src=\"https:\/\/gozeyapimarket.com\/wp-content\/uploads\/2022\/05\/sve-icon8.png\" class=\"attachment-post-thumbnail size-post-thumbnail wp-post-image\" alt=\"\" \/>                            <\/div>\n                            <div class=\"services-08-content\">\n                                <h3><a href=\"https:\/\/gozeyapimarket.com\/index.php\/service\/muhendislik\/\"> M\u00fchendislik<\/a><\/h3>\n                                <p>Mimarl\u0131k ve M\u00fchendislik Firmalar\u0131n\u0131n Sat\u0131n Alma S\u00fcre\u00e7lerinde \u00c7\u00f6z\u00fcm Orta\u011f\u0131y\u0131z<\/p>\n                            <\/div>\n                        <\/div>\n                    <\/div>\n                    \n                     \n                      <div class=\"col-lg-4 col-md-4 bdr\">\n                        <div class=\"services-08-item bord\">\n                            <div class=\"services-08-thumb\">\n                             <img fetchpriority=\"high\" decoding=\"async\" width=\"512\" height=\"512\" src=\"https:\/\/gozeyapimarket.com\/wp-content\/uploads\/2022\/05\/cropped-sve-icon2.png\" class=\"attachment-post-thumbnail size-post-thumbnail wp-post-image\" alt=\"\" srcset=\"https:\/\/gozeyapimarket.com\/wp-content\/uploads\/2022\/05\/cropped-sve-icon2.png 512w, https:\/\/gozeyapimarket.com\/wp-content\/uploads\/2022\/05\/cropped-sve-icon2-300x300.png 300w, https:\/\/gozeyapimarket.com\/wp-content\/uploads\/2022\/05\/cropped-sve-icon2-150x150.png 150w\" sizes=\"(max-width: 512px) 100vw, 512px\" \/>                            <\/div>\n                            <div class=\"services-08-content\">\n                                <h3><a href=\"https:\/\/gozeyapimarket.com\/index.php\/service\/elektrik\/\"> Elektrik<\/a><\/h3>\n                                <p>Firman\u0131z\u0131n , in\u015faat\u0131n\u0131z\u0131n ve \u015fantiyelerinizde elektrik \u00fcr\u00fcnlerinizin ihtiya\u00e7lar\u0131n\u0131 geni \u00fcr\u00fcn \u00e7e\u015fitlili\u011fi ile tedarik etmekteyiz.<\/p>\n                            <\/div>\n                        <\/div>\n                    <\/div>\n                    \n                     \n                      <div class=\"col-lg-4 col-md-4 bdr\">\n                        <div class=\"services-08-item bord\">\n                            <div class=\"services-08-thumb\">\n                             <img loading=\"lazy\" decoding=\"async\" width=\"150\" height=\"150\" src=\"https:\/\/gozeyapimarket.com\/wp-content\/uploads\/2022\/05\/sve-icon10.png\" class=\"attachment-post-thumbnail size-post-thumbnail wp-post-image\" alt=\"\" \/>                            <\/div>\n                            <div class=\"services-08-content\">\n                                <h3><a href=\"https:\/\/gozeyapimarket.com\/index.php\/service\/hirdavat\/\"> H\u0131rdavat<\/a><\/h3>\n                                <p>Firman\u0131z\u0131n , in\u015faat\u0131n\u0131z\u0131n ve \u015fantiyelerinizde h\u0131rdavat \u00fcr\u00fcnlerinizin ihtiya\u00e7lar\u0131n\u0131 geni\u015f \u00fcr\u00fcn \u00e7e\u015fitlili\u011fi ile tedarik etmekteyiz.<\/p>\n                            <\/div>\n                        <\/div>\n                    <\/div>\n                    \n                     \n                      <div class=\"col-lg-4 col-md-4 bdr\">\n                        <div class=\"services-08-item bord\">\n                            <div class=\"services-08-thumb\">\n                             <img loading=\"lazy\" decoding=\"async\" width=\"150\" height=\"150\" src=\"https:\/\/gozeyapimarket.com\/wp-content\/uploads\/2022\/05\/sve-icon10.png\" class=\"attachment-post-thumbnail size-post-thumbnail wp-post-image\" alt=\"\" \/>                            <\/div>\n                            <div class=\"services-08-content\">\n                                <h3><a href=\"https:\/\/gozeyapimarket.com\/index.php\/service\/petroleum\/\"> Nalburiye<\/a><\/h3>\n                                <p>Firman\u0131z\u0131n , in\u015faat\u0131n\u0131z\u0131n ve \u015fantiyelerinizde nalburiye \u00fcr\u00fcnlerinizin ihtiya\u00e7lar\u0131n\u0131 geni\u015f \u00fcr\u00fcn \u00e7e\u015fitlili\u011fi ile tedarik etmekteyiz.<\/p>\n                            <\/div>\n                        <\/div>\n                    <\/div>\n                    \n                     \n                      <div class=\"col-lg-4 col-md-4 bdr\">\n                        <div class=\"services-08-item bord\">\n                            <div class=\"services-08-thumb\">\n                             <img loading=\"lazy\" decoding=\"async\" width=\"150\" height=\"150\" src=\"https:\/\/gozeyapimarket.com\/wp-content\/uploads\/2022\/05\/sve-icon12.png\" class=\"attachment-post-thumbnail size-post-thumbnail wp-post-image\" alt=\"\" \/>                            <\/div>\n                            <div class=\"services-08-content\">\n                                <h3><a href=\"https:\/\/gozeyapimarket.com\/index.php\/service\/satinalmahizmeti\/\"> Sat\u0131n Alma Hizmeti<\/a><\/h3>\n                                <p>\u015eantiyelerinizin kaba in\u015faat , elektrik , \u015fantiye mobilizasyon , h\u0131rdavat , nalburiye , tesisat ihtiya\u00e7lar\u0131n\u0131z\u0131 h\u0131zl\u0131 tedarik ve fiyat politikam\u0131zla hizmet vermekteyiz.<\/p>\n                            <\/div>\n                        <\/div>\n                    <\/div>\n                    \n            <\/div>\n\n        <\/div>\n<\/section>\n<!-- services-three-area -->\t\t<\/div>\n\t\t\t\t<\/div>\n\t\t\t\t\t<\/div>\n\t\t<\/div>\n\t\t\t\t\t<\/div>\n\t\t<\/section>\n\t\t\t\t<section class=\"elementor-section elementor-top-section elementor-element elementor-element-1aa4ced elementor-section-full_width elementor-section-height-default elementor-section-height-default\" data-id=\"1aa4ced\" data-element_type=\"section\">\n\t\t\t\t\t\t<div class=\"elementor-container elementor-column-gap-no\">\n\t\t\t\t\t<div class=\"elementor-column elementor-col-100 elementor-top-column elementor-element elementor-element-d7a4cb6\" data-id=\"d7a4cb6\" data-element_type=\"column\">\n\t\t\t<div class=\"elementor-widget-wrap elementor-element-populated\">\n\t\t\t\t\t\t<div class=\"elementor-element elementor-element-041c969 elementor-widget elementor-widget-Elementor-About-widget\" data-id=\"041c969\" data-element_type=\"widget\" data-widget_type=\"Elementor-About-widget.default\">\n\t\t\t\t<div class=\"elementor-widget-container\">\n\t\t\t<!-- about-area -->\n<section class=\"about-area about-p pb-120 p-relative fix\">\n    <div class=\"container\">\n        <div class=\"row justify-content-center align-items-center\">\n             <div class=\"col-lg-6 col-md-12 col-sm-12\">\n                <div class=\"s-about-img p-relative  wow fadeInLeft animated\" data-animation=\"fadeInLeft\" data-delay=\".4s\">\n                     <img decoding=\"async\" src=\"https:\/\/wordpress.zcube.in\/indobi\/wp-content\/uploads\/2022\/05\/about_img03.png\" alt=\"https:\/\/wordpress.zcube.in\/indobi\/wp-content\/uploads\/2022\/05\/about_img03.png\">  \n                <\/div>\n\n            <\/div>\n\n        <div class=\"col-lg-6 col-md-12 col-sm-12\">\n                <div class=\"about-content s-about-content  wow fadeInRight  animated\" data-animation=\"fadeInRight\" data-delay=\".4s\">\n                    <div class=\"about-title second-title pb-25\">  \n                         <h2>Do\u011fru Adres , G\u00fcvenilir Sat\u0131c\u0131<\/h2>                                    \n                    <\/div>\n                      <ul class=\"product-qulity\">\n                            <li>\n                                <div class=\"icon\">  \n                                    <img decoding=\"async\" src=\"https:\/\/wordpress.zcube.in\/indobi\/wp-content\/uploads\/2022\/05\/p-icon1.png\" alt=\"img\">   \n                                <\/div>\n                                <div class=\"text\">\n                                    <h3>Rekabet\u00e7i Fiyatlar<\/h3>\n                                    <p>Sat\u0131nalma s\u00fcre\u00e7lerinizde uygun fiyatlar ve istenilen \u00fcr\u00fcnlerin tedari\u011fi.<\/p>\n                                <\/div>\n                            <\/li>\n                            <li>\n                                <div class=\"icon\">  \n                                    <img decoding=\"async\" src=\"https:\/\/wordpress.zcube.in\/indobi\/wp-content\/uploads\/2022\/05\/p-icon2.png\" alt=\"img\">   \n                                <\/div>\n                                <div class=\"text\">\n                                    <h3>H\u0131zl\u0131 Teslimat<\/h3>\n                                    <p>\u00dcr\u00fcnlerinizin teslimat\u0131 43 ara\u00e7l\u0131k filomuzla teslimi yap\u0131lmaktad\u0131r..<\/p>\n                                <\/div>\n                            <\/li>\n                          <li>\n                                <div class=\"icon\">  \n                                    <img decoding=\"async\" src=\"https:\/\/wordpress.zcube.in\/indobi\/wp-content\/uploads\/2022\/05\/p-icon3.png\" alt=\"img\">   \n                                <\/div>\n                                <div class=\"text\">\n                                    <h3>M\u00fc\u015fteri Memnuniyeti<\/h3>\n                                    <p>\u00d6nceli\u011fimiz firman\u0131z\u0131n ve i\u015flerinizin s\u00fcreklili\u011finin devam\u0131 ve memnuniyetiniz.<\/p>\n                                <\/div>\n                            <\/li>                      <\/ul>\n                <\/div>\n            <\/div>\n\n        <\/div>\n    <\/div>\n<\/section>\n<!-- about-area-end -->\t\t<\/div>\n\t\t\t\t<\/div>\n\t\t\t\t\t<\/div>\n\t\t<\/div>\n\t\t\t\t\t<\/div>\n\t\t<\/section>\n\t\t\t\t<\/div>\n\t\t","protected":false},"excerpt":{"rendered":"","protected":false},"author":1,"featured_media":0,"parent":0,"menu_order":0,"comment_status":"closed","ping_status":"closed","template":"inside.php","meta":{"om_disable_all_campaigns":false,"_monsterinsights_skip_tracking":false,"_monsterinsights_sitenote_active":false,"_monsterinsights_sitenote_note":"","_monsterinsights_sitenote_category":0,"footnotes":""},"_links":{"self":[{"href":"https:\/\/gozeyapimarket.com\/index.php\/wp-json\/wp\/v2\/pages\/16"}],"collection":[{"href":"https:\/\/gozeyapimarket.com\/index.php\/wp-json\/wp\/v2\/pages"}],"about":[{"href":"https:\/\/gozeyapimarket.com\/index.php\/wp-json\/wp\/v2\/types\/page"}],"author":[{"embeddable":true,"href":"https:\/\/gozeyapimarket.com\/index.php\/wp-json\/wp\/v2\/users\/1"}],"replies":[{"embeddable":true,"href":"https:\/\/gozeyapimarket.com\/index.php\/wp-json\/wp\/v2\/comments?post=16"}],"version-history":[{"count":7,"href":"https:\/\/gozeyapimarket.com\/index.php\/wp-json\/wp\/v2\/pages\/16\/revisions"}],"predecessor-version":[{"id":3116,"href":"https:\/\/gozeyapimarket.com\/index.php\/wp-json\/wp\/v2\/pages\/16\/revisions\/3116"}],"wp:attachment":[{"href":"https:\/\/gozeyapimarket.com\/index.php\/wp-json\/wp\/v2\/media?parent=16"}],"curies":[{"name":"wp","href":"https:\/\/api.w.org\/{rel}","templated":true}]}}