{"id":29,"date":"2022-05-08T10:58:31","date_gmt":"2022-05-08T10:58:31","guid":{"rendered":"http:\/\/localhost\/indobi\/?page_id=29"},"modified":"2024-02-27T17:14:33","modified_gmt":"2024-02-27T14:14:33","slug":"iletisim","status":"publish","type":"page","link":"https:\/\/gozeyapimarket.com\/index.php\/iletisim\/","title":{"rendered":"\u0130leti\u015fim"},"content":{"rendered":"\t\t<div data-elementor-type=\"wp-page\" data-elementor-id=\"29\" class=\"elementor elementor-29\">\n\t\t\t\t\t\t<section class=\"elementor-section elementor-top-section elementor-element elementor-element-7396011 elementor-section-full_width elementor-section-height-default elementor-section-height-default\" data-id=\"7396011\" data-element_type=\"section\">\n\t\t\t\t\t\t<div class=\"elementor-container elementor-column-gap-no\">\n\t\t\t\t\t<div class=\"elementor-column elementor-col-100 elementor-top-column elementor-element elementor-element-9529b65\" data-id=\"9529b65\" data-element_type=\"column\">\n\t\t\t<div class=\"elementor-widget-wrap elementor-element-populated\">\n\t\t\t\t\t\t<div class=\"elementor-element elementor-element-ae38a44 elementor-widget elementor-widget-Elementor-contact-info\" data-id=\"ae38a44\" data-element_type=\"widget\" data-widget_type=\"Elementor-contact-info.default\">\n\t\t\t\t<div class=\"elementor-widget-container\">\n\t\t\t\n\n<!-- contact-area -->\n<section id=\"contact\" class=\"contact-area after-none contact-bg pt-120 pb-120 p-relative fix\">\n    <div class=\"container\">\n\n        <div class=\"row justify-content-center align-items-center\">\n\n             <div class=\"col-lg-4 order-1\">\n\n                <div class=\"contact-info\">\n                                                                   <div class=\"single-cta pb-30 mb-30 wow fadeInUp animated\" data-animation=\"fadeInDown animated\" data-delay=\".2s\">\n                            <div class=\"f-cta-icon\">\n                               <i class=\"far fa-map\"><\/i>\n                            <\/div>\n                             <h5>Adres - Telefon<\/h5>\n                                 <p>\u0130STEKS Sanayi Sitesi, B1 Blok No: 11-13-15 \n             \u0130kitelli Osb\/\u0130stanbul<\/p>\n<p>Telefon : (0212) 486 12 84<\/p>                        <\/div>\n                                            <div class=\"single-cta pb-30 mb-30 wow fadeInUp animated\" data-animation=\"fadeInDown animated\" data-delay=\".2s\">\n                            <div class=\"f-cta-icon\">\n                               <i class=\"far fa-clock\"><\/i>\n                            <\/div>\n                             <h5>\u00c7al\u0131\u015fma Saatleri<\/h5>\n                                 <p> Pazartesi - Cuma 08:30 - 18:00 <br> \n                                            Cumartesi 08:30 -15:30<\/p>                        <\/div>\n                                            <div class=\"single-cta pb-30 mb-30 wow fadeInUp animated\" data-animation=\"fadeInDown animated\" data-delay=\".2s\">\n                            <div class=\"f-cta-icon\">\n                               <i class=\"far fa-envelope-open\"><\/i>\n                            <\/div>\n                             <h5>Mail<\/h5>\n                                 <p> <a href=\"#\">info@gozeyapimarket.com<\/a><br>                        <\/div>\n                       \n                    \n                    <\/div>\t\t\t\t\t\t\t\n            <\/div>\n            <div class=\"col-lg-8 order-2\">\n                <div class=\"contact-bg02\">\n                    <div class=\"section-title center-align\">\n                        <h2>\n                          \u0130leti\u015fim                        <\/h2>\n                    <\/div>  \n                    <div class=\"contact-form mt-30\">\n                        \n<div class=\"wpcf7 no-js\" id=\"wpcf7-f2562-o1\" lang=\"en-US\" dir=\"ltr\">\n<div class=\"screen-reader-response\"><p role=\"status\" aria-live=\"polite\" aria-atomic=\"true\"><\/p> <ul><\/ul><\/div>\n<form action=\"\/index.php\/wp-json\/wp\/v2\/pages\/29#wpcf7-f2562-o1\" method=\"post\" class=\"wpcf7-form init\" aria-label=\"Contact form\" novalidate=\"novalidate\" data-status=\"init\">\n<div style=\"display: none;\">\n<input type=\"hidden\" name=\"_wpcf7\" value=\"2562\" \/>\n<input type=\"hidden\" name=\"_wpcf7_version\" value=\"5.8.7\" \/>\n<input type=\"hidden\" name=\"_wpcf7_locale\" value=\"en_US\" \/>\n<input type=\"hidden\" name=\"_wpcf7_unit_tag\" value=\"wpcf7-f2562-o1\" \/>\n<input type=\"hidden\" name=\"_wpcf7_container_post\" value=\"0\" \/>\n<input type=\"hidden\" name=\"_wpcf7_posted_data_hash\" value=\"\" \/>\n<\/div>\n<div class=\"row\">\n\t<div class=\"col-lg-6\">\n\t\t<div class=\"contact-field p-relative c-name mb-30\">\n\t\t\t<p><span class=\"wpcf7-form-control-wrap\" data-name=\"fname\"><input size=\"40\" class=\"wpcf7-form-control wpcf7-text wpcf7-validates-as-required\" aria-required=\"true\" aria-invalid=\"false\" placeholder=\"\u0130sim\" value=\"\" type=\"text\" name=\"fname\" \/><\/span>\n\t\t\t<\/p>\n\t\t<\/div>\n\t<\/div>\n\t<div class=\"col-lg-6\">\n\t\t<div class=\"contact-field p-relative c-email mb-20\">\n\t\t\t<p><span class=\"wpcf7-form-control-wrap\" data-name=\"lname\"><input size=\"40\" class=\"wpcf7-form-control wpcf7-text wpcf7-validates-as-required\" aria-required=\"true\" aria-invalid=\"false\" placeholder=\"Soy \u0130sim\" value=\"\" type=\"text\" name=\"lname\" \/><\/span>\n\t\t\t<\/p>\n\t\t<\/div>\n\t<\/div>\n\t<div class=\"col-lg-6\">\n\t\t<div class=\"contact-field p-relative c-subject mb-30\">\n\t\t\t<p><span class=\"wpcf7-form-control-wrap\" data-name=\"email\"><input size=\"40\" class=\"wpcf7-form-control wpcf7-email wpcf7-validates-as-required wpcf7-text wpcf7-validates-as-email\" aria-required=\"true\" aria-invalid=\"false\" placeholder=\"Email\" value=\"\" type=\"email\" name=\"email\" \/><\/span>\n\t\t\t<\/p>\n\t\t<\/div>\n\t<\/div>\n\t<div class=\"col-lg-6\">\n\t\t<div class=\"contact-field p-relative c-subject mb-30\">\n\t\t\t<p><span class=\"wpcf7-form-control-wrap\" data-name=\"tel\"><input size=\"40\" class=\"wpcf7-form-control wpcf7-tel wpcf7-validates-as-required wpcf7-text wpcf7-validates-as-tel\" aria-required=\"true\" aria-invalid=\"false\" placeholder=\"Telefon.\" value=\"\" type=\"tel\" name=\"tel\" \/><\/span>\n\t\t\t<\/p>\n\t\t<\/div>\n\t<\/div>\n\t<div class=\"col-lg-12\">\n\t\t<div class=\"contact-field p-relative c-message mb-30\">\n\t\t\t<p><span class=\"wpcf7-form-control-wrap\" data-name=\"message\"><textarea cols=\"40\" rows=\"10\" class=\"wpcf7-form-control wpcf7-textarea wpcf7-validates-as-required\" aria-required=\"true\" aria-invalid=\"false\" placeholder=\"Mesaj\u0131n\u0131z\" name=\"message\"><\/textarea><\/span>\n\t\t\t<\/p>\n\t\t<\/div>\n\t\t<div class=\"slider-btn text-center\">\n\t\t\t<p><input class=\"wpcf7-form-control wpcf7-submit has-spinner btn ss-btn active\" type=\"submit\" value=\"G\u00f6nder\" \/>\n\t\t\t<\/p>\n\t\t<\/div>\n\t<\/div>\n<\/div><div class=\"wpcf7-response-output\" aria-hidden=\"true\"><\/div>\n<\/form>\n<\/div>\n     \n                    <\/div>\n                <\/div>    \n\n            <\/div>\n        <\/div>\n\n    <\/div>\n\n<\/section>\n<!-- contact-area-end -->\t\t<\/div>\n\t\t\t\t<\/div>\n\t\t\t\t\t<\/div>\n\t\t<\/div>\n\t\t\t\t\t<\/div>\n\t\t<\/section>\n\t\t<div class=\"elementor-element elementor-element-737492c e-flex e-con-boxed e-con e-parent\" data-id=\"737492c\" data-element_type=\"container\" data-settings=\"{&quot;content_width&quot;:&quot;boxed&quot;}\" data-core-v316-plus=\"true\">\n\t\t\t\t\t<div class=\"e-con-inner\">\n\t\t\t\t<div class=\"elementor-element elementor-element-8fda79b elementor-widget elementor-widget-google_maps\" data-id=\"8fda79b\" data-element_type=\"widget\" data-widget_type=\"google_maps.default\">\n\t\t\t\t<div class=\"elementor-widget-container\">\n\t\t\t<style>\/*! elementor - v3.19.0 - 07-02-2024 *\/\n.elementor-widget-google_maps .elementor-widget-container{overflow:hidden}.elementor-widget-google_maps .elementor-custom-embed{line-height:0}.elementor-widget-google_maps iframe{height:300px}<\/style>\t\t<div class=\"elementor-custom-embed\">\n\t\t\t<iframe loading=\"lazy\"\n\t\t\t\t\tsrc=\"https:\/\/maps.google.com\/maps?q=%C4%B0STEKS%20Sanayi%20Sitesi%2C%20B1%20Blok%20No%3A%2011-13-15%2C%2034490%20%C4%B0kitelli%20Osb%2FBa%C5%9Fak%C5%9Fehir%2F%C4%B0stanbul&#038;t=m&#038;z=14&#038;output=embed&#038;iwloc=near\"\n\t\t\t\t\ttitle=\"\u0130STEKS Sanayi Sitesi, B1 Blok No: 11-13-15, 34490 \u0130kitelli Osb\/Ba\u015fak\u015fehir\/\u0130stanbul\"\n\t\t\t\t\taria-label=\"\u0130STEKS Sanayi Sitesi, B1 Blok No: 11-13-15, 34490 \u0130kitelli Osb\/Ba\u015fak\u015fehir\/\u0130stanbul\"\n\t\t\t><\/iframe>\n\t\t<\/div>\n\t\t\t\t<\/div>\n\t\t\t\t<\/div>\n\t\t\t\t\t<\/div>\n\t\t\t\t<\/div>\n\t\t\t\t<\/div>\n\t\t","protected":false},"excerpt":{"rendered":"","protected":false},"author":1,"featured_media":0,"parent":0,"menu_order":0,"comment_status":"closed","ping_status":"closed","template":"inside.php","meta":{"om_disable_all_campaigns":false,"_monsterinsights_skip_tracking":false,"_monsterinsights_sitenote_active":false,"_monsterinsights_sitenote_note":"","_monsterinsights_sitenote_category":0,"footnotes":""},"_links":{"self":[{"href":"https:\/\/gozeyapimarket.com\/index.php\/wp-json\/wp\/v2\/pages\/29"}],"collection":[{"href":"https:\/\/gozeyapimarket.com\/index.php\/wp-json\/wp\/v2\/pages"}],"about":[{"href":"https:\/\/gozeyapimarket.com\/index.php\/wp-json\/wp\/v2\/types\/page"}],"author":[{"embeddable":true,"href":"https:\/\/gozeyapimarket.com\/index.php\/wp-json\/wp\/v2\/users\/1"}],"replies":[{"embeddable":true,"href":"https:\/\/gozeyapimarket.com\/index.php\/wp-json\/wp\/v2\/comments?post=29"}],"version-history":[{"count":25,"href":"https:\/\/gozeyapimarket.com\/index.php\/wp-json\/wp\/v2\/pages\/29\/revisions"}],"predecessor-version":[{"id":3196,"href":"https:\/\/gozeyapimarket.com\/index.php\/wp-json\/wp\/v2\/pages\/29\/revisions\/3196"}],"wp:attachment":[{"href":"https:\/\/gozeyapimarket.com\/index.php\/wp-json\/wp\/v2\/media?parent=29"}],"curies":[{"name":"wp","href":"https:\/\/api.w.org\/{rel}","templated":true}]}}