{"id":3061,"date":"2024-02-23T09:22:35","date_gmt":"2024-02-23T06:22:35","guid":{"rendered":"https:\/\/simgeyapimarket.com\/?page_id=3061"},"modified":"2024-02-23T09:50:44","modified_gmt":"2024-02-23T06:50:44","slug":"urunler","status":"publish","type":"page","link":"https:\/\/gozeyapimarket.com\/index.php\/urunler\/","title":{"rendered":"\u00dcr\u00fcnler"},"content":{"rendered":"\t\t<div data-elementor-type=\"wp-page\" data-elementor-id=\"3061\" class=\"elementor elementor-3061\">\n\t\t\t\t<div class=\"elementor-element elementor-element-6554458 e-flex e-con-boxed e-con e-parent\" data-id=\"6554458\" data-element_type=\"container\" data-settings=\"{&quot;content_width&quot;:&quot;boxed&quot;}\" data-core-v316-plus=\"true\">\n\t\t\t\t\t<div class=\"e-con-inner\">\n\t\t\t\t<div class=\"elementor-element elementor-element-9615786 elementor-widget elementor-widget-heading\" data-id=\"9615786\" data-element_type=\"widget\" data-widget_type=\"heading.default\">\n\t\t\t\t<div class=\"elementor-widget-container\">\n\t\t\t<style>\/*! elementor - v3.19.0 - 07-02-2024 *\/\n.elementor-heading-title{padding:0;margin:0;line-height:1}.elementor-widget-heading .elementor-heading-title[class*=elementor-size-]>a{color:inherit;font-size:inherit;line-height:inherit}.elementor-widget-heading .elementor-heading-title.elementor-size-small{font-size:15px}.elementor-widget-heading .elementor-heading-title.elementor-size-medium{font-size:19px}.elementor-widget-heading .elementor-heading-title.elementor-size-large{font-size:29px}.elementor-widget-heading .elementor-heading-title.elementor-size-xl{font-size:39px}.elementor-widget-heading .elementor-heading-title.elementor-size-xxl{font-size:59px}<\/style><h2 class=\"elementor-heading-title elementor-size-default\">\u00dcr\u00fcn Grubu<\/h2>\t\t<\/div>\n\t\t\t\t<\/div>\n\t\t\t\t\t<\/div>\n\t\t\t\t<\/div>\n\t\t<div class=\"elementor-element elementor-element-41bb51e e-flex e-con-boxed e-con e-parent\" data-id=\"41bb51e\" data-element_type=\"container\" data-settings=\"{&quot;content_width&quot;:&quot;boxed&quot;}\" data-core-v316-plus=\"true\">\n\t\t\t\t\t<div class=\"e-con-inner\">\n\t\t<div class=\"elementor-element elementor-element-eda99db e-con-full e-flex e-con e-child\" data-id=\"eda99db\" data-element_type=\"container\" data-settings=\"{&quot;content_width&quot;:&quot;full&quot;}\">\n\t\t\t\t<\/div>\n\t\t<div class=\"elementor-element elementor-element-474ad5d e-con-full e-flex e-con e-child\" data-id=\"474ad5d\" data-element_type=\"container\" data-settings=\"{&quot;content_width&quot;:&quot;full&quot;}\">\n\t\t\t\t<\/div>\n\t\t<div class=\"elementor-element elementor-element-15adb97 e-con-full e-flex e-con e-child\" data-id=\"15adb97\" data-element_type=\"container\" data-settings=\"{&quot;content_width&quot;:&quot;full&quot;}\">\n\t\t\t\t<\/div>\n\t\t<div class=\"elementor-element elementor-element-10aa6e8 e-con-full e-flex e-con e-child\" data-id=\"10aa6e8\" data-element_type=\"container\" data-settings=\"{&quot;content_width&quot;:&quot;full&quot;}\">\n\t\t\t\t<\/div>\n\t\t\t\t<div class=\"elementor-element elementor-element-dc19fbd elementor-widget elementor-widget-image\" data-id=\"dc19fbd\" data-element_type=\"widget\" data-widget_type=\"image.default\">\n\t\t\t\t<div class=\"elementor-widget-container\">\n\t\t\t<style>\/*! elementor - v3.19.0 - 07-02-2024 *\/\n.elementor-widget-image{text-align:center}.elementor-widget-image a{display:inline-block}.elementor-widget-image a img[src$=\".svg\"]{width:48px}.elementor-widget-image img{vertical-align:middle;display:inline-block}<\/style>\t\t\t\t\t\t\t<figure class=\"wp-caption\">\n\t\t\t\t\t\t\t\t\t\t<img fetchpriority=\"high\" decoding=\"async\" width=\"300\" height=\"190\" src=\"https:\/\/gozeyapimarket.com\/wp-content\/uploads\/2022\/05\/insaat-malzemeleri-300x190.jpg\" class=\"attachment-medium size-medium wp-image-2956\" alt=\"\" srcset=\"https:\/\/gozeyapimarket.com\/wp-content\/uploads\/2022\/05\/insaat-malzemeleri-300x190.jpg 300w, https:\/\/gozeyapimarket.com\/wp-content\/uploads\/2022\/05\/insaat-malzemeleri.jpg 512w\" sizes=\"(max-width: 300px) 100vw, 300px\" \/>\t\t\t\t\t\t\t\t\t\t\t<figcaption class=\"widget-image-caption wp-caption-text\">\u0130n\u015faat Malzemeleri<\/figcaption>\n\t\t\t\t\t\t\t\t\t\t<\/figure>\n\t\t\t\t\t\t\t<\/div>\n\t\t\t\t<\/div>\n\t\t\t\t<div class=\"elementor-element elementor-element-d4be072 elementor-widget elementor-widget-image\" data-id=\"d4be072\" data-element_type=\"widget\" data-widget_type=\"image.default\">\n\t\t\t\t<div class=\"elementor-widget-container\">\n\t\t\t\t\t\t\t\t\t\t<figure class=\"wp-caption\">\n\t\t\t\t\t\t\t\t\t\t<img decoding=\"async\" width=\"300\" height=\"202\" src=\"https:\/\/gozeyapimarket.com\/wp-content\/uploads\/2024\/02\/kisisel-koruyucu-ekipman-testleri-300x202.jpg\" class=\"attachment-medium size-medium wp-image-3069\" alt=\"\" srcset=\"https:\/\/gozeyapimarket.com\/wp-content\/uploads\/2024\/02\/kisisel-koruyucu-ekipman-testleri-300x202.jpg 300w, https:\/\/gozeyapimarket.com\/wp-content\/uploads\/2024\/02\/kisisel-koruyucu-ekipman-testleri.jpg 700w\" sizes=\"(max-width: 300px) 100vw, 300px\" \/>\t\t\t\t\t\t\t\t\t\t\t<figcaption class=\"widget-image-caption wp-caption-text\">Koruyucu Ekipman<\/figcaption>\n\t\t\t\t\t\t\t\t\t\t<\/figure>\n\t\t\t\t\t\t\t<\/div>\n\t\t\t\t<\/div>\n\t\t\t\t<div class=\"elementor-element elementor-element-5c1bede elementor-widget elementor-widget-image\" data-id=\"5c1bede\" data-element_type=\"widget\" data-widget_type=\"image.default\">\n\t\t\t\t<div class=\"elementor-widget-container\">\n\t\t\t\t\t\t\t\t\t\t<figure class=\"wp-caption\">\n\t\t\t\t\t\t\t\t\t\t<img decoding=\"async\" width=\"300\" height=\"225\" src=\"https:\/\/gozeyapimarket.com\/wp-content\/uploads\/2024\/02\/Santiye-Mobilizasyon-300x225.jpg\" class=\"attachment-medium size-medium wp-image-3073\" alt=\"\" srcset=\"https:\/\/gozeyapimarket.com\/wp-content\/uploads\/2024\/02\/Santiye-Mobilizasyon-300x225.jpg 300w, https:\/\/gozeyapimarket.com\/wp-content\/uploads\/2024\/02\/Santiye-Mobilizasyon-768x576.jpg 768w, https:\/\/gozeyapimarket.com\/wp-content\/uploads\/2024\/02\/Santiye-Mobilizasyon.jpg 960w\" sizes=\"(max-width: 300px) 100vw, 300px\" \/>\t\t\t\t\t\t\t\t\t\t\t<figcaption class=\"widget-image-caption wp-caption-text\">\u015eantiye Mobilizasyon<\/figcaption>\n\t\t\t\t\t\t\t\t\t\t<\/figure>\n\t\t\t\t\t\t\t<\/div>\n\t\t\t\t<\/div>\n\t\t\t\t<div class=\"elementor-element elementor-element-997e96f elementor-widget elementor-widget-image\" data-id=\"997e96f\" data-element_type=\"widget\" data-widget_type=\"image.default\">\n\t\t\t\t<div class=\"elementor-widget-container\">\n\t\t\t\t\t\t\t\t\t\t<figure class=\"wp-caption\">\n\t\t\t\t\t\t\t\t\t\t<img loading=\"lazy\" decoding=\"async\" width=\"300\" height=\"169\" src=\"https:\/\/gozeyapimarket.com\/wp-content\/uploads\/2022\/05\/hirdavat-300x169.jpg\" class=\"attachment-medium size-medium wp-image-3057\" alt=\"\" srcset=\"https:\/\/gozeyapimarket.com\/wp-content\/uploads\/2022\/05\/hirdavat-300x169.jpg 300w, https:\/\/gozeyapimarket.com\/wp-content\/uploads\/2022\/05\/hirdavat-1024x576.jpg 1024w, https:\/\/gozeyapimarket.com\/wp-content\/uploads\/2022\/05\/hirdavat-768x432.jpg 768w, https:\/\/gozeyapimarket.com\/wp-content\/uploads\/2022\/05\/hirdavat-1536x865.jpg 1536w, https:\/\/gozeyapimarket.com\/wp-content\/uploads\/2022\/05\/hirdavat.jpg 1780w\" sizes=\"(max-width: 300px) 100vw, 300px\" \/>\t\t\t\t\t\t\t\t\t\t\t<figcaption class=\"widget-image-caption wp-caption-text\">H\u0131rdavat \u00dcr\u00fcnleri<\/figcaption>\n\t\t\t\t\t\t\t\t\t\t<\/figure>\n\t\t\t\t\t\t\t<\/div>\n\t\t\t\t<\/div>\n\t\t\t\t<div class=\"elementor-element elementor-element-62c33ba elementor-widget elementor-widget-image\" data-id=\"62c33ba\" data-element_type=\"widget\" data-widget_type=\"image.default\">\n\t\t\t\t<div class=\"elementor-widget-container\">\n\t\t\t\t\t\t\t\t\t\t<figure class=\"wp-caption\">\n\t\t\t\t\t\t\t\t\t\t<img loading=\"lazy\" decoding=\"async\" width=\"300\" height=\"158\" src=\"https:\/\/gozeyapimarket.com\/wp-content\/uploads\/2022\/05\/elektrik-panolari-02-300x158.jpg\" class=\"attachment-medium size-medium wp-image-3054\" alt=\"\" srcset=\"https:\/\/gozeyapimarket.com\/wp-content\/uploads\/2022\/05\/elektrik-panolari-02-300x158.jpg 300w, https:\/\/gozeyapimarket.com\/wp-content\/uploads\/2022\/05\/elektrik-panolari-02-768x404.jpg 768w, https:\/\/gozeyapimarket.com\/wp-content\/uploads\/2022\/05\/elektrik-panolari-02.jpg 950w\" sizes=\"(max-width: 300px) 100vw, 300px\" \/>\t\t\t\t\t\t\t\t\t\t\t<figcaption class=\"widget-image-caption wp-caption-text\">Elektrik Panolar\u0131<\/figcaption>\n\t\t\t\t\t\t\t\t\t\t<\/figure>\n\t\t\t\t\t\t\t<\/div>\n\t\t\t\t<\/div>\n\t\t\t\t<div class=\"elementor-element elementor-element-1154bea elementor-widget elementor-widget-image\" data-id=\"1154bea\" data-element_type=\"widget\" data-widget_type=\"image.default\">\n\t\t\t\t<div class=\"elementor-widget-container\">\n\t\t\t\t\t\t\t\t\t\t<figure class=\"wp-caption\">\n\t\t\t\t\t\t\t\t\t\t<img loading=\"lazy\" decoding=\"async\" width=\"300\" height=\"276\" src=\"https:\/\/gozeyapimarket.com\/wp-content\/uploads\/2022\/05\/elektrik-3-300x276.jpg\" class=\"attachment-medium size-medium wp-image-3050\" alt=\"\" srcset=\"https:\/\/gozeyapimarket.com\/wp-content\/uploads\/2022\/05\/elektrik-3-300x276.jpg 300w, https:\/\/gozeyapimarket.com\/wp-content\/uploads\/2022\/05\/elektrik-3.jpg 512w\" sizes=\"(max-width: 300px) 100vw, 300px\" \/>\t\t\t\t\t\t\t\t\t\t\t<figcaption class=\"widget-image-caption wp-caption-text\">Elektrik Ayd\u0131nlatma<\/figcaption>\n\t\t\t\t\t\t\t\t\t\t<\/figure>\n\t\t\t\t\t\t\t<\/div>\n\t\t\t\t<\/div>\n\t\t\t\t<div class=\"elementor-element elementor-element-45d58fe elementor-widget elementor-widget-image\" data-id=\"45d58fe\" data-element_type=\"widget\" data-widget_type=\"image.default\">\n\t\t\t\t<div class=\"elementor-widget-container\">\n\t\t\t\t\t\t\t\t\t\t<figure class=\"wp-caption\">\n\t\t\t\t\t\t\t\t\t\t<img loading=\"lazy\" decoding=\"async\" width=\"300\" height=\"142\" src=\"https:\/\/gozeyapimarket.com\/wp-content\/uploads\/2022\/05\/elektrik-2-300x142.jpg\" class=\"attachment-medium size-medium wp-image-3051\" alt=\"\" srcset=\"https:\/\/gozeyapimarket.com\/wp-content\/uploads\/2022\/05\/elektrik-2-300x142.jpg 300w, https:\/\/gozeyapimarket.com\/wp-content\/uploads\/2022\/05\/elektrik-2.jpg 510w\" sizes=\"(max-width: 300px) 100vw, 300px\" \/>\t\t\t\t\t\t\t\t\t\t\t<figcaption class=\"widget-image-caption wp-caption-text\">Elektrik \u015ealter Priz Anahtar Grubu<\/figcaption>\n\t\t\t\t\t\t\t\t\t\t<\/figure>\n\t\t\t\t\t\t\t<\/div>\n\t\t\t\t<\/div>\n\t\t\t\t<div class=\"elementor-element elementor-element-1db8cbc elementor-widget elementor-widget-image\" data-id=\"1db8cbc\" data-element_type=\"widget\" data-widget_type=\"image.default\">\n\t\t\t\t<div class=\"elementor-widget-container\">\n\t\t\t\t\t\t\t\t\t\t<figure class=\"wp-caption\">\n\t\t\t\t\t\t\t\t\t\t<img loading=\"lazy\" decoding=\"async\" width=\"300\" height=\"186\" src=\"https:\/\/gozeyapimarket.com\/wp-content\/uploads\/2022\/05\/kablo-300x186.jpg\" class=\"attachment-medium size-medium wp-image-3052\" alt=\"\" srcset=\"https:\/\/gozeyapimarket.com\/wp-content\/uploads\/2022\/05\/kablo-300x186.jpg 300w, https:\/\/gozeyapimarket.com\/wp-content\/uploads\/2022\/05\/kablo-768x477.jpg 768w, https:\/\/gozeyapimarket.com\/wp-content\/uploads\/2022\/05\/kablo.jpg 1024w\" sizes=\"(max-width: 300px) 100vw, 300px\" \/>\t\t\t\t\t\t\t\t\t\t\t<figcaption class=\"widget-image-caption wp-caption-text\">Kablo<\/figcaption>\n\t\t\t\t\t\t\t\t\t\t<\/figure>\n\t\t\t\t\t\t\t<\/div>\n\t\t\t\t<\/div>\n\t\t\t\t<div class=\"elementor-element elementor-element-b86263c elementor-widget elementor-widget-image\" data-id=\"b86263c\" data-element_type=\"widget\" data-widget_type=\"image.default\">\n\t\t\t\t<div class=\"elementor-widget-container\">\n\t\t\t\t\t\t\t\t\t\t<figure class=\"wp-caption\">\n\t\t\t\t\t\t\t\t\t\t<img loading=\"lazy\" decoding=\"async\" width=\"300\" height=\"200\" src=\"https:\/\/gozeyapimarket.com\/wp-content\/uploads\/2024\/02\/Boya-ve-Yapi-Kimyasallari-300x200.jpg\" class=\"attachment-medium size-medium wp-image-3098\" alt=\"\" srcset=\"https:\/\/gozeyapimarket.com\/wp-content\/uploads\/2024\/02\/Boya-ve-Yapi-Kimyasallari-300x200.jpg 300w, https:\/\/gozeyapimarket.com\/wp-content\/uploads\/2024\/02\/Boya-ve-Yapi-Kimyasallari-1024x682.jpg 1024w, https:\/\/gozeyapimarket.com\/wp-content\/uploads\/2024\/02\/Boya-ve-Yapi-Kimyasallari-768x511.jpg 768w, https:\/\/gozeyapimarket.com\/wp-content\/uploads\/2024\/02\/Boya-ve-Yapi-Kimyasallari.jpg 1200w\" sizes=\"(max-width: 300px) 100vw, 300px\" \/>\t\t\t\t\t\t\t\t\t\t\t<figcaption class=\"widget-image-caption wp-caption-text\">Boya ve Yap\u0131 Kimyasallar\u0131<\/figcaption>\n\t\t\t\t\t\t\t\t\t\t<\/figure>\n\t\t\t\t\t\t\t<\/div>\n\t\t\t\t<\/div>\n\t\t\t\t<div class=\"elementor-element elementor-element-998ee17 elementor-widget elementor-widget-image\" data-id=\"998ee17\" data-element_type=\"widget\" data-widget_type=\"image.default\">\n\t\t\t\t<div class=\"elementor-widget-container\">\n\t\t\t\t\t\t\t\t\t\t<figure class=\"wp-caption\">\n\t\t\t\t\t\t\t\t\t\t<img loading=\"lazy\" decoding=\"async\" width=\"300\" height=\"201\" src=\"https:\/\/gozeyapimarket.com\/wp-content\/uploads\/2024\/02\/Test-ve-Olcu-Aletleri-300x201.png\" class=\"attachment-medium size-medium wp-image-3102\" alt=\"\" srcset=\"https:\/\/gozeyapimarket.com\/wp-content\/uploads\/2024\/02\/Test-ve-Olcu-Aletleri-300x201.png 300w, https:\/\/gozeyapimarket.com\/wp-content\/uploads\/2024\/02\/Test-ve-Olcu-Aletleri.png 500w\" sizes=\"(max-width: 300px) 100vw, 300px\" \/>\t\t\t\t\t\t\t\t\t\t\t<figcaption class=\"widget-image-caption wp-caption-text\">Test ve \u00d6l\u00e7\u00fc Aletleri<\/figcaption>\n\t\t\t\t\t\t\t\t\t\t<\/figure>\n\t\t\t\t\t\t\t<\/div>\n\t\t\t\t<\/div>\n\t\t\t\t<div class=\"elementor-element elementor-element-f48b649 elementor-widget elementor-widget-image\" data-id=\"f48b649\" data-element_type=\"widget\" data-widget_type=\"image.default\">\n\t\t\t\t<div class=\"elementor-widget-container\">\n\t\t\t\t\t\t\t\t\t\t<figure class=\"wp-caption\">\n\t\t\t\t\t\t\t\t\t\t<img loading=\"lazy\" decoding=\"async\" width=\"300\" height=\"225\" src=\"https:\/\/gozeyapimarket.com\/wp-content\/uploads\/2024\/02\/Tesisat-Malzemeleri-300x225.jpg\" class=\"attachment-medium size-medium wp-image-3106\" alt=\"\" srcset=\"https:\/\/gozeyapimarket.com\/wp-content\/uploads\/2024\/02\/Tesisat-Malzemeleri-300x225.jpg 300w, https:\/\/gozeyapimarket.com\/wp-content\/uploads\/2024\/02\/Tesisat-Malzemeleri.jpg 700w\" sizes=\"(max-width: 300px) 100vw, 300px\" \/>\t\t\t\t\t\t\t\t\t\t\t<figcaption class=\"widget-image-caption wp-caption-text\">Tesisat Malzemeleri<\/figcaption>\n\t\t\t\t\t\t\t\t\t\t<\/figure>\n\t\t\t\t\t\t\t<\/div>\n\t\t\t\t<\/div>\n\t\t\t\t<div class=\"elementor-element elementor-element-f979379 elementor-widget elementor-widget-image\" data-id=\"f979379\" data-element_type=\"widget\" data-widget_type=\"image.default\">\n\t\t\t\t<div class=\"elementor-widget-container\">\n\t\t\t\t\t\t\t\t\t\t<figure class=\"wp-caption\">\n\t\t\t\t\t\t\t\t\t\t<img loading=\"lazy\" decoding=\"async\" width=\"300\" height=\"300\" src=\"https:\/\/gozeyapimarket.com\/wp-content\/uploads\/2022\/05\/hirdavat-urunleri-online-satis-300x300.png\" class=\"attachment-medium size-medium wp-image-3056\" alt=\"\" srcset=\"https:\/\/gozeyapimarket.com\/wp-content\/uploads\/2022\/05\/hirdavat-urunleri-online-satis-300x300.png 300w, https:\/\/gozeyapimarket.com\/wp-content\/uploads\/2022\/05\/hirdavat-urunleri-online-satis-150x150.png 150w, https:\/\/gozeyapimarket.com\/wp-content\/uploads\/2022\/05\/hirdavat-urunleri-online-satis.png 500w\" sizes=\"(max-width: 300px) 100vw, 300px\" \/>\t\t\t\t\t\t\t\t\t\t\t<figcaption class=\"widget-image-caption wp-caption-text\">El Aletleri<\/figcaption>\n\t\t\t\t\t\t\t\t\t\t<\/figure>\n\t\t\t\t\t\t\t<\/div>\n\t\t\t\t<\/div>\n\t\t\t\t\t<\/div>\n\t\t\t\t<\/div>\n\t\t\t\t<\/div>\n\t\t","protected":false},"excerpt":{"rendered":"<p>\u00dcr\u00fcn Grubu \u0130n\u015faat Malzemeleri Koruyucu Ekipman \u015eantiye Mobilizasyon H\u0131rdavat \u00dcr\u00fcnleri Elektrik Panolar\u0131 Elektrik Ayd\u0131nlatma Elektrik \u015ealter Priz Anahtar Grubu Kablo Boya ve Yap\u0131 Kimyasallar\u0131 Test ve \u00d6l\u00e7\u00fc Aletleri Tesisat Malzemeleri El Aletleri<\/p>\n","protected":false},"author":1,"featured_media":0,"parent":0,"menu_order":0,"comment_status":"closed","ping_status":"closed","template":"","meta":{"om_disable_all_campaigns":false,"_monsterinsights_skip_tracking":false,"_monsterinsights_sitenote_active":false,"_monsterinsights_sitenote_note":"","_monsterinsights_sitenote_category":0,"footnotes":""},"_links":{"self":[{"href":"https:\/\/gozeyapimarket.com\/index.php\/wp-json\/wp\/v2\/pages\/3061"}],"collection":[{"href":"https:\/\/gozeyapimarket.com\/index.php\/wp-json\/wp\/v2\/pages"}],"about":[{"href":"https:\/\/gozeyapimarket.com\/index.php\/wp-json\/wp\/v2\/types\/page"}],"author":[{"embeddable":true,"href":"https:\/\/gozeyapimarket.com\/index.php\/wp-json\/wp\/v2\/users\/1"}],"replies":[{"embeddable":true,"href":"https:\/\/gozeyapimarket.com\/index.php\/wp-json\/wp\/v2\/comments?post=3061"}],"version-history":[{"count":40,"href":"https:\/\/gozeyapimarket.com\/index.php\/wp-json\/wp\/v2\/pages\/3061\/revisions"}],"predecessor-version":[{"id":3109,"href":"https:\/\/gozeyapimarket.com\/index.php\/wp-json\/wp\/v2\/pages\/3061\/revisions\/3109"}],"wp:attachment":[{"href":"https:\/\/gozeyapimarket.com\/index.php\/wp-json\/wp\/v2\/media?parent=3061"}],"curies":[{"name":"wp","href":"https:\/\/api.w.org\/{rel}","templated":true}]}}