{"id":3150,"date":"2024-02-26T10:13:24","date_gmt":"2024-02-26T07:13:24","guid":{"rendered":"https:\/\/simgeyapimarket.com\/?page_id=3150"},"modified":"2024-05-21T13:45:38","modified_gmt":"2024-05-21T10:45:38","slug":"kariyer","status":"publish","type":"page","link":"https:\/\/gozeyapimarket.com\/index.php\/kariyer\/","title":{"rendered":"Kariyer"},"content":{"rendered":"\t\t<div data-elementor-type=\"wp-page\" data-elementor-id=\"3150\" class=\"elementor elementor-3150\">\n\t\t\t\t\t\t<section class=\"elementor-section elementor-top-section elementor-element elementor-element-74a0bcc elementor-section-full_width elementor-section-height-default elementor-section-height-default\" data-id=\"74a0bcc\" data-element_type=\"section\">\n\t\t\t\t\t\t<div class=\"elementor-container elementor-column-gap-no\">\n\t\t\t\t\t<div class=\"elementor-column elementor-col-100 elementor-top-column elementor-element elementor-element-0188452\" data-id=\"0188452\" data-element_type=\"column\">\n\t\t\t<div class=\"elementor-widget-wrap elementor-element-populated\">\n\t\t\t\t\t\t<div class=\"elementor-element elementor-element-30c7b53 elementor-widget elementor-widget-Elementor-About-widget\" data-id=\"30c7b53\" data-element_type=\"widget\" data-widget_type=\"Elementor-About-widget.default\">\n\t\t\t\t<div class=\"elementor-widget-container\">\n\t\t\t<!-- about-area -->\n<section class=\"about-area about-p pt-120 pb-120 p-relative fix\">\n    <div class=\"container\">\n        <div class=\"row justify-content-center align-items-center\">\n             <div class=\"col-lg-6 col-md-12 col-sm-12\">\n                <div class=\"s-about-img p-relative  wow fadeInLeft animated\" data-animation=\"fadeInLeft\" data-delay=\".4s\">\n                     <img decoding=\"async\" src=\"https:\/\/wordpress.zcube.in\/indobi\/wp-content\/uploads\/2022\/05\/about_img.png\" alt=\"https:\/\/wordpress.zcube.in\/indobi\/wp-content\/uploads\/2022\/05\/about_img.png\">  \n                   <div class=\"about-text second-about\">\n                       <span>25 <sub>+<\/sub><\/span>\n                        <p>Y\u0131ll\u0131k Tecr\u00fcbe ve G\u00fcven<\/p>                        \n                    <\/div>\n                <\/div>\n\n            <\/div>\n\n        <div class=\"col-lg-6 col-md-12 col-sm-12\">\n                <div class=\"about-content s-about-content pl-30 wow fadeInRight  animated\" data-animation=\"fadeInRight\" data-delay=\".4s\">\n                    <div class=\"about-title second-title pb-25\">  \n                        <h2>Simge Yap\u0131 Market<\/h2>                      \n                    <\/div>\n                      <p>Simge Yap\u0131 Market tam 25 Y\u0131ld\u0131r, nitelikli \"\u0130nsan Kaynaklar\u0131\" portf\u00f6y\u00fcne ihtiya\u00e7 duyar, sizde Simge Yap\u0131 Market ekibine kat\u0131lmak i\u00e7in l\u00fctfen a\u015fa\u011f\u0131daki formu doldurunuz. Niteliklerinize uygun pozisyonlar do\u011fmas\u0131 halinde sizlerle irtibata ge\u00e7ilecektir. \u0130lginiz i\u00e7in te\u015fekk\u00fcrler.<p>\n\n                                                      <p>Her ge\u00e7en g\u00fcn b\u00fcy\u00fcmekte ve geli\u015fmekte olan h\u0131rdavat sekt\u00f6r\u00fcnde kariyer yapmak ister misin ?<p> \n                     <div class=\"slider-btn mt-20\">                                          \n                       <a href=\"https:\/\/simgeyapimarket.com\/index.php\/iletisim\/\" class=\"btn ss-btn\">\u0130leti\u015fim<\/a>\t\t\t\t\t\t\n                    <\/div>\n                <\/div>\n            <\/div>\n\n        <\/div>\n    <\/div>\n<\/section>\n<!-- about-area-end -->\t\t<\/div>\n\t\t\t\t<\/div>\n\t\t\t\t\t<\/div>\n\t\t<\/div>\n\t\t\t\t\t<\/div>\n\t\t<\/section>\n\t\t<div class=\"elementor-element elementor-element-66c3d8b e-flex e-con-boxed e-con e-parent\" data-id=\"66c3d8b\" data-element_type=\"container\" data-settings=\"{&quot;content_width&quot;:&quot;boxed&quot;}\" data-core-v316-plus=\"true\">\n\t\t\t\t\t<div class=\"e-con-inner\">\n\t\t<div class=\"elementor-element elementor-element-e1a3b1f e-con-full e-flex e-con e-child\" data-id=\"e1a3b1f\" data-element_type=\"container\" data-settings=\"{&quot;content_width&quot;:&quot;full&quot;}\">\n\t\t\t\t<div class=\"elementor-element elementor-element-471381c elementor-widget elementor-widget-image\" data-id=\"471381c\" data-element_type=\"widget\" data-widget_type=\"image.default\">\n\t\t\t\t<div class=\"elementor-widget-container\">\n\t\t\t<style>\/*! elementor - v3.19.0 - 07-02-2024 *\/\n.elementor-widget-image{text-align:center}.elementor-widget-image a{display:inline-block}.elementor-widget-image a img[src$=\".svg\"]{width:48px}.elementor-widget-image img{vertical-align:middle;display:inline-block}<\/style>\t\t\t\t\t\t\t\t\t\t<img fetchpriority=\"high\" decoding=\"async\" width=\"640\" height=\"640\" src=\"https:\/\/gozeyapimarket.com\/wp-content\/uploads\/2022\/05\/services-1.png\" class=\"attachment-large size-large wp-image-2702\" alt=\"\" srcset=\"https:\/\/gozeyapimarket.com\/wp-content\/uploads\/2022\/05\/services-1.png 740w, https:\/\/gozeyapimarket.com\/wp-content\/uploads\/2022\/05\/services-1-300x300.png 300w, https:\/\/gozeyapimarket.com\/wp-content\/uploads\/2022\/05\/services-1-150x150.png 150w\" sizes=\"(max-width: 640px) 100vw, 640px\" \/>\t\t\t\t\t\t\t\t\t\t\t\t\t<\/div>\n\t\t\t\t<\/div>\n\t\t\t\t<\/div>\n\t\t<div class=\"elementor-element elementor-element-42fbd98 e-con-full e-flex e-con e-child\" data-id=\"42fbd98\" data-element_type=\"container\" data-settings=\"{&quot;content_width&quot;:&quot;full&quot;}\">\n\t\t\t\t<div class=\"elementor-element elementor-element-afe3285 elementor-widget elementor-widget-text-editor\" data-id=\"afe3285\" data-element_type=\"widget\" data-widget_type=\"text-editor.default\">\n\t\t\t\t<div class=\"elementor-widget-container\">\n\t\t\t<style>\/*! elementor - v3.19.0 - 07-02-2024 *\/\n.elementor-widget-text-editor.elementor-drop-cap-view-stacked .elementor-drop-cap{background-color:#69727d;color:#fff}.elementor-widget-text-editor.elementor-drop-cap-view-framed .elementor-drop-cap{color:#69727d;border:3px solid;background-color:transparent}.elementor-widget-text-editor:not(.elementor-drop-cap-view-default) .elementor-drop-cap{margin-top:8px}.elementor-widget-text-editor:not(.elementor-drop-cap-view-default) .elementor-drop-cap-letter{width:1em;height:1em}.elementor-widget-text-editor .elementor-drop-cap{float:left;text-align:center;line-height:1;font-size:50px}.elementor-widget-text-editor .elementor-drop-cap-letter{display:inline-block}<\/style>\t\t\t\t<p>A\u00c7IK POS\u0130ZYONLARIMIZ<\/p><p>\u00a0<\/p><ul><li>\u00d6N MUHASEBE<\/li><li>\u015eOF\u00d6R<\/li><li>SATI\u015e DANI\u015eMANI<\/li><\/ul>\t\t\t\t\t\t<\/div>\n\t\t\t\t<\/div>\n\t\t\t\t<\/div>\n\t\t\t\t\t<\/div>\n\t\t\t\t<\/div>\n\t\t\t\t<section class=\"elementor-section elementor-top-section elementor-element elementor-element-2ec27c8 elementor-section-full_width pt-120 elementor-section-height-default elementor-section-height-default\" data-id=\"2ec27c8\" data-element_type=\"section\">\n\t\t\t\t\t\t<div class=\"elementor-container elementor-column-gap-no\">\n\t\t\t\t\t<div class=\"elementor-column elementor-col-100 elementor-top-column elementor-element elementor-element-e8b03f0\" data-id=\"e8b03f0\" data-element_type=\"column\">\n\t\t\t<div class=\"elementor-widget-wrap elementor-element-populated\">\n\t\t\t\t\t\t<div class=\"elementor-element elementor-element-fcbab86 elementor-widget elementor-widget-Elementor-counter-widget\" data-id=\"fcbab86\" data-element_type=\"widget\" data-widget_type=\"Elementor-counter-widget.default\">\n\t\t\t\t<div class=\"elementor-widget-container\">\n\t\t\t\t\n<!-- counter-area -->\n            <div class=\"counter-area pb-120\">\n                <div class=\"container\">\n                    <div class=\"row justify-content-center align-items-center\">\n                        <div class=\"col-lg-4\">\n                             <div class=\"row counter-bg p-relative\">\n                                                                                                      <div class=\"col-lg-12\">\n                                         <div class=\"single-counter wow fadeInUp animated mb-30\" data-animation=\"fadeInDown animated\" data-delay=\".2s\">\n                                             <div class=\"icon\">\n                                                 <img decoding=\"async\" src=\"https:\/\/wordpress.zcube.in\/indobi\/wp-content\/uploads\/2022\/05\/cn-iocn01.png\" alt=\"img\">\n                                             <\/div>\n\n                                            <div class=\"counter p-relative\">\n                                                <span class=\"count\">2476<\/span>                                 \n                                                <p>Mutlu M\u00fc\u015fteri<\/p>\n                                            <\/div>\n\n                                        <\/div>\n                                    <\/div>\n                                                                  <div class=\"col-lg-12\">\n                                         <div class=\"single-counter wow fadeInUp animated mb-30\" data-animation=\"fadeInDown animated\" data-delay=\".2s\">\n                                             <div class=\"icon\">\n                                                 <img decoding=\"async\" src=\"https:\/\/wordpress.zcube.in\/indobi\/wp-content\/uploads\/2022\/05\/cn-iocn02.png\" alt=\"img\">\n                                             <\/div>\n\n                                            <div class=\"counter p-relative\">\n                                                <span class=\"count\">785<\/span>                                 \n                                                <p>Tamamlanan Proje<\/p>\n                                            <\/div>\n\n                                        <\/div>\n                                    <\/div>\n                                                                  <div class=\"col-lg-12\">\n                                         <div class=\"single-counter wow fadeInUp animated mb-30\" data-animation=\"fadeInDown animated\" data-delay=\".2s\">\n                                             <div class=\"icon\">\n                                                 <img decoding=\"async\" src=\"https:\/\/wordpress.zcube.in\/indobi\/wp-content\/uploads\/2022\/05\/cn-iocn03.png\" alt=\"img\">\n                                             <\/div>\n\n                                            <div class=\"counter p-relative\">\n                                                <span class=\"count\">43<\/span>                                 \n                                                <p>Personel<\/p>\n                                            <\/div>\n\n                                        <\/div>\n                                    <\/div>\n                                  \n                             <\/div>\n                        <\/div>\n                          <div class=\"col-lg-8\">\n                            <div class=\"contact-bg02\">\n                                <div class=\"section-title center-align\">\n                                    <h2>\n                                       CV G\u00f6nder                                    <\/h2>\n                                <\/div>                                \n                                <div class=\"contact-form mt-30\">\n                                    <div class=\"row\">\n                                         \n<div class=\"wpcf7 no-js\" id=\"wpcf7-f3153-o1\" lang=\"tr-TR\" dir=\"ltr\">\n<div class=\"screen-reader-response\"><p role=\"status\" aria-live=\"polite\" aria-atomic=\"true\"><\/p> <ul><\/ul><\/div>\n<form action=\"\/index.php\/wp-json\/wp\/v2\/pages\/3150#wpcf7-f3153-o1\" method=\"post\" class=\"wpcf7-form init\" aria-label=\"Contact form\" enctype=\"multipart\/form-data\" novalidate=\"novalidate\" data-status=\"init\">\n<div style=\"display: none;\">\n<input type=\"hidden\" name=\"_wpcf7\" value=\"3153\" \/>\n<input type=\"hidden\" name=\"_wpcf7_version\" value=\"5.8.7\" \/>\n<input type=\"hidden\" name=\"_wpcf7_locale\" value=\"tr_TR\" \/>\n<input type=\"hidden\" name=\"_wpcf7_unit_tag\" value=\"wpcf7-f3153-o1\" \/>\n<input type=\"hidden\" name=\"_wpcf7_container_post\" value=\"0\" \/>\n<input type=\"hidden\" name=\"_wpcf7_posted_data_hash\" value=\"\" \/>\n<\/div>\n<p><label> Ad\u0131n\u0131z<br \/>\n<span class=\"wpcf7-form-control-wrap\" data-name=\"your-name\"><input size=\"40\" class=\"wpcf7-form-control wpcf7-text wpcf7-validates-as-required\" autocomplete=\"name\" aria-required=\"true\" aria-invalid=\"false\" value=\"\" type=\"text\" name=\"your-name\" \/><\/span> <\/label>\n<\/p>\n<p><label> E-posta adresiniz<br \/>\n<span class=\"wpcf7-form-control-wrap\" data-name=\"your-email\"><input size=\"40\" class=\"wpcf7-form-control wpcf7-email wpcf7-validates-as-required wpcf7-text wpcf7-validates-as-email\" autocomplete=\"email\" aria-required=\"true\" aria-invalid=\"false\" value=\"\" type=\"email\" name=\"your-email\" \/><\/span> <\/label>\n<\/p>\n<p><label> Telefon<br \/>\n<span class=\"wpcf7-form-control-wrap\" data-name=\"tel-530\"><input size=\"40\" class=\"wpcf7-form-control wpcf7-tel wpcf7-text wpcf7-validates-as-tel\" aria-invalid=\"false\" value=\"\" type=\"tel\" name=\"tel-530\" \/><\/span> <\/label>\n<\/p>\n<p><label> Konu<br \/>\n<span class=\"wpcf7-form-control-wrap\" data-name=\"your-subject\"><input size=\"40\" class=\"wpcf7-form-control wpcf7-text wpcf7-validates-as-required\" aria-required=\"true\" aria-invalid=\"false\" value=\"\" type=\"text\" name=\"your-subject\" \/><\/span> <\/label>\n<\/p>\n<p><label> K\u0131sa Bilgi<br \/>\n<span class=\"wpcf7-form-control-wrap\" data-name=\"your-message\"><textarea cols=\"40\" rows=\"10\" class=\"wpcf7-form-control wpcf7-textarea\" aria-invalid=\"false\" name=\"your-message\"><\/textarea><\/span> <\/label>\n<\/p>\n<p><label> Departman Se\u00e7iniz<br \/>\n<span class=\"wpcf7-form-control-wrap\" data-name=\"menu-270\"><select class=\"wpcf7-form-control wpcf7-select\" aria-invalid=\"false\" name=\"menu-270\"><option value=\"Muhasebe\">Muhasebe<\/option><option value=\"\u0130hracat\">\u0130hracat<\/option><option value=\"Sekreter\">Sekreter<\/option><option value=\"Depo\">Depo<\/option><option value=\"Pazarlama\">Pazarlama<\/option><option value=\"\u0130K\">\u0130K<\/option><option value=\"E-Ticaret\">E-Ticaret<\/option><\/select><\/span> <\/label>\n<\/p>\n<p><label> CV Ekle<br \/>\n<span class=\"wpcf7-form-control-wrap\" data-name=\"file-924\"><input size=\"40\" class=\"wpcf7-form-control wpcf7-file\" accept=\".pdf\" aria-invalid=\"false\" type=\"file\" name=\"file-924\" \/><\/span> <\/label>\n<\/p>\n<p><input class=\"wpcf7-form-control wpcf7-submit has-spinner\" type=\"submit\" value=\"G\u00f6nder\" \/>\n<\/p><div class=\"wpcf7-response-output\" aria-hidden=\"true\"><\/div>\n<\/form>\n<\/div>\n                                    <\/div>\n                            <\/div>                            \n                            <\/div>                        \n                        <\/div>\n                         \n                    <\/div>\n                <\/div>\n            <\/div>\n            <!-- counter-area-end -->\n\n\t\t<\/div>\n\t\t\t\t<\/div>\n\t\t\t\t\t<\/div>\n\t\t<\/div>\n\t\t\t\t\t<\/div>\n\t\t<\/section>\n\t\t\t\t<\/div>\n\t\t","protected":false},"excerpt":{"rendered":"<p>A\u00c7IK POS\u0130ZYONLARIMIZ \u00a0 \u00d6N MUHASEBE \u015eOF\u00d6R SATI\u015e DANI\u015eMANI<\/p>\n","protected":false},"author":1,"featured_media":0,"parent":0,"menu_order":0,"comment_status":"closed","ping_status":"closed","template":"inside.php","meta":{"om_disable_all_campaigns":false,"_monsterinsights_skip_tracking":false,"_monsterinsights_sitenote_active":false,"_monsterinsights_sitenote_note":"","_monsterinsights_sitenote_category":0,"footnotes":""},"_links":{"self":[{"href":"https:\/\/gozeyapimarket.com\/index.php\/wp-json\/wp\/v2\/pages\/3150"}],"collection":[{"href":"https:\/\/gozeyapimarket.com\/index.php\/wp-json\/wp\/v2\/pages"}],"about":[{"href":"https:\/\/gozeyapimarket.com\/index.php\/wp-json\/wp\/v2\/types\/page"}],"author":[{"embeddable":true,"href":"https:\/\/gozeyapimarket.com\/index.php\/wp-json\/wp\/v2\/users\/1"}],"replies":[{"embeddable":true,"href":"https:\/\/gozeyapimarket.com\/index.php\/wp-json\/wp\/v2\/comments?post=3150"}],"version-history":[{"count":10,"href":"https:\/\/gozeyapimarket.com\/index.php\/wp-json\/wp\/v2\/pages\/3150\/revisions"}],"predecessor-version":[{"id":3199,"href":"https:\/\/gozeyapimarket.com\/index.php\/wp-json\/wp\/v2\/pages\/3150\/revisions\/3199"}],"wp:attachment":[{"href":"https:\/\/gozeyapimarket.com\/index.php\/wp-json\/wp\/v2\/media?parent=3150"}],"curies":[{"name":"wp","href":"https:\/\/api.w.org\/{rel}","templated":true}]}}