{"id":3206,"date":"2025-05-12T11:00:24","date_gmt":"2025-05-12T08:00:24","guid":{"rendered":"https:\/\/gozeyapimarket.com\/?page_id=3206"},"modified":"2025-05-12T11:10:11","modified_gmt":"2025-05-12T08:10:11","slug":"kvk-islenmesi-politikasi","status":"publish","type":"page","link":"https:\/\/gozeyapimarket.com\/index.php\/kvk-islenmesi-politikasi\/","title":{"rendered":"KVK \u0130\u015flenmesi Politikas\u0131"},"content":{"rendered":"\t\t<div data-elementor-type=\"wp-page\" data-elementor-id=\"3206\" class=\"elementor elementor-3206\">\n\t\t\t\t<div class=\"elementor-element elementor-element-5a8e2ee e-flex e-con-boxed e-con e-parent\" data-id=\"5a8e2ee\" data-element_type=\"container\" data-settings=\"{&quot;content_width&quot;:&quot;boxed&quot;}\" data-core-v316-plus=\"true\">\n\t\t\t\t\t<div class=\"e-con-inner\">\n\t\t\t\t<div class=\"elementor-element elementor-element-7e014dd elementor-widget elementor-widget-heading\" data-id=\"7e014dd\" data-element_type=\"widget\" data-widget_type=\"heading.default\">\n\t\t\t\t<div class=\"elementor-widget-container\">\n\t\t\t<style>\/*! elementor - v3.19.0 - 07-02-2024 *\/\n.elementor-heading-title{padding:0;margin:0;line-height:1}.elementor-widget-heading .elementor-heading-title[class*=elementor-size-]>a{color:inherit;font-size:inherit;line-height:inherit}.elementor-widget-heading .elementor-heading-title.elementor-size-small{font-size:15px}.elementor-widget-heading .elementor-heading-title.elementor-size-medium{font-size:19px}.elementor-widget-heading .elementor-heading-title.elementor-size-large{font-size:29px}.elementor-widget-heading .elementor-heading-title.elementor-size-xl{font-size:39px}.elementor-widget-heading .elementor-heading-title.elementor-size-xxl{font-size:59px}<\/style><h2 class=\"elementor-heading-title elementor-size-default\">G\u00d6ZE YAPI \u015e\u0130RKETLER \nK\u0130\u015e\u0130SEL VER\u0130LER\u0130N KORUNMASI VE \u0130\u015eLENMES\u0130  POL\u0130T\u0130KASI  \n<\/h2>\t\t<\/div>\n\t\t\t\t<\/div>\n\t\t\t\t\t<\/div>\n\t\t\t\t<\/div>\n\t\t<div class=\"elementor-element elementor-element-9cc5b54 e-flex e-con-boxed e-con e-parent\" data-id=\"9cc5b54\" data-element_type=\"container\" data-settings=\"{&quot;content_width&quot;:&quot;boxed&quot;}\" data-core-v316-plus=\"true\">\n\t\t\t\t\t<div class=\"e-con-inner\">\n\t\t\t\t<div class=\"elementor-element elementor-element-61c0318 elementor-widget elementor-widget-text-editor\" data-id=\"61c0318\" data-element_type=\"widget\" data-widget_type=\"text-editor.default\">\n\t\t\t\t<div class=\"elementor-widget-container\">\n\t\t\t<style>\/*! elementor - v3.19.0 - 07-02-2024 *\/\n.elementor-widget-text-editor.elementor-drop-cap-view-stacked .elementor-drop-cap{background-color:#69727d;color:#fff}.elementor-widget-text-editor.elementor-drop-cap-view-framed .elementor-drop-cap{color:#69727d;border:3px solid;background-color:transparent}.elementor-widget-text-editor:not(.elementor-drop-cap-view-default) .elementor-drop-cap{margin-top:8px}.elementor-widget-text-editor:not(.elementor-drop-cap-view-default) .elementor-drop-cap-letter{width:1em;height:1em}.elementor-widget-text-editor .elementor-drop-cap{float:left;text-align:center;line-height:1;font-size:50px}.elementor-widget-text-editor .elementor-drop-cap-letter{display:inline-block}<\/style>\t\t\t\t<p><strong>\u00a0\u00a0\u00a0\u00a0\u00a0\u00a0\u00a0\u00a0\u00a0\u00a0\u00a0\u00a0\u00a0\u00a0\u00a0 G\u00d6ZE YAPI<\/strong><\/p><p><strong>\u00a0K\u0130\u015e\u0130SEL VER\u0130LER\u0130N KORUNMASI VE \u0130\u015eLENMES\u0130\u00a0 B\u0130LG\u0130 FORMU\u00a0 <\/strong><\/p><p><strong>Dok\u00fcman \u0130smi:\u00a0\u00a0 <\/strong><\/p><p>G\u00d6ZE YAPI MALZEMELER\u0130 SANAY\u0130 VE T\u0130CARET\u00a0 A.\u015e.\u00a0 Ki\u015fisel Verilerin Korunmas\u0131 ve \u0130\u015flenmesi Politikas\u0131\u00a0\u00a0<\/p><p><strong>Hedef Kitle:\u00a0\u00a0 <\/strong><\/p><p>G\u00d6ZE YAPI MALZEMELER\u0130 SANAY\u0130 VE T\u0130CARET\u00a0 A.\u015e., , taraf\u0131ndan\u00a0 \u00e7al\u0131\u015fanlar d\u0131\u015f\u0131nda ki\u015fisel verileri i\u015flenen t\u00fcm ge\u00e7ek ki\u015fileri<\/p><p><strong>Haz\u0131rlayan:\u00a0\u00a0 <\/strong><\/p><p>G\u00d6ZE YAPI MALZEMELER\u0130 SANAY\u0130 VE T\u0130CARET\u00a0 A.\u015e.,<\/p><p><strong>Versiyon:\u00a0\u00a0 <\/strong>2.0\u00a0<\/p><p><strong>Onaylayan:\u00a0\u00a0 <\/strong><\/p><p>G\u00d6ZE YAPI MALZEMELER\u0130 SANAY\u0130 VE T\u0130CARET\u00a0 A.\u015e.. \u00dcst Y\u00f6netimi taraf\u0131ndan onaylanm\u0131\u015ft\u0131r.\u00a0\u00a0<\/p><p><strong>Y\u00fcr\u00fcrl\u00fck Tarihi:\u00a0\u00a0 <\/strong>15.10.2024\u00a0<\/p><p>Politika\u2019n\u0131n haz\u0131rlanm\u0131\u015f oldu\u011fu T\u00fcrk\u00e7e dilindeki hali ile herhangi bir \u00e7eviri hali aras\u0131nda bir uyu\u015fmazl\u0131k\u00a0 \u00e7\u0131kt\u0131\u011f\u0131 hallerde, T\u00fcrk\u00e7e metni dikkate al\u0131nmal\u0131d\u0131r.\u00a0\u00a0<\/p>\t\t\t\t\t\t<\/div>\n\t\t\t\t<\/div>\n\t\t\t\t\t<\/div>\n\t\t\t\t<\/div>\n\t\t<div class=\"elementor-element elementor-element-f68247e e-flex e-con-boxed e-con e-parent\" data-id=\"f68247e\" data-element_type=\"container\" data-settings=\"{&quot;content_width&quot;:&quot;boxed&quot;}\" data-core-v316-plus=\"true\">\n\t\t\t\t\t<div class=\"e-con-inner\">\n\t\t\t\t<div class=\"elementor-element elementor-element-6aea979 elementor-widget elementor-widget-text-editor\" data-id=\"6aea979\" data-element_type=\"widget\" data-widget_type=\"text-editor.default\">\n\t\t\t\t<div class=\"elementor-widget-container\">\n\t\t\t\t\t\t\t<p><\/p>\n<p><strong>&nbsp; &nbsp; &nbsp; &nbsp; &nbsp; &nbsp; &nbsp; &nbsp; &nbsp; &nbsp; &nbsp; &nbsp; &nbsp; &nbsp; &nbsp; &nbsp; &nbsp; &nbsp; &nbsp; &nbsp; &nbsp; &nbsp; &nbsp; &nbsp; &nbsp; &nbsp; &nbsp; &nbsp; &nbsp; &nbsp; &nbsp; &nbsp; &nbsp; &nbsp; &nbsp; &nbsp; &nbsp; &nbsp; &nbsp; &nbsp; &nbsp; &nbsp; &nbsp; &nbsp; &nbsp; &nbsp; &nbsp; &nbsp; &nbsp; &nbsp; &nbsp; &nbsp; &nbsp; &nbsp; &nbsp; &nbsp; &nbsp; &nbsp; &nbsp; &nbsp; \u0130\u00c7\u0130NDEK\u0130LER&nbsp; <\/strong><\/p>\n<p><strong>B\u00d6L\u00dcM 1 &#8211; G\u0130R\u0130\u015e&#8230;&#8230;&#8230;&#8230;&#8230;&#8230;&#8230;&#8230;&#8230;&#8230;&#8230;&#8230;&#8230;&#8230;&#8230;&#8230;&#8230;&#8230;&#8230;&#8230;&#8230;&#8230;&#8230;&#8230;&#8230;&#8230;&#8230;&#8230;&#8230;&#8230;&#8230;&#8230;&#8230;&#8230;&#8230;&#8230;&#8230;&#8230;&#8230;&#8230;&#8230;&#8230;&#8230;&#8230;&#8230; 3<\/strong><\/p>\n<p><strong>1.1.&nbsp; Giri\u015f &#8230;&#8230;&#8230;&#8230;&#8230;&#8230;&#8230;&#8230;&#8230;&#8230;&#8230;&#8230;&#8230;&#8230;&#8230;&#8230;&#8230;&#8230;&#8230;&#8230;&#8230;&#8230;&#8230;&#8230;&#8230;&#8230;&#8230;&#8230;&#8230;&#8230;&#8230;&#8230;&#8230;&#8230;&#8230;&#8230;&#8230;&#8230;&#8230;&#8230;&#8230;&#8230;&#8230;&#8230;&#8230;&#8230;&#8230;&#8230;. 3<\/strong><\/p>\n<p><strong>1.2.&nbsp; Kapsam &#8230;&#8230;&#8230;&#8230;&#8230;&#8230;&#8230;&#8230;&#8230;&#8230;&#8230;&#8230;&#8230;&#8230;&#8230;&#8230;&#8230;&#8230;&#8230;&#8230;&#8230;&#8230;&#8230;&#8230;&#8230;&#8230;&#8230;&#8230;&#8230;&#8230;&#8230;&#8230;&#8230;&#8230;&#8230;&#8230;&#8230;&#8230;&#8230;&#8230;&#8230;&#8230;&#8230;&#8230;&#8230;&#8230;.. 3<\/strong><\/p>\n<p><strong>1.3.&nbsp; Politika\u2019nin ve ilgili mevzuatin uygulanmasi &#8230;&#8230;&#8230;&#8230;&#8230;&#8230;&#8230;&#8230;&#8230;&#8230;&#8230;&#8230;&#8230;&#8230;&#8230;&#8230;&#8230;&#8230;&#8230;&#8230;&#8230;&#8230;&#8230;&#8230;&#8230;&#8230;&#8230;&#8230;. 3<\/strong><\/p>\n<p><strong>1.4.&nbsp; Politika\u2019nin y\u00fcr\u00fcrl\u00fc\u011f\u00fc &#8230;&#8230;&#8230;&#8230;&#8230;&#8230;&#8230;&#8230;&#8230;&#8230;&#8230;&#8230;&#8230;&#8230;&#8230;&#8230;&#8230;&#8230;&#8230;&#8230;&#8230;&#8230;&#8230;&#8230;&#8230;&#8230;&#8230;&#8230;&#8230;&#8230;&#8230;&#8230;&#8230;&#8230;&#8230;&#8230;&#8230;&#8230;&#8230;.. 3<\/strong><\/p>\n<p><strong>B\u00d6L\u00dcM 2 &#8211; K\u0130\u015e\u0130SEL VER\u0130LER\u0130N KORUNMASINA \u0130L\u0130\u015eK\u0130N HUSUSLAR &#8230;&#8230;&#8230;&#8230;&#8230;&#8230;&#8230;&#8230;&#8230;&#8230;&#8230;&#8230;&#8230;&#8230;&#8230;&#8230;&#8230;&#8230;&#8230;.. 4<\/strong><\/p>\n<p><strong>2.1.&nbsp; Ki\u015fisel verilerin g\u00fcvenli\u011finin sa\u011flanmas\u0131&#8230;&#8230;&#8230;&#8230;&#8230;&#8230;&#8230;&#8230;&#8230;&#8230;&#8230;&#8230;&#8230;&#8230;&#8230;&#8230;&#8230;&#8230;&#8230;&#8230;&#8230;&#8230;&#8230;&#8230;&#8230;&#8230;&#8230;&#8230;&#8230;&#8230;. 4<\/strong><\/p>\n<p><strong>2.2.&nbsp; \u00d6zel nitelikli ki\u015fisel verilerin korunmas\u0131 &#8230;&#8230;&#8230;&#8230;&#8230;&#8230;&#8230;&#8230;&#8230;&#8230;&#8230;&#8230;&#8230;&#8230;&#8230;&#8230;&#8230;&#8230;&#8230;&#8230;&#8230;&#8230;&#8230;&#8230;&#8230;&#8230;&#8230;&#8230;&#8230;&#8230;. 4<\/strong><\/p>\n<p><strong>2.3.&nbsp; \u0130\u015f birimlerinin ki\u015fisel verilerin korunmas\u0131 ve i\u015flenmesi konusunda fark\u0131ndal\u0131klar\u0131n\u0131n artt\u0131r\u0131lmas\u0131 ve&nbsp; denetimi &#8230;&#8230;&#8230;&#8230;&#8230;&#8230;&#8230;&#8230;&#8230;&#8230;&#8230;&#8230;&#8230;&#8230;&#8230;&#8230;&#8230;&#8230;&#8230;&#8230;&#8230;&#8230;&#8230;&#8230;&#8230;&#8230;&#8230;&#8230;&#8230;&#8230;&#8230;&#8230;&#8230;&#8230;&#8230;&#8230;&#8230;&#8230;&#8230;&#8230;&#8230;&#8230;&#8230;&#8230;&#8230;&#8230; 4<\/strong><\/p>\n<p><strong>B\u00d6L\u00dcM 3 &#8211; K\u0130\u015e\u0130SEL VER\u0130LER\u0130N \u0130\u015eLENMES\u0130NE \u0130L\u0130\u015eK\u0130N HUSUSLAR &#8230;&#8230;&#8230;&#8230;&#8230;&#8230;&#8230;&#8230;&#8230;&#8230;&#8230;&#8230;&#8230;&#8230;&#8230;&#8230;&#8230;&#8230;&#8230;&#8230;&#8230; 5<\/strong><\/p>\n<p><strong>3.1.&nbsp; Ki\u015fisel verilerin mevzuatta \u00f6ng\u00f6r\u00fclen ilkelere uygun olarak i\u015flenmesi &#8230;&#8230;&#8230;&#8230;&#8230;&#8230;&#8230;&#8230;&#8230;&#8230;&#8230;&#8230;&#8230;&#8230;&#8230; 5<\/strong><\/p>\n<p><strong>3.2.&nbsp; Ki\u015fisel verilerin i\u015flenme \u015fartlar\u0131 &#8230;&#8230;&#8230;&#8230;&#8230;&#8230;&#8230;&#8230;&#8230;&#8230;&#8230;&#8230;&#8230;&#8230;&#8230;&#8230;&#8230;&#8230;&#8230;&#8230;&#8230;&#8230;&#8230;&#8230;&#8230;&#8230;&#8230;&#8230;&#8230;&#8230;&#8230;&#8230;&#8230;&#8230;.. 5<\/strong><\/p>\n<p><strong>3.3.&nbsp; \u00d6zel nitelikli ki\u015fisel verilerin i\u015flenmesi &#8230;&#8230;&#8230;&#8230;&#8230;&#8230;&#8230;&#8230;&#8230;&#8230;&#8230;&#8230;&#8230;&#8230;&#8230;&#8230;&#8230;&#8230;&#8230;&#8230;&#8230;&#8230;&#8230;&#8230;&#8230;&#8230;&#8230;&#8230;&#8230;&#8230;&#8230; 6<\/strong><\/p>\n<p><strong>3.4.&nbsp; Ki\u015fisel veri sahibinin ayd\u0131nlat\u0131lmas\u0131 &#8230;&#8230;&#8230;&#8230;&#8230;&#8230;&#8230;&#8230;&#8230;&#8230;&#8230;&#8230;&#8230;&#8230;&#8230;&#8230;&#8230;&#8230;&#8230;&#8230;&#8230;&#8230;&#8230;&#8230;&#8230;&#8230;&#8230;&#8230;&#8230;&#8230;&#8230;&#8230;.. 7<\/strong><\/p>\n<p><strong>3.5.&nbsp; Ki\u015fisel verilerin aktar\u0131lmas\u0131 &#8230;&#8230;&#8230;&#8230;&#8230;&#8230;&#8230;&#8230;&#8230;&#8230;&#8230;&#8230;&#8230;&#8230;&#8230;&#8230;&#8230;&#8230;&#8230;&#8230;&#8230;&#8230;&#8230;&#8230;&#8230;&#8230;&#8230;&#8230;&#8230;&#8230;&#8230;&#8230;&#8230;&#8230;&#8230;&#8230;.. 7<\/strong><\/p>\n<p><strong>B\u00d6L\u00dcM 4 &#8211; \u015e\u0130RKET\u0130M\u0130Z TARAFINDAN \u0130\u015eLENEN K\u0130\u015e\u0130SEL VER\u0130LER\u0130N KATEGOR\u0130ZASYONU VE \u0130\u015eLENME&nbsp; AMA\u00c7LARI &#8230;&#8230;&#8230;&#8230;&#8230;&#8230;&#8230;&#8230;&#8230;&#8230;&#8230;&#8230;&#8230;&#8230;&#8230;&#8230;&#8230;&#8230;&#8230;&#8230;&#8230;&#8230;&#8230;&#8230;&#8230;&#8230;&#8230;&#8230;&#8230;&#8230;&#8230;&#8230;&#8230;&#8230;&#8230;&#8230;&#8230;&#8230;&#8230;&#8230;&#8230;&#8230;&#8230;&#8230;&#8230;&#8230;&#8230;&#8230; 8<\/strong><\/p>\n<p><strong>B\u00d6L\u00dcM 5 &#8211; K\u0130\u015e\u0130SEL VER\u0130LER\u0130N SAKLANMASI VE \u0130MHASI &#8230;&#8230;&#8230;&#8230;&#8230;&#8230;&#8230;&#8230;&#8230;&#8230;&#8230;&#8230;&#8230;&#8230;&#8230;&#8230;&#8230;&#8230;&#8230;&#8230;&#8230;&#8230;&#8230;&#8230;&#8230; 8<\/strong><\/p>\n<p><strong>B\u00d6L\u00dcM 6- K\u0130\u015e\u0130SEL VER\u0130 SAH\u0130PLER\u0130N\u0130N HAKLARI VE BU HAKLARIN KULLANILMASI &#8230;&#8230;&#8230;&#8230;&#8230;&#8230;&#8230;&#8230;&#8230;&#8230;&#8230;.. 9<\/strong><\/p>\n<p><strong>6.1. Ki\u015fisel veri sahibinin haklar\u0131 &#8230;&#8230;&#8230;&#8230;&#8230;&#8230;&#8230;&#8230;&#8230;&#8230;&#8230;&#8230;&#8230;&#8230;&#8230;&#8230;&#8230;&#8230;&#8230;&#8230;&#8230;&#8230;&#8230;&#8230;&#8230;&#8230;&#8230;&#8230;&#8230;&#8230;&#8230;&#8230;&#8230;&#8230;&#8230;&#8230;.. 9<\/strong><\/p>\n<p><strong>6.2. Ki\u015fisel veri sahibinin haklar\u0131n\u0131 kullanmas\u0131 &#8230;&#8230;&#8230;&#8230;&#8230;&#8230;&#8230;&#8230;&#8230;&#8230;&#8230;&#8230;&#8230;&#8230;&#8230;&#8230;&#8230;&#8230;&#8230;&#8230;&#8230;&#8230;&#8230;&#8230;&#8230;&#8230;&#8230;&#8230;&#8230;&#8230; 9<\/strong><\/p>\n<p><strong>6.3. \u015eirketimizin ba\u015fvurulara cevap vermesi&#8230;&#8230;&#8230;&#8230;&#8230;&#8230;&#8230;&#8230;&#8230;&#8230;&#8230;&#8230;&#8230;&#8230;&#8230;&#8230;&#8230;&#8230;&#8230;&#8230;&#8230;&#8230;&#8230;&#8230;&#8230;&#8230;&#8230;&#8230;&#8230;&#8230;&#8230; 9<\/strong><\/p>\n<p><strong>\u2013 Ki\u015fisel Veri \u0130\u015fleme Ama\u00e7lar\u0131 &#8230;&#8230;&#8230;&#8230;&#8230;&#8230;&#8230;&#8230;&#8230;&#8230;&#8230;&#8230;&#8230;&#8230;&#8230;&#8230;&#8230;&#8230;&#8230;&#8230;&#8230;&#8230;&#8230;&#8230;&#8230;&#8230;&#8230;&#8230;&#8230;&#8230;&#8230;&#8230;&#8230;&#8230;&#8230;&#8230;&#8230;.. 10<\/strong><\/p>\n<p><strong>\u2013 Ki\u015fisel Veri Sahipleri &#8230;&#8230;&#8230;&#8230;&#8230;&#8230;&#8230;&#8230;&#8230;&#8230;&#8230;&#8230;&#8230;&#8230;&#8230;&#8230;&#8230;&#8230;&#8230;&#8230;&#8230;&#8230;&#8230;&#8230;&#8230;&#8230;&#8230;&#8230;&#8230;&#8230;&#8230;&#8230;&#8230;&#8230;&#8230;&#8230;&#8230;&#8230;&#8230;&#8230;&#8230;.. 12<\/strong><\/p>\n<p><strong>\u2013 Ki\u015fisel Veri Kategorileri &#8230;&#8230;&#8230;&#8230;&#8230;&#8230;&#8230;&#8230;&#8230;&#8230;&#8230;&#8230;&#8230;&#8230;&#8230;&#8230;&#8230;&#8230;&#8230;&#8230;&#8230;&#8230;&#8230;&#8230;&#8230;&#8230;&#8230;&#8230;&#8230;&#8230;&#8230;&#8230;&#8230;&#8230;&#8230;&#8230;&#8230;&#8230;&#8230;&#8230; 13<\/strong><\/p>\n<p><strong>\u2013 \u015eirketimiz Taraf\u0131ndan Ki\u015fisel Verilerin Aktar\u0131ld\u0131\u011f\u0131 \u00dc\u00e7\u00fcnc\u00fc Ki\u015filer ve Aktar\u0131lma Ama\u00e7lar\u0131 &#8230;&#8230;&#8230;&#8230;&#8230;&#8230;&#8230;. 15<\/strong><\/p>\t\t\t\t\t\t<\/div>\n\t\t\t\t<\/div>\n\t\t\t\t\t<\/div>\n\t\t\t\t<\/div>\n\t\t<div class=\"elementor-element elementor-element-d66d689 e-flex e-con-boxed e-con e-parent\" data-id=\"d66d689\" data-element_type=\"container\" data-settings=\"{&quot;content_width&quot;:&quot;boxed&quot;}\" data-core-v316-plus=\"true\">\n\t\t\t\t\t<div class=\"e-con-inner\">\n\t\t\t\t<div class=\"elementor-element elementor-element-3f84751 elementor-widget elementor-widget-text-editor\" data-id=\"3f84751\" data-element_type=\"widget\" data-widget_type=\"text-editor.default\">\n\t\t\t\t<div class=\"elementor-widget-container\">\n\t\t\t\t\t\t\t<p><strong>1.<\/strong><\/p><p><strong>B\u00d6L\u00dcM 1<\/strong><\/p><p><strong>&#8211; G\u0130R\u0130\u015e\u00a0<\/strong><\/p><p><strong>1.1.<\/strong><strong> \u00a0\u00a0\u00a0\u00a0\u00a0 <\/strong><strong>G\u0130R\u0130\u015e<em>\u00a0 <\/em><\/strong><\/p><p>Ki\u015fisel verilerin korunmas\u0131 G\u00d6ZE YAPI MALZEMELER\u0130 SANAY\u0130 VE T\u0130CARET\u00a0 \u015eirketler Grubu\u2019nun en \u00f6nemli \u00f6ncelikleri aras\u0131ndad\u0131r. \u0130\u015fbu G\u00d6ZE YAPI MALZEMELER\u0130 SANAY\u0130 VE T\u0130CARET\u00a0\u00a0 \u015eirketler Grubu Ki\u015fisel Verilerin Korunmas\u0131 ve \u0130\u015flenmesi Politikas\u0131 <strong>(\u201cPolitika\u201d)<\/strong> \u00e7er\u00e7evesinde a\u015fa\u011f\u0131da yer\u00a0 alan G\u00d6ZE YAPI MALZEMELER\u0130 SANAY\u0130 VE T\u0130CARET \u00a0\u015eirketler Grubundan ili\u015fkiniz olan \u015firket (\u201c<strong>\u015eirket<\/strong>\u201d) taraf\u0131ndan ger\u00e7ekle\u015ftirilen ki\u015fisel veri\u00a0 i\u015fleme\u00a0 faaliyetlerinin\u00a0 y\u00fcr\u00fct\u00fclmesinde\u00a0 benimsenen\u00a0 ilkeler\u00a0 ve\u00a0 \u015eirketimizin\u00a0 veri\u00a0 i\u015fleme\u00a0 faaliyetlerinin\u00a0 6698\u00a0 say\u0131l\u0131\u00a0 Ki\u015fisel\u00a0 Verilerin\u00a0 Korunmas\u0131\u00a0 Kanunu\u2019nda\u00a0 <strong>(\u201cKanun\u201d)<\/strong>\u00a0 yer\u00a0 alan\u00a0 d\u00fczenlemelere\u00a0 uyumu\u00a0 bak\u0131m\u0131ndan benimsenen temel prensipler a\u00e7\u0131klanmakta ve b\u00f6ylelikle \u015eirketimiz, ki\u015fisel veri sahiplerini\u00a0 bilgilendirerek gerekli \u015feffafl\u0131\u011f\u0131 sa\u011flamaktad\u0131r. Bu kapsamdaki sorumlulu\u011fumuzun tam bilinci ile ki\u015fisel\u00a0 verileriniz i\u015fbu Politika kapsam\u0131nda i\u015flenmekte ve korunmaktad\u0131r.\u00a0\u00a0\u00a0<\/p><p>\u00a0<\/p><p>\u0095 \u00a0\u00a0 <strong>G\u00d6ZE YAPI MALZEMELER\u0130 SANAY\u0130 VE T\u0130CARET\u00a0 Anonim \u015eirketi\u00a0 <\/strong><\/p><p>\u0130K\u0130TELL\u0130 OSB MAHALLES\u0130 \u0130STEKS B1 BLOK SK. NO: 15\/ BA\u015eAK\u015eEH\u0130R\/\u0130STANBUL adresinde bulunan G\u00d6ZE YAPI MALZEMELER\u0130 SANAY\u0130 VE T\u0130CARET\u00a0 Anonim \u015eirketi\u00a0 <\/p><p>\u00a0<\/p><p>\u00c7al\u0131\u015fanlar\u0131m\u0131z\u0131n\u00a0 ki\u015fisel\u00a0 verilerinin\u00a0 korunmas\u0131na\u00a0 ili\u015fkin\u00a0 \u015eirketimizin\u00a0 y\u00fcr\u00fctt\u00fc\u011f\u00fc\u00a0 faaliyetler\u00a0 ise,\u00a0 bu\u00a0 Politika\u2019daki esaslarla paralel olarak kaleme al\u0131nan G\u00d6ZE YAPI MALZEMELER\u0130 SANAY\u0130 VE T\u0130CARET\u00a0 \u015eirketler Grubu \u00c7al\u0131\u015fanlar\u0131 Ki\u015fisel Verilerin\u00a0 Korunmas\u0131 ve \u0130\u015flenmesi Politikas\u0131 alt\u0131nda y\u00f6netilmektedir.\u00a0<\/p><p>\u00a0<\/p><p><strong>1.2.<\/strong><strong> \u00a0\u00a0\u00a0\u00a0\u00a0 <\/strong><strong>KAPSAM<em>\u00a0 <\/em><\/strong><\/p><p>Bu\u00a0 Politika;\u00a0 \u015eirketimiz\u00a0 \u00e7al\u0131\u015fanlar\u0131\u00a0 haricindeki\u00a0 ki\u015filerin\u00a0 otomatik\u00a0 olan\u00a0 ya\u00a0 da\u00a0 herhangi\u00a0 bir\u00a0 veri\u00a0 kay\u0131t\u00a0 sisteminin par\u00e7as\u0131 olmak kayd\u0131yla otomatik olmayan yollarla i\u015flenen t\u00fcm ki\u015fisel verilerine ili\u015fkindir. S\u00f6z\u00a0 konusu ki\u015fisel veri sahiplerine ili\u015fkin detayl\u0131 bilgilere i\u015fbu Politika\u2019n\u0131n dok\u00fcman\u0131ndan ula\u015f\u0131lmas\u0131 m\u00fcmk\u00fcnd\u00fcr.\u00a0<\/p><p>\u00a0<\/p><p><strong>1.3.<\/strong><strong> \u00a0\u00a0\u00a0\u00a0\u00a0 <\/strong><strong>POL\u0130T\u0130KA\u2019NIN VE \u0130LG\u0130L\u0130 MEVZUATIN UYGULANMASI<em>\u00a0 <\/em><\/strong><\/p><p>Ki\u015fisel\u00a0 verilerin\u00a0 i\u015flenmesi\u00a0 ve\u00a0 korunmas\u0131\u00a0 konusunda\u00a0 y\u00fcr\u00fcrl\u00fckte\u00a0 bulunan\u00a0 ilgili\u00a0 kanuni\u00a0 d\u00fczenlemeler\u00a0 \u00f6ncelikle\u00a0 uygulama\u00a0 alan\u0131\u00a0 bulacakt\u0131r.\u00a0 Y\u00fcr\u00fcrl\u00fckte\u00a0 bulunan\u00a0 mevzuat\u00a0 ve\u00a0 Politika\u00a0 aras\u0131nda\u00a0 uyumsuzluk\u00a0 bulunmas\u0131 durumunda, \u015eirketimiz y\u00fcr\u00fcrl\u00fckteki mevzuat\u0131n uygulama alan\u0131 bulaca\u011f\u0131n\u0131 kabul etmektedir.\u00a0 Politika, ilgili \u00a0\u00a0\u00a0\u00a0\u00a0\u00a0\u00a0 mevzuat taraf\u0131ndan \u00a0\u00a0\u00a0\u00a0\u00a0\u00a0\u00a0\u00a0\u00a0\u00a0\u00a0\u00a0 ortaya \u00a0\u00a0\u00a0\u00a0\u00a0\u00a0\u00a0\u00a0\u00a0\u00a0\u00a0\u00a0\u00a0\u00a0\u00a0 konulan \u00a0\u00a0\u00a0\u00a0\u00a0\u00a0\u00a0\u00a0\u00a0\u00a0\u00a0\u00a0\u00a0\u00a0\u00a0\u00a0\u00a0\u00a0\u00a0 kurallar\u0131 \u00a0\u00a0\u00a0\u00a0\u00a0\u00a0\u00a0\u00a0\u00a0\u00a0\u00a0\u00a0\u00a0\u00a0 \u015eirket \u00a0\u00a0\u00a0\u00a0\u00a0\u00a0\u00a0\u00a0\u00a0\u00a0\u00a0 uygulamalar\u0131 \u00a0\u00a0\u00a0\u00a0\u00a0\u00a0\u00a0\u00a0\u00a0 kapsam\u0131nda\u00a0 somutla\u015ft\u0131r\u0131larak d\u00fczenlemektedir.\u00a0\u00a0<\/p><p>\u00a0<\/p><p><strong>1.4.<\/strong><strong> \u00a0\u00a0\u00a0\u00a0\u00a0 <\/strong><strong>POL\u0130T\u0130KA\u2019NIN Y\u00dcR\u00dcRL\u00dc\u011e\u00dc <em>\u00a0\u00a0<\/em><\/strong><\/p><p>\u015eirketimiz taraf\u0131ndan d\u00fczenlenen bu Politika [15.10.2024] tarihlidir. Politika\u2019n\u0131n tamam\u0131n\u0131n veya belirli\u00a0 maddelerinin yenilenmesi durumunda Politika\u2019n\u0131n y\u00fcr\u00fcrl\u00fck tarihi g\u00fcncellenecektir. Politika \u015eirketimizin\u00a0 internet\u00a0 sitesinde\u00a0 \u00a0\u00a0yay\u0131mlan\u0131r\u00a0 ve\u00a0 ki\u015fisel\u00a0 veri\u00a0 sahiplerinin\u00a0 talebi\u00a0 \u00fczerine\u00a0 ilgili\u00a0 ki\u015filerin eri\u015fimine sunulur.<strong>\u00a0 <\/strong><\/p><p><strong>2.<\/strong><\/p><p><strong>B\u00d6L\u00dcM 2<\/strong><\/p><p><strong>&#8211; K\u0130\u015e\u0130SEL VER\u0130LER\u0130N KORUNMASINA \u0130L\u0130\u015eK\u0130N HUSUSLAR\u00a0 <\/strong><\/p><p><strong>2.1.<\/strong><strong> \u00a0\u00a0\u00a0\u00a0\u00a0 <\/strong><strong>K\u0130\u015e\u0130SEL VER\u0130LER\u0130N G\u00dcVENL\u0130\u011e\u0130N\u0130N SA\u011eLANMASI<em>\u00a0 <\/em><\/strong><\/p><p>\u015eirketimiz, Kanun\u2019un 12. maddesine uygun olarak, ki\u015fisel verilerin hukuka ayk\u0131r\u0131 olarak a\u00e7\u0131klanmas\u0131n\u0131,\u00a0 eri\u015fimini, aktar\u0131lmas\u0131n\u0131 veya ba\u015fka \u015fekillerde meydana gelebilecek g\u00fcvenlik eksikliklerini \u00f6nlemek i\u00e7in,\u00a0 korunacak verinin niteli\u011fine g\u00f6re gerekli tedbirlerini almaktad\u0131r. Bu kapsamda \u015eirketimiz Ki\u015fisel Verileri\u00a0 Koruma\u00a0 Kurulu\u00a0 (\u201c<strong>Kurul<\/strong>\u201d)\u00a0 taraf\u0131ndan\u00a0 yay\u0131mlanm\u0131\u015f\u00a0 olan\u00a0 rehberlere\u00a0 uygun\u00a0 olarak\u00a0 gerekli\u00a0 g\u00fcvenlik\u00a0 d\u00fczeyini sa\u011flamaya y\u00f6nelik ve idari tedbirleri almakta, denetimleri yapmakta veya yapt\u0131rmaktad\u0131r.\u00a0<\/p><p><strong>2.2.<\/strong><strong> \u00a0\u00a0 <\/strong><strong>\u00d6ZEL N\u0130TEL\u0130KL\u0130 K\u0130\u015e\u0130SEL VER\u0130LER\u0130N KORUNMASI <em>\u00a0\u00a0<\/em><\/strong><\/p><p>Hassasiyet\u00a0 arz\u00a0 eden\u00a0 ki\u015fisel\u00a0 verilere,\u00a0 hukuka\u00a0 ayk\u0131r\u0131\u00a0 olarak\u00a0 i\u015flendi\u011finde\u00a0 ki\u015filerin\u00a0 ma\u011fduriyetine\u00a0 veya\u00a0 ayr\u0131mc\u0131l\u0131\u011fa sebep olma riski nedeniyle Kanun kapsam\u0131nda \u00f6zel \u00f6nem atfedilmi\u015ftir. Bu \u201c\u00f6zel nitelikli\u201d\u00a0 ki\u015fisel veriler; \u0131rk, etnik k\u00f6ken, siyasi d\u00fc\u015f\u00fcnce, felsefi inan\u00e7, din, mezhep veya di\u011fer inan\u00e7lar, k\u0131l\u0131k ve\u00a0 k\u0131yafet,\u00a0 dernek,\u00a0 vak\u0131f\u00a0 ya\u00a0 da\u00a0 sendika\u00a0 \u00fcyeli\u011fi,\u00a0 sa\u011fl\u0131k,\u00a0 cinsel\u00a0 hayat,\u00a0 ceza\u00a0 mahk\u00fbmiyeti\u00a0 ve\u00a0 g\u00fcvenlik\u00a0 tedbirleriyle ilgili veriler ile biyometrik ve genetik verilerdir.\u00a0\u00a0<\/p><p>Bu kapsamda, \u015eirketimiz taraf\u0131ndan, ki\u015fisel verilerin korunmas\u0131 i\u00e7in al\u0131nan teknik ve idari tedbirler, \u00f6zel\u00a0 nitelikli ki\u015fisel veriler bak\u0131m\u0131ndan \u00f6zenle uygulanmakta ve \u015eirketimiz b\u00fcnyesinde gerekli denetimler\u00a0 sa\u011flanmaktad\u0131r.\u00a0<\/p><p>\u00d6zel\u00a0 nitelikli verilmi\u015ftir.\u00a0<\/p><p>ki\u015fisel\u00a0 verilerin\u00a0 i\u015flenmesi\u00a0 ile\u00a0 ilgili\u00a0 ayr\u0131nt\u0131l\u0131\u00a0 bilgiye\u00a0 bu\u00a0 Politika\u2019n\u0131n\u00a0 3.3. b\u00f6l\u00fcm\u00fcnde\u00a0 yer<\/p><p><strong>2.3.<\/strong><strong> \u00a0\u00a0 <\/strong><strong>\u0130\u015e \u00a0\u00a0\u00a0\u00a0 B\u0130R\u0130MLER\u0130N\u0130N \u00a0\u00a0\u00a0\u00a0 K\u0130\u015e\u0130SEL \u00a0\u00a0\u00a0\u00a0 VER\u0130LER\u0130N \u00a0\u00a0\u00a0\u00a0 KORUNMASI \u00a0\u00a0\u00a0 VE \u00a0\u00a0\u00a0\u00a0 \u0130\u015eLENMES\u0130 \u00a0\u00a0\u00a0\u00a0 KONUSUNDA\u00a0 <\/strong><\/p><p><strong>FARKINDALIKLARININ ARTTIRILMASI VE DENET\u0130M\u0130 <em>\u00a0\u00a0<\/em><\/strong><\/p><p>\u015eirketimiz, ki\u015fisel verilerin hukuka ayk\u0131r\u0131 olarak i\u015flenmesini, verilere hukuka ayk\u0131r\u0131 olarak eri\u015filmesini\u00a0<\/p><p>\u00f6nlemeye ve verilerin muhafazas\u0131n\u0131 sa\u011flamaya y\u00f6nelik fark\u0131ndal\u0131\u011f\u0131n art\u0131r\u0131lmas\u0131 i\u00e7in i\u015f birimlerine gerekli\u00a0 e\u011fitimlerin d\u00fczenlenmesini sa\u011flamaktad\u0131r.\u00a0<\/p><p>\u00a0<\/p><p>\u015eirketimiz mevcut \u00e7al\u0131\u015fanlar\u0131n\u0131n ve b\u00fcnyesine yeni d\u00e2hil olan \u00e7al\u0131\u015fanlar\u0131n ki\u015fisel verilerin korunmas\u0131\u00a0 konusunda fark\u0131ndal\u0131\u011f\u0131n\u0131n olu\u015fmas\u0131 i\u00e7in gerekli sistemler kurmakta, konuya ili\u015fkin ihtiya\u00e7 duyulmas\u0131\u00a0 halinde\u00a0 dan\u0131\u015fmanlar\u00a0 ile\u00a0 \u00e7al\u0131\u015fmaktad\u0131r.\u00a0 Bu\u00a0 do\u011frultuda\u00a0 \u015eirketimiz,\u00a0 ilgili\u00a0 e\u011fitimlere,\u00a0 seminerlere\u00a0 ve\u00a0 bilgilendirme oturumlar\u0131na yap\u0131lan kat\u0131l\u0131mlar de\u011ferlendirmekte olup ilgili mevzuat\u0131n g\u00fcncellenmesine\u00a0 paralel olarak yeni e\u011fitimler d\u00fczenlemektedir.\u00a0<\/p>\t\t\t\t\t\t<\/div>\n\t\t\t\t<\/div>\n\t\t\t\t\t<\/div>\n\t\t\t\t<\/div>\n\t\t\t\t<\/div>\n\t\t","protected":false},"excerpt":{"rendered":"<p>G\u00d6ZE YAPI \u015e\u0130RKETLER K\u0130\u015e\u0130SEL VER\u0130LER\u0130N KORUNMASI VE \u0130\u015eLENMES\u0130 POL\u0130T\u0130KASI \u00a0\u00a0\u00a0\u00a0\u00a0\u00a0\u00a0\u00a0\u00a0\u00a0\u00a0\u00a0\u00a0\u00a0\u00a0 G\u00d6ZE YAPI \u00a0K\u0130\u015e\u0130SEL VER\u0130LER\u0130N KORUNMASI VE \u0130\u015eLENMES\u0130\u00a0 B\u0130LG\u0130 FORMU\u00a0 Dok\u00fcman \u0130smi:\u00a0\u00a0 G\u00d6ZE YAPI MALZEMELER\u0130 SANAY\u0130 VE T\u0130CARET\u00a0 A.\u015e.\u00a0 Ki\u015fisel Verilerin Korunmas\u0131 ve \u0130\u015flenmesi Politikas\u0131\u00a0\u00a0 Hedef Kitle:\u00a0\u00a0 G\u00d6ZE YAPI MALZEMELER\u0130 SANAY\u0130 VE T\u0130CARET\u00a0 A.\u015e., , taraf\u0131ndan\u00a0 \u00e7al\u0131\u015fanlar d\u0131\u015f\u0131nda ki\u015fisel verileri i\u015flenen t\u00fcm ge\u00e7ek ki\u015fileri Haz\u0131rlayan:\u00a0\u00a0 G\u00d6ZE [&hellip;]<\/p>\n","protected":false},"author":1,"featured_media":0,"parent":0,"menu_order":0,"comment_status":"closed","ping_status":"closed","template":"","meta":{"om_disable_all_campaigns":false,"_monsterinsights_skip_tracking":false,"_monsterinsights_sitenote_active":false,"_monsterinsights_sitenote_note":"","_monsterinsights_sitenote_category":0,"footnotes":""},"_links":{"self":[{"href":"https:\/\/gozeyapimarket.com\/index.php\/wp-json\/wp\/v2\/pages\/3206"}],"collection":[{"href":"https:\/\/gozeyapimarket.com\/index.php\/wp-json\/wp\/v2\/pages"}],"about":[{"href":"https:\/\/gozeyapimarket.com\/index.php\/wp-json\/wp\/v2\/types\/page"}],"author":[{"embeddable":true,"href":"https:\/\/gozeyapimarket.com\/index.php\/wp-json\/wp\/v2\/users\/1"}],"replies":[{"embeddable":true,"href":"https:\/\/gozeyapimarket.com\/index.php\/wp-json\/wp\/v2\/comments?post=3206"}],"version-history":[{"count":16,"href":"https:\/\/gozeyapimarket.com\/index.php\/wp-json\/wp\/v2\/pages\/3206\/revisions"}],"predecessor-version":[{"id":3223,"href":"https:\/\/gozeyapimarket.com\/index.php\/wp-json\/wp\/v2\/pages\/3206\/revisions\/3223"}],"wp:attachment":[{"href":"https:\/\/gozeyapimarket.com\/index.php\/wp-json\/wp\/v2\/media?parent=3206"}],"curies":[{"name":"wp","href":"https:\/\/api.w.org\/{rel}","templated":true}]}}