{"id":3226,"date":"2025-05-12T11:18:17","date_gmt":"2025-05-12T08:18:17","guid":{"rendered":"https:\/\/gozeyapimarket.com\/?page_id=3226"},"modified":"2025-05-12T11:20:55","modified_gmt":"2025-05-12T08:20:55","slug":"cerez-aydinlatma-metni","status":"publish","type":"page","link":"https:\/\/gozeyapimarket.com\/index.php\/cerez-aydinlatma-metni\/","title":{"rendered":"\u00c7erez Ayd\u0131nlatma Metni"},"content":{"rendered":"\t\t<div data-elementor-type=\"wp-page\" data-elementor-id=\"3226\" class=\"elementor elementor-3226\">\n\t\t\t\t<div class=\"elementor-element elementor-element-96210b7 e-flex e-con-boxed e-con e-parent\" data-id=\"96210b7\" data-element_type=\"container\" data-settings=\"{&quot;content_width&quot;:&quot;boxed&quot;}\" data-core-v316-plus=\"true\">\n\t\t\t\t\t<div class=\"e-con-inner\">\n\t\t\t\t<div class=\"elementor-element elementor-element-9143178 elementor-widget elementor-widget-heading\" data-id=\"9143178\" data-element_type=\"widget\" data-widget_type=\"heading.default\">\n\t\t\t\t<div class=\"elementor-widget-container\">\n\t\t\t<style>\/*! elementor - v3.19.0 - 07-02-2024 *\/\n.elementor-heading-title{padding:0;margin:0;line-height:1}.elementor-widget-heading .elementor-heading-title[class*=elementor-size-]>a{color:inherit;font-size:inherit;line-height:inherit}.elementor-widget-heading .elementor-heading-title.elementor-size-small{font-size:15px}.elementor-widget-heading .elementor-heading-title.elementor-size-medium{font-size:19px}.elementor-widget-heading .elementor-heading-title.elementor-size-large{font-size:29px}.elementor-widget-heading .elementor-heading-title.elementor-size-xl{font-size:39px}.elementor-widget-heading .elementor-heading-title.elementor-size-xxl{font-size:59px}<\/style><h2 class=\"elementor-heading-title elementor-size-default\"><p class=\"MsoNormal\" align=\"center\" style=\"margin-bottom:0cm;margin-bottom:.0001pt;\ntext-align:center;mso-line-height-alt:0pt\">\u00c7erez Ayd\u0131nlatma Metni<o:p><\/o:p><\/p><\/h2>\t\t<\/div>\n\t\t\t\t<\/div>\n\t\t\t\t\t<\/div>\n\t\t\t\t<\/div>\n\t\t<div class=\"elementor-element elementor-element-acd623f e-flex e-con-boxed e-con e-parent\" data-id=\"acd623f\" data-element_type=\"container\" data-settings=\"{&quot;content_width&quot;:&quot;boxed&quot;}\" data-core-v316-plus=\"true\">\n\t\t\t\t\t<div class=\"e-con-inner\">\n\t\t\t\t<div class=\"elementor-element elementor-element-75d8003 elementor-widget elementor-widget-text-editor\" data-id=\"75d8003\" data-element_type=\"widget\" data-widget_type=\"text-editor.default\">\n\t\t\t\t<div class=\"elementor-widget-container\">\n\t\t\t<style>\/*! elementor - v3.19.0 - 07-02-2024 *\/\n.elementor-widget-text-editor.elementor-drop-cap-view-stacked .elementor-drop-cap{background-color:#69727d;color:#fff}.elementor-widget-text-editor.elementor-drop-cap-view-framed .elementor-drop-cap{color:#69727d;border:3px solid;background-color:transparent}.elementor-widget-text-editor:not(.elementor-drop-cap-view-default) .elementor-drop-cap{margin-top:8px}.elementor-widget-text-editor:not(.elementor-drop-cap-view-default) .elementor-drop-cap-letter{width:1em;height:1em}.elementor-widget-text-editor .elementor-drop-cap{float:left;text-align:center;line-height:1;font-size:50px}.elementor-widget-text-editor .elementor-drop-cap-letter{display:inline-block}<\/style>\t\t\t\t<p>G\u00f6ze Yap\u0131 Malzemeleri Sanayi Ve Ticaret\u00a0 Pazarlama A.\u015e Ve G\u00f6ze Yap\u0131 Malzemeleri Sanayi Ve Ticaret\u00a0 A.\u015e. (\u201cG\u00d6ZE YAPI\u201d veya \u201c\u015eirket\u201d olarak an\u0131lacakt\u0131r) olarak, web sitelerimiz (\u201cSite\u201d), uygulamalar\u0131m\u0131z ya da dijital ortamda sizlerin kullan\u0131m\u0131na sundu\u011fumuz benzeri t\u00fcm \u00e7evrimi\u00e7i ya da \u00e7evrimd\u0131\u015f\u0131 mecralar\u0131m\u0131z\u0131 (an\u0131lan t\u00fcm mecralar birlikte \u201cPlatform\u201d olarak an\u0131lacakt\u0131r.) kullan\u0131m\u0131n\u0131z veya ziyaretiniz s\u0131ras\u0131nda sizlerin deneyimini geli\u015ftirmek i\u00e7in \u00e7erezler, pikseller, GIFler vb. birtak\u0131m teknolojilerden (\u201c\u00e7erezler\u201d) faydalanmaktay\u0131z.<\/p><p>Bu teknolojilerin kullan\u0131m\u0131 ba\u015fta 6698 say\u0131l\u0131 Ki\u015fisel Verilerin Korunmas\u0131 Kanunu (\u201cKVK Kanunu\u201d) olmak<\/p><p>\u00fczere tabi oldu\u011fumuz mevzuata uygun \u015fekilde ger\u00e7ekle\u015ftirilmektedir.<\/p><p>\u00a0\u0130\u015fbu \u00c7erez Ayd\u0131nlatma Metni\u2019nin amac\u0131, Platformlar\u0131n kullan\u0131m\u0131 esnas\u0131nda kullan\u0131lmakta olan \u00e7erez ve<\/p><p>piksel gibi ki\u015fisel verilerin toplanmas\u0131 yoluyla ki\u015fisel verilerin i\u015flenmesi nedeniyle elde edilen ki\u015fisel verilerin i\u015flenmesine ili\u015fkin olarak sizlere bilgi vermektir. \u0130\u015fbu metinde Platform\u2019da hangi ama\u00e7larla hangi t\u00fcr \u00e7erezleri kulland\u0131\u011f\u0131m\u0131z\u0131 ve bu \u00e7erezleri nas\u0131l kontrol edebilece\u011finizi sizlere a\u00e7\u0131klamak istiyoruz.<\/p><p>\u00a0G\u00d6ZE YAPI MALZEMELER\u0130 SANAY\u0130 VE T\u0130CARET\u00a0 olarak sitemizde ve uygulamam\u0131zda kulland\u0131\u011f\u0131m\u0131z \u00e7erezleri kullanmaktan vazge\u00e7ebilir, bunlar\u0131n t\u00fcrlerini veya fonksiyonlar\u0131n\u0131 de\u011fi\u015ftirebilir veya sitemize ve uygulamam\u0131zda yeni \u00e7erezler ekleyebiliriz. Dolay\u0131s\u0131yla i\u015fbu \u00c7erez Ayd\u0131nlatma Metni\u2019nin h\u00fck\u00fcmlerini diledi\u011fimiz zaman de\u011fi\u015ftirme hakk\u0131n\u0131 sakl\u0131 tutar\u0131z.<\/p><p>G\u00fcncel \u00c7erez Ayd\u0131nlatma Metni \u00fczerinde ger\u00e7ekle\u015ftirilmi\u015f olan her t\u00fcrl\u00fc de\u011fi\u015fiklik sitede, uygulamada<\/p><p>veya herhangi bir kamuya a\u00e7\u0131k mecrada yay\u0131nlanmakla birlikte y\u00fcr\u00fcrl\u00fck kazanacakt\u0131r. Son g\u00fcncelleme<\/p><p>tarihini metnin sonunda bulabilirsiniz.<\/p><p>Ki\u015fisel verilerinizin i\u015flenme ama\u00e7lar\u0131 konusunda detayl\u0131 bilgilere; https:\/\/www.gozeyapimarket.com.\/ index.php\/kvk-islenmesi-politikasi adresinden G\u00d6ZE YAPI MALZEMELER\u0130 SANAY\u0130 VE T\u0130CARET\u00a0 \u015eirketler Grubu Ki\u015fisel Verilerin Korunmas\u0131 ve \u0130\u015flenmesi Politikas\u0131\u2019ndan ula\u015fabilirsiniz.<\/p><p><strong>Ki\u015fisel Verilerin Hangi Ama\u00e7larla \u0130\u015flenece\u011fi ve Hukuki Sebebi <\/strong><\/p><p>\u00a0Toplanan ki\u015fisel verileriniz, a\u015fa\u011f\u0131da yer verilen ama\u00e7larla (\u201cAma\u00e7lar\u201d) KVK Kanunu\u2019nun 5. maddesinde<\/p><p>belirtilen ki\u015fisel veri i\u015fleme \u015fartlar\u0131 ve ama\u00e7lar\u0131 dahilinde i\u015flenecektir. Platform \u00fczerinde farkl\u0131 ama\u00e7larla \u00e7erezler kullan\u0131lmaktad\u0131r. Kullan\u0131lan ilgili \u00e7erezin t\u00fcr\u00fcne g\u00f6re veri i\u015fleme ama\u00e7lar\u0131 ve ilgili \u00e7erezi kullan\u0131rken dayand\u0131\u011f\u0131m\u0131z KVK Kanunu kapsam\u0131ndaki veri i\u015fleme \u015fart\u0131 de\u011fi\u015febilmektedir.<\/p><p><strong>Zorunlu Tan\u0131mlama Bilgilerine \u0130li\u015fkin Zorunlu \u00c7erezler <\/strong><\/p><p>Zorunlu \u00e7erezler, Platform\u2019u g\u00f6r\u00fcnt\u00fclemeniz esnas\u0131nda cihaz\u0131n\u0131za yerle\u015ftirilen ve sunulan online servislerin d\u00fczg\u00fcn \u015fekilde \u00e7al\u0131\u015fabilmesi i\u00e7in gerekli olan \u00e7erezlerdir. Bu \u00e7erezlerin kullan\u0131m\u0131 esnas\u0131nda<\/p><p>ger\u00e7ekle\u015ftirdi\u011fimiz zorunlu tan\u0131mlama bilgilerini i\u015fleme faaliyetleri i\u00e7in KVK Kanunu madde 5 kapsam\u0131nda \u201cBir s\u00f6zle\u015fmenin kurulmas\u0131 veya ifas\u0131yla do\u011frudan do\u011fruya ilgili olmas\u0131 kayd\u0131yla, s\u00f6zle\u015fmenin taraflar\u0131na ait ki\u015fisel verilerin i\u015flenmesinin gerekli olmas\u0131\u201d veri i\u015fleme \u015fart\u0131na dayanmaktay\u0131z.<\/p>\t\t\t\t\t\t<\/div>\n\t\t\t\t<\/div>\n\t\t\t\t\t<\/div>\n\t\t\t\t<\/div>\n\t\t<div class=\"elementor-element elementor-element-6d635b6 e-flex e-con-boxed e-con e-parent\" data-id=\"6d635b6\" data-element_type=\"container\" data-settings=\"{&quot;content_width&quot;:&quot;boxed&quot;}\" data-core-v316-plus=\"true\">\n\t\t\t\t\t<div class=\"e-con-inner\">\n\t\t\t\t<div class=\"elementor-element elementor-element-23720bc elementor-widget elementor-widget-text-editor\" data-id=\"23720bc\" data-element_type=\"widget\" data-widget_type=\"text-editor.default\">\n\t\t\t\t<div class=\"elementor-widget-container\">\n\t\t\t\t\t\t\t<p><strong>Performans Tan\u0131mlama Bilgilerine \u0130li\u015fkin Performans \u00c7erezleri <\/strong><\/p><p>Performans \u00e7erezleri, Platform\u2019u g\u00f6r\u00fcnt\u00fcleyen ki\u015fi say\u0131s\u0131 ile Platform trafi\u011fini takip ve analiz etmemizi<\/p><p>sa\u011flar. Bu \u00e7erezler sayesinde Platform \u00fczerindeki alanlardan hangilerinin en s\u0131k ya da seyrek ziyaret edildi\u011fi gibi bilgileri edinebilir ve Platform\u2019un trafi\u011fini optimize edebiliriz. Bu \u00e7erezlerin kullan\u0131m\u0131 esnas\u0131nda ger\u00e7ekle\u015ftirdi\u011fimiz performans tan\u0131mlama bilgilerini i\u015fleme faaliyetleri i\u00e7in KVK Kanunu madde 5 kapsam\u0131nda \u201c\u0130lgili ki\u015finin temel hak ve \u00f6zg\u00fcrl\u00fcklerine zarar vermemek kayd\u0131yla, veri sorumlusunun me\u015fru menfaatleri i\u00e7in veri i\u015flenmesinin zorunlu olmas\u0131.\u201d veri i\u015fleme \u015fart\u0131na dayanmaktay\u0131z.<\/p><p><strong>\u0130\u015flevsel Tan\u0131mlama Bilgilerine \u0130li\u015fkin \u0130\u015flevsellik \u00c7erezleri <\/strong><\/p><p>\u0130\u015flevsellik \u00e7erezleri, Platform \u00fczerindeki belirli i\u015flevlerin sa\u011flanmas\u0131 ve bunlara dair tercihlerinizin hat\u0131rlanmas\u0131 i\u00e7in gerekli olan \u00e7erezlerdir. Platform \u00fczerinde dil tercihinizi hat\u0131rlamak ya da \u00e7erez kullan\u0131m\u0131na y\u00f6nelik ayarlar\u0131n\u0131z\u0131 kaydetmek i\u00e7in i\u015flevsellik \u00e7erezleri kullan\u0131l\u0131r. Bu \u00e7erezlerin kullan\u0131m\u0131 esnas\u0131nda ger\u00e7ekle\u015ftirdi\u011fimiz i\u015flevsel tan\u0131mlama bilgilerini i\u015fleme faaliyetleri i\u00e7in KVK Kanunu madde 5 kapsam\u0131nda veri i\u015fleme \u015fart\u0131 olarak \u201ca\u00e7\u0131k r\u0131zan\u0131za\u201d dayanmaktay\u0131z.<\/p><p><strong>Hedefleme Ama\u00e7l\u0131 Tan\u0131mlama Bilgilerine \u0130li\u015fkin Ki\u015fiselle\u015ftirilmi\u015f Reklam \u00c7erezleri <\/strong><\/p><p>\u00a0Ki\u015fiselle\u015ftirilmi\u015f reklam \u00e7erezleri, sizlere Platform\u2019da veya Platform haricindeki mecralarda g\u00f6r\u00fcnt\u00fcleme ge\u00e7mi\u015finize ve ziyaret\u00e7i profilinize uygun olarak ki\u015fiselle\u015ftirilmi\u015f \u00fcr\u00fcn ve hizmet tan\u0131t\u0131m\u0131 yapmak i\u00e7in kullan\u0131l\u0131r. Bu \u00e7erezlerin kullan\u0131m\u0131 esnas\u0131nda ger\u00e7ekle\u015ftirdi\u011fimiz hedefleme, profilleme, pazarlama ve do\u011frudan reklamc\u0131l\u0131k ama\u00e7l\u0131 hedefleme ama\u00e7l\u0131 tan\u0131mlama bilgilerini i\u015fleme faaliyetleri i\u00e7in KVK Kanunu madde 5 kapsam\u0131nda veri i\u015fleme \u015fart\u0131 olarak \u201ca\u00e7\u0131k r\u0131zan\u0131za\u201d dayanmaktay\u0131z.<\/p><p><strong>Ki\u015fisel Veri Toplaman\u0131n Y\u00f6ntemi\u00a0 <\/strong><\/p><p>\u00a0Ki\u015fisel verileriniz, internet sitemizi ziyaretiniz kapsam\u0131nda veya uygulamam\u0131z\u0131 kullanman\u0131z dolay\u0131s\u0131yla<\/p><p>elektronik ortamda \u00e7erezler yoluyla toplanmaktad\u0131r.\u00a0<\/p><p><strong>Ki\u015fisel Verilerin Kimlere ve Hangi Ama\u00e7la Aktar\u0131labilece\u011fi <\/strong><\/p><p>G\u00d6ZE YAPI MALZEMELER\u0130 SANAY\u0130 VE T\u0130CARET\u00a0 olarak, \u00c7erez Ayd\u0131nlatma Metni kapsam\u0131ndaki ki\u015fisel verilerinizi yukar\u0131da belirtilen ama\u00e7lar\u0131n ger\u00e7ekle\u015ftirilebilmesi ile s\u0131n\u0131rl\u0131 olarak ve mevzuata uygun \u015fekilde tedarik\u00e7ilerimizle, \u00e7erez tercih y\u00f6netimi alan\u0131nda detaylar\u0131n\u0131 g\u00f6rebilece\u011finiz i\u015f ortaklar\u0131m\u0131zla, kanunen yetkili kamu kurumlar\u0131 ve \u00f6zel ki\u015filerle payla\u015fabiliriz.<\/p><p><strong>\u00c7erezlerin Kullan\u0131m\u0131n\u0131 Nas\u0131l Kontrol Edebilirim? <\/strong><\/p><p>\u00c7erez ve benzeri teknolojilerin kullan\u0131m\u0131 konusunda ziyaret\u00e7i ve kullan\u0131c\u0131lar\u0131m\u0131z\u0131n tercihleri bizler i\u00e7in<\/p><p>esast\u0131r.\u00a0 Platform\u2019da kullan\u0131lan \u00e7erezlere dair tercihlerinizi ne \u015fekilde y\u00f6netebilece\u011finize ili\u015fkin bilgiler<\/p><p>a\u015fa\u011f\u0131daki gibidir:<\/p><p>Ziyaret\u00e7iler, Platform\u2019u g\u00f6r\u00fcnt\u00fcledikleri taray\u0131c\u0131 ayarlar\u0131n\u0131 de\u011fi\u015ftirerek \u00e7erezlere ili\u015fkin tercihlerini ki\u015fiselle\u015ftirme imkan\u0131na sahiptir. E\u011fer kullan\u0131lmakta olan taray\u0131c\u0131 bu imk\u00e2n\u0131 sunmaktaysa, taray\u0131c\u0131 ayarlar\u0131 \u00fczerinden \u00e7erezlere ili\u015fkin tercihleri de\u011fi\u015ftirmek m\u00fcmk\u00fcnd\u00fcr. B\u00f6ylelikle, taray\u0131c\u0131n\u0131n sunmu\u015f oldu\u011fu imk\u00e2nlara g\u00f6re farkl\u0131l\u0131k g\u00f6sterebilmekle birlikte, veri sahiplerinin \u00e7erezlerin kullan\u0131lmas\u0131n\u0131 engelleme, \u00e7erez kullan\u0131lmadan \u00f6nce uyar\u0131 almay\u0131 tercih etme veya sadece baz\u0131 \u00e7erezleri devre b\u0131rakma ya da silme imkanlar\u0131 bulunmaktad\u0131r.<\/p><p>Bu konudaki tercihler kullan\u0131lan taray\u0131c\u0131ya g\u00f6re de\u011fi\u015fiklik g\u00f6stermekle birlikte genel a\u00e7\u0131klamaya https:\/\/www.aboutcookies.org\/ adresinden ula\u015fmak m\u00fcmk\u00fcnd\u00fcr. \u00c7erezlere ili\u015fkin tercihlerin, ziyaret\u00e7inin Platform\u2019a eri\u015fim sa\u011flad\u0131\u011f\u0131 her bir cihaz \u00f6zelinde ayr\u0131 ayr\u0131 yap\u0131lmas\u0131 gerekebilecektir.<\/p><p><strong>\u0130lgili Ki\u015fi Olarak Haklar\u0131n\u0131z Nelerdir? <\/strong><\/p><p>\u0130lgili ki\u015fi olarak KVK Kanunu\u2019nun 11. maddesi uyar\u0131nca a\u015fa\u011f\u0131daki haklara sahip oldu\u011funuzu bildiririz:<\/p><ol><li>Ki\u015fisel veri i\u015flenip i\u015flenmedi\u011fini \u00f6\u011frenme,<\/li><li>Ki\u015fisel verileri i\u015flenmi\u015fse buna ili\u015fkin bilgi talep etme,<\/li><li>Ki\u015fisel verilerin i\u015flenme amac\u0131n\u0131 ve bunlar\u0131n amac\u0131na uygun kullan\u0131l\u0131p kullan\u0131lmad\u0131\u011f\u0131n\u0131 \u00f6\u011frenme,<\/li><li>Yurt i\u00e7inde veya yurt d\u0131\u015f\u0131nda ki\u015fisel verilerin aktar\u0131ld\u0131\u011f\u0131 \u00fc\u00e7\u00fcnc\u00fc ki\u015fileri bilme,<\/li><li>Ki\u015fisel verilerin eksik veya yanl\u0131\u015f i\u015flenmi\u015f olmas\u0131 h\u00e2linde bunlar\u0131n d\u00fczeltilmesini isteme ve bu kapsamda<\/li><\/ol><p>yap\u0131lan i\u015flemin ki\u015fisel verilerin aktar\u0131ld\u0131\u011f\u0131 \u00fc\u00e7\u00fcnc\u00fc ki\u015filere bildirilmesini isteme,<\/p><ol start=\"6\"><li>KVK Kanunu ve ilgili di\u011fer kanun h\u00fck\u00fcmlerine uygun olarak i\u015flenmi\u015f olmas\u0131na ra\u011fmen, i\u015flenmesini<\/li><\/ol><p>gerektiren sebeplerin ortadan kalkmas\u0131 h\u00e2linde ki\u015fisel verilerin silinmesini veya yok edilmesini isteme ve<\/p><p>bu kapsamda yap\u0131lan i\u015flemin ki\u015fisel verilerin aktar\u0131ld\u0131\u011f\u0131 \u00fc\u00e7\u00fcnc\u00fc ki\u015filere bildirilmesini isteme,<\/p><ol start=\"7\"><li>\u0130\u015flenen verilerin m\u00fcnhas\u0131ran otomatik sistemler vas\u0131tas\u0131yla analiz edilmesi suretiyle ki\u015finin kendisi<\/li><\/ol><p>aleyhine bir sonucun ortaya \u00e7\u0131kmas\u0131na itiraz etme,<\/p><ol start=\"8\"><li>Ki\u015fisel verilerin kanuna ayk\u0131r\u0131 olarak i\u015flenmesi sebebiyle zarara u\u011framas\u0131 h\u00e2linde zarar\u0131n giderilmesini<\/li><\/ol><p>talep etme.<\/p><p>Yukar\u0131da s\u0131ralanan haklar\u0131n\u0131za y\u00f6nelik ba\u015fvurular\u0131n\u0131z\u0131, https:\/\/www.gozeyapimarket.com.\/ index.php\/kvk-islenmesi-politikasi\/ \u00a0den ula\u015fabilece\u011finiz G\u00d6ZE YAPI MALZEMELER\u0130 SANAY\u0130 VE T\u0130CARET\u00a0 Veri Sahibi Ba\u015fvuru Formu\u2019nu doldurarak \u015eirketimize iletebilirsiniz.\u00a0 Talebinizin niteli\u011fine g\u00f6re en k\u0131sa s\u00fcrede ve en ge\u00e7 otuz g\u00fcn i\u00e7inde ba\u015fvurular\u0131n\u0131z \u00fccretsiz olarak sonu\u00e7land\u0131r\u0131lacakt\u0131r; ancak i\u015flemin ayr\u0131ca bir maliyet gerektirmesi halinde Ki\u015fisel Verileri Koruma Kurulu taraf\u0131ndan belirlenecek tarifeye g\u00f6re taraf\u0131n\u0131zdan \u00fccret talep edilebilecektir.<\/p>\t\t\t\t\t\t<\/div>\n\t\t\t\t<\/div>\n\t\t\t\t\t<\/div>\n\t\t\t\t<\/div>\n\t\t\t\t<\/div>\n\t\t","protected":false},"excerpt":{"rendered":"<p>\u00c7erez Ayd\u0131nlatma Metni G\u00f6ze Yap\u0131 Malzemeleri Sanayi Ve Ticaret\u00a0 Pazarlama A.\u015e Ve G\u00f6ze Yap\u0131 Malzemeleri Sanayi Ve Ticaret\u00a0 A.\u015e. (\u201cG\u00d6ZE YAPI\u201d veya \u201c\u015eirket\u201d olarak an\u0131lacakt\u0131r) olarak, web sitelerimiz (\u201cSite\u201d), uygulamalar\u0131m\u0131z ya da dijital ortamda sizlerin kullan\u0131m\u0131na sundu\u011fumuz benzeri t\u00fcm \u00e7evrimi\u00e7i ya da \u00e7evrimd\u0131\u015f\u0131 mecralar\u0131m\u0131z\u0131 (an\u0131lan t\u00fcm mecralar birlikte \u201cPlatform\u201d olarak an\u0131lacakt\u0131r.) kullan\u0131m\u0131n\u0131z veya ziyaretiniz s\u0131ras\u0131nda [&hellip;]<\/p>\n","protected":false},"author":1,"featured_media":0,"parent":0,"menu_order":0,"comment_status":"closed","ping_status":"closed","template":"","meta":{"om_disable_all_campaigns":false,"_monsterinsights_skip_tracking":false,"_monsterinsights_sitenote_active":false,"_monsterinsights_sitenote_note":"","_monsterinsights_sitenote_category":0,"footnotes":""},"_links":{"self":[{"href":"https:\/\/gozeyapimarket.com\/index.php\/wp-json\/wp\/v2\/pages\/3226"}],"collection":[{"href":"https:\/\/gozeyapimarket.com\/index.php\/wp-json\/wp\/v2\/pages"}],"about":[{"href":"https:\/\/gozeyapimarket.com\/index.php\/wp-json\/wp\/v2\/types\/page"}],"author":[{"embeddable":true,"href":"https:\/\/gozeyapimarket.com\/index.php\/wp-json\/wp\/v2\/users\/1"}],"replies":[{"embeddable":true,"href":"https:\/\/gozeyapimarket.com\/index.php\/wp-json\/wp\/v2\/comments?post=3226"}],"version-history":[{"count":5,"href":"https:\/\/gozeyapimarket.com\/index.php\/wp-json\/wp\/v2\/pages\/3226\/revisions"}],"predecessor-version":[{"id":3231,"href":"https:\/\/gozeyapimarket.com\/index.php\/wp-json\/wp\/v2\/pages\/3226\/revisions\/3231"}],"wp:attachment":[{"href":"https:\/\/gozeyapimarket.com\/index.php\/wp-json\/wp\/v2\/media?parent=3226"}],"curies":[{"name":"wp","href":"https:\/\/api.w.org\/{rel}","templated":true}]}}