{"id":3233,"date":"2025-05-12T11:23:00","date_gmt":"2025-05-12T08:23:00","guid":{"rendered":"https:\/\/gozeyapimarket.com\/?page_id=3233"},"modified":"2025-05-12T11:27:28","modified_gmt":"2025-05-12T08:27:28","slug":"musteri-aydinlatma-metni","status":"publish","type":"page","link":"https:\/\/gozeyapimarket.com\/index.php\/musteri-aydinlatma-metni\/","title":{"rendered":"M\u00fc\u015fteri Ayd\u0131nlatma Metni"},"content":{"rendered":"\t\t<div data-elementor-type=\"wp-page\" data-elementor-id=\"3233\" class=\"elementor elementor-3233\">\n\t\t\t\t<div class=\"elementor-element elementor-element-c3102da e-flex e-con-boxed e-con e-parent\" data-id=\"c3102da\" data-element_type=\"container\" data-settings=\"{&quot;content_width&quot;:&quot;boxed&quot;}\" data-core-v316-plus=\"true\">\n\t\t\t\t\t<div class=\"e-con-inner\">\n\t\t\t\t<div class=\"elementor-element elementor-element-3dfde25 elementor-widget elementor-widget-heading\" data-id=\"3dfde25\" data-element_type=\"widget\" data-widget_type=\"heading.default\">\n\t\t\t\t<div class=\"elementor-widget-container\">\n\t\t\t<style>\/*! elementor - v3.19.0 - 07-02-2024 *\/\n.elementor-heading-title{padding:0;margin:0;line-height:1}.elementor-widget-heading .elementor-heading-title[class*=elementor-size-]>a{color:inherit;font-size:inherit;line-height:inherit}.elementor-widget-heading .elementor-heading-title.elementor-size-small{font-size:15px}.elementor-widget-heading .elementor-heading-title.elementor-size-medium{font-size:19px}.elementor-widget-heading .elementor-heading-title.elementor-size-large{font-size:29px}.elementor-widget-heading .elementor-heading-title.elementor-size-xl{font-size:39px}.elementor-widget-heading .elementor-heading-title.elementor-size-xxl{font-size:59px}<\/style><h2 class=\"elementor-heading-title elementor-size-default\">M\u00dc\u015eTER\u0130 AYDINLATMA METN\u0130 <\/h2>\t\t<\/div>\n\t\t\t\t<\/div>\n\t\t\t\t\t<\/div>\n\t\t\t\t<\/div>\n\t\t<div class=\"elementor-element elementor-element-066fb1b e-flex e-con-boxed e-con e-parent\" data-id=\"066fb1b\" data-element_type=\"container\" data-settings=\"{&quot;content_width&quot;:&quot;boxed&quot;}\" data-core-v316-plus=\"true\">\n\t\t\t\t\t<div class=\"e-con-inner\">\n\t\t\t\t<div class=\"elementor-element elementor-element-fccf8eb elementor-widget elementor-widget-text-editor\" data-id=\"fccf8eb\" data-element_type=\"widget\" data-widget_type=\"text-editor.default\">\n\t\t\t\t<div class=\"elementor-widget-container\">\n\t\t\t<style>\/*! elementor - v3.19.0 - 07-02-2024 *\/\n.elementor-widget-text-editor.elementor-drop-cap-view-stacked .elementor-drop-cap{background-color:#69727d;color:#fff}.elementor-widget-text-editor.elementor-drop-cap-view-framed .elementor-drop-cap{color:#69727d;border:3px solid;background-color:transparent}.elementor-widget-text-editor:not(.elementor-drop-cap-view-default) .elementor-drop-cap{margin-top:8px}.elementor-widget-text-editor:not(.elementor-drop-cap-view-default) .elementor-drop-cap-letter{width:1em;height:1em}.elementor-widget-text-editor .elementor-drop-cap{float:left;text-align:center;line-height:1;font-size:50px}.elementor-widget-text-editor .elementor-drop-cap-letter{display:inline-block}<\/style>\t\t\t\t<p>Ki\u015fisel verileriniz; 6698 say\u0131l\u0131 Ki\u015fisel Verilerin Korunmas\u0131 Kanunu (\u201cKanun\u201d) uyar\u0131nca veri sorumlusu olarak G\u00d6ZE YAPI MALZEMELER\u0130 SANAY\u0130 VE T\u0130CARET\u00a0 Pazarlama A.\u015e. ve G\u00d6ZE YAPI MALZEMELER\u0130 SANAY\u0130 VE T\u0130CARET\u00a0 A.\u015e. (\u201cG\u00d6ZE YAPI MALZEMELER\u0130 SANAY\u0130 VE T\u0130CARET \u201d veya \u201c\u015eirket\u201d) taraf\u0131ndan a\u015fa\u011f\u0131da a\u00e7\u0131klanan kapsamda i\u015flenebilecektir.<\/p><p>Ki\u015fisel verilerinizin i\u015flenme ama\u00e7lar\u0131 konusunda detayl\u0131 bilgilere; <a href=\"https:\/\/www.gozeyap\u0131market.com\">https:\/\/www.gozeyap\u0131market.com<\/a> adresinden G\u00d6ZE YAPI MALZEMELER\u0130 SANAY\u0130 VE T\u0130CARET\u00a0 \u015eirketler Grubu Ki\u015fisel Verilerin Korunmas\u0131 ve \u0130\u015flenmesi<\/p><p>Politikas\u0131\u2019ndan ula\u015fabilirsiniz.<\/p><p>\u00a0<strong>Ki\u015fisel Verileriniz Hangi Ama\u00e7la \u0130\u015flenmektedir? <\/strong><\/p><ul><li>\u00dcr\u00fcn ve hizmetler ile sat\u0131\u015f sonras\u0131 destek hizmetlerinin sunulmas\u0131, Hizmetlerin sa\u011flanmas\u0131 kapsam\u0131nda m\u00fc\u015fteri kart\u0131 olu\u015fturulmas\u0131, \u00dcye olmay\u0131 tercih etmeniz halinde \u00fcyelik kay\u0131t i\u015flemlerinin y\u00fcr\u00fct\u00fclmesi ve \u00fcyelik hesab\u0131n\u0131z\u0131n\u00a0 \u00a0i\u015fletilmesi, M\u00fc\u015fteri ili\u015fkileri s\u00fcre\u00e7lerinin y\u00fcr\u00fct\u00fclmesi,<\/li><\/ul><ul><li>\u0130leti\u015fim kanallar\u0131n\u0131n y\u00f6netimi,<\/li><li>Randevu, yerinde tan\u0131t\u0131m ve sat\u0131\u015f s\u00fcre\u00e7lerinin ger\u00e7ekle\u015ftirilmesi,<\/li><li>Kampanya, \u00e7ekili\u015f ve yar\u0131\u015fmalar\u0131n ger\u00e7ekle\u015ftirilmesi,<\/li><li>Talep ve \u015fikayetlerinizin de\u011ferlendirilmesi,<\/li><li>Etkinlik ve e\u011fitimlerin d\u00fczenlenmesi ve kat\u0131l\u0131mc\u0131lar\u0131n belirlenmesi,<\/li><li>Yetkili servis s\u00fcre\u00e7lerinin y\u00fcr\u00fct\u00fclmesi,<\/li><li>M\u00fc\u015fteri memnuniyetinin artt\u0131r\u0131lmas\u0131, marka alg\u0131s\u0131n\u0131n \u00f6l\u00e7\u00fclmesi ve iyile\u015ftirilmesi,<\/li><li>\u015eirketimiz taraf\u0131ndan y\u00fcr\u00fct\u00fclen ticari faaliyetlerin ger\u00e7ekle\u015ftirilmesi i\u00e7in ilgili i\u015f birimlerimiz\u00a0 taraf\u0131ndan gerekli \u00e7al\u0131\u015fmalar\u0131n yap\u0131lmas\u0131 ve buna ba\u011fl\u0131 i\u015f s\u00fcre\u00e7lerinin y\u00fcr\u00fct\u00fclmesi,\u00a0<\/li><\/ul><p>Ama\u00e7lar\u0131 ile Kanun\u2019un 5. maddesinde belirtilen hukuki sebepler kapsam\u0131nda i\u015flenecektir.<\/p><p><strong>A\u00e7\u0131k R\u0131zan\u0131z\u0131n Varl\u0131\u011f\u0131 Halinde Ki\u015fisel Verileriniz Hangi Ama\u00e7la \u0130\u015flenmektedir? <\/strong><\/p><p>Toplanan kimlik, ileti\u015fim, m\u00fc\u015fteri i\u015flem ve finans verileriniz ; a\u00e7\u0131k r\u0131zan\u0131z\u0131 vermeniz halinde kampanya, \u00e7ekili\u015f ve yar\u0131\u015fmalar\u0131n ger\u00e7ekle\u015ftirilmesi, m\u00fc\u015fteri memnuniyetinin artt\u0131r\u0131lmas\u0131, marka alg\u0131s\u0131n\u0131n \u00f6l\u00e7\u00fclmesi ve iyile\u015ftirilmesi, pazar ara\u015ft\u0131rmas\u0131 ve anket s\u00fcre\u00e7lerinin ger\u00e7ekle\u015ftirilmesi, \u015eirket taraf\u0131ndan sunulan \u00fcr\u00fcn ve hizmetlerin be\u011fenilerinize, kullan\u0131m al\u0131\u015fkanl\u0131klar\u0131n\u0131za ve ihtiya\u00e7lar\u0131n\u0131za g\u00f6re \u00f6zelle\u015ftirilmesi ve bu kapsamda sizin ileti\u015fim kurulmas\u0131n\u0131 tercih etti\u011finiz payla\u015ft\u0131\u011f\u0131n\u0131z ileti\u015fim kanal\u0131na reklam, promosyon, kampanya ve benzeri iletiler g\u00f6nderilmesi ve bu ama\u00e7la hizmet ald\u0131\u011f\u0131m\u0131z \u00fc\u00e7\u00fcnc\u00fc ki\u015filerle payla\u015f\u0131lmas\u0131 ama\u00e7lar\u0131yla ilgili a\u00e7\u0131k r\u0131zan\u0131z kapsam\u0131nda i\u015flenebilecektir.<\/p><p>A\u00e7\u0131k r\u0131zan\u0131z\u0131 vermeniz halinde,\u00a0 ad, soyad, telefon numaras\u0131, e-mail adresiniz, pazarlama faaliyetlerinin<\/p><p>y\u00fcr\u00fct\u00fclmesi, m\u00fc\u015fteri memnuniyeti s\u00fcre\u00e7lerinin y\u00fcr\u00fct\u00fclmesi amac\u0131 a\u00e7\u0131k r\u0131zan\u0131za dayal\u0131 olarak ilgili kurulu\u015flara aktar\u0131lacakt\u0131r.\u00a0<\/p><p><strong>Ki\u015fisel Verileriniz Kimlere Hangi Ama\u00e7larla Aktar\u0131labilir? <\/strong><\/p><p>Toplanan ki\u015fisel verileriniz; yukar\u0131da belirtilen ama\u00e7lar\u0131n ger\u00e7ekle\u015ftirilmesi do\u011frultusunda bayilerimize,<\/p><p>tedarik\u00e7ilerimize, kanunen yetkili kamu kurumlar\u0131na ve \u00f6zel ki\u015filere Kanun\u2019un 8. maddesinde belirtilen<\/p><p>ki\u015fisel veri i\u015fleme \u015fartlar\u0131 \u00e7er\u00e7evesinde aktar\u0131labilecektir.<\/p><p>A\u00e7\u0131k r\u0131zan\u0131z\u0131 vermeniz halinde,\u00a0 ad, soyad, telefon numaras\u0131, e-mail adresiniz, pazarlama faaliyetlerinin<\/p><p>y\u00fcr\u00fct\u00fclmesi, m\u00fc\u015fteri memnuniyeti s\u00fcre\u00e7lerinin y\u00fcr\u00fct\u00fclmesi amac\u0131 a\u00e7\u0131k r\u0131zan\u0131za dayal\u0131 olarak ilgili kurulu\u015flara aktar\u0131lacakt\u0131r.\u00a0<\/p><p><strong>Ki\u015fisel Verilerinizin Toplanma Y\u00f6ntemi ve Hukuki Sebebi Nedir? <\/strong><\/p><p>Ki\u015fisel verileriniz \u015eirketimiz ile temas edece\u011finiz; elektronik ortamda internet sitesi, \u00e7a\u011fr\u0131 merkezi, mobil uygulama, sosyal medya, telefon, \u015eirket i\u00e7i sistemlerden ve fiziki ortamda bayi ve yetkili servis kanal\u0131yla a\u015fa\u011f\u0131daki hukuki sebepler ile toplanmakta ve i\u015flenmektedir;\u00a0<\/p><p>\u00dcr\u00fcn ve hizmetler ile sat\u0131\u015f sonras\u0131 destek hizmetlerinin sunulmas\u0131 ve hizmetlerin sa\u011flanmas\u0131, m\u00fc\u015fteri kart\u0131 olu\u015fturulmas\u0131 ile randevu, yerinde tan\u0131t\u0131m ve sat\u0131\u015f s\u00fcre\u00e7lerinin ger\u00e7ekle\u015ftirilmesi ama\u00e7lar\u0131 ile s\u00f6zle\u015fmenin ifas\u0131 hukuki sebebine dayal\u0131 olarak,\u00a0\u00a0<\/p><p>\u00a0Talep ve \u015fikayetlerinizin de\u011ferlendirilmesi amac\u0131yla bir hakk\u0131n tesisi, kullan\u0131lmas\u0131 veya korunmas\u0131 i\u00e7in veri i\u015flemenin zorunlu olmas\u0131 hukuki sebebine dayal\u0131 olarak,<\/p><p>\u00dcye olmay\u0131 tercih etmeniz halinde \u00fcyelik kay\u0131t i\u015flemlerinin y\u00fcr\u00fct\u00fclmesi ve \u00fcyelik hesab\u0131n\u0131z\u0131n i\u015fletilmesi,<\/p><p>m\u00fc\u015fteri memnuniyetinin artt\u0131r\u0131lmas\u0131, m\u00fc\u015fteri ili\u015fkileri s\u00fcre\u00e7lerinin y\u00fcr\u00fct\u00fclmesi ile \u015eirketimiz taraf\u0131ndan<\/p><p>y\u00fcr\u00fct\u00fclen ticari faaliyetlerin ger\u00e7ekle\u015ftirilmesi i\u00e7in ilgili i\u015f birimlerimiz taraf\u0131ndan gerekli \u00e7al\u0131\u015fmalar\u0131n<\/p><p>yap\u0131lmas\u0131 ve buna ba\u011fl\u0131 i\u015f s\u00fcre\u00e7lerinin y\u00fcr\u00fct\u00fclmesi, ileti\u015fim kanallar\u0131n\u0131n y\u00f6netimi\u00a0 ama\u00e7lar\u0131 ile ilgili ki\u015finin temel hak ve \u00f6zg\u00fcrl\u00fcklerine zarar vermemek kayd\u0131yla, veri sorumlusunun me\u015fru menfaatleri i\u00e7in veri i\u015flenmesinin zorunlu olmas\u0131 hukuki sebebine dayal\u0131 olarak,<\/p><p>A\u00e7\u0131k r\u0131za vermeniz halinde \u015eirket taraf\u0131ndan sunulan \u00fcr\u00fcn ve hizmetlerin be\u011fenilerinize, kullan\u0131m al\u0131\u015fkanl\u0131klar\u0131n\u0131za ve ihtiya\u00e7lar\u0131n\u0131za g\u00f6re \u00f6zelle\u015ftirilmesi ve bu kapsamda sizin ileti\u015fim kurulmas\u0131n\u0131 tercih etti\u011finiz payla\u015ft\u0131\u011f\u0131n\u0131z ileti\u015fim kanal\u0131na reklam, promosyon, kampanya ve benzeri iletiler g\u00f6nderilmesi ama\u00e7lar\u0131 ile ilgili a\u00e7\u0131k r\u0131za hukuki sebebine dayal\u0131 olarak i\u015flenebilmektedir.\u00a0<\/p><p><strong>\u0130lgili Ki\u015fi Olarak Haklar\u0131n\u0131z Nelerdir? <\/strong><\/p><p>\u0130lgili ki\u015fi olarak Kanun\u2019un 11. maddesi uyar\u0131nca a\u015fa\u011f\u0131daki haklara sahip oldu\u011funuzu bildiririz:<\/p><ol><li>Ki\u015fisel veri i\u015flenip i\u015flenmedi\u011fini \u00f6\u011frenme,<\/li><li>Ki\u015fisel verileri i\u015flenmi\u015fse buna ili\u015fkin bilgi talep etme,<\/li><li>Ki\u015fisel verilerin i\u015flenme amac\u0131n\u0131 ve bunlar\u0131n amac\u0131na uygun kullan\u0131l\u0131p kullan\u0131lmad\u0131\u011f\u0131n\u0131 \u00f6\u011frenme,<\/li><li>Yurt i\u00e7inde veya yurt d\u0131\u015f\u0131nda ki\u015fisel verilerin aktar\u0131ld\u0131\u011f\u0131 \u00fc\u00e7\u00fcnc\u00fc ki\u015fileri bilme,<\/li><li>Ki\u015fisel verilerin eksik veya yanl\u0131\u015f i\u015flenmi\u015f olmas\u0131 h\u00e2linde bunlar\u0131n d\u00fczeltilmesini isteme ve bu kapsamda yap\u0131lan i\u015flemin ki\u015fisel verilerin aktar\u0131ld\u0131\u011f\u0131 \u00fc\u00e7\u00fcnc\u00fc ki\u015filere bildirilmesini isteme,<\/li><li>Kanun ve ilgili di\u011fer kanun h\u00fck\u00fcmlerine uygun olarak i\u015flenmi\u015f olmas\u0131na ra\u011fmen, i\u015flenmesini gerektiren sebeplerin ortadan kalkmas\u0131 h\u00e2linde ki\u015fisel verilerin silinmesini veya yok edilmesini isteme ve bu kapsamda yap\u0131lan i\u015flemin ki\u015fisel verilerin aktar\u0131ld\u0131\u011f\u0131 \u00fc\u00e7\u00fcnc\u00fc ki\u015filere bildirilmesini isteme,<\/li><li>\u0130\u015flenen verilerin m\u00fcnhas\u0131ran otomatik sistemler vas\u0131tas\u0131yla analiz edilmesi suretiyle ki\u015finin kendisi<\/li><\/ol><p>aleyhine bir sonucun ortaya \u00e7\u0131kmas\u0131na itiraz etme,<\/p><ol start=\"8\"><li>Ki\u015fisel verilerin kanuna ayk\u0131r\u0131 olarak i\u015flenmesi sebebiyle zarara u\u011framas\u0131 h\u00e2linde zarar\u0131n giderilmesini talep etme.<\/li><\/ol><p>Yukar\u0131da s\u0131ralanan haklar\u0131n\u0131za y\u00f6nelik ba\u015fvurular\u0131n\u0131z\u0131, https:\/\/www.gozeyapimarket.com den ula\u015fabilece\u011finiz G\u00d6ZE YAPI MALZEMELER\u0130 SANAY\u0130 VE T\u0130CARET\u00a0 Veri Sahibi Ba\u015fvuru Formu\u2019nu doldurarak \u015eirketimize iletebilirsiniz.\u00a0 Talebinizin niteli\u011fine g\u00f6re en k\u0131sa s\u00fcrede ve en ge\u00e7 otuz g\u00fcn i\u00e7inde ba\u015fvurular\u0131n\u0131z \u00fccretsiz olarak sonu\u00e7land\u0131r\u0131lacakt\u0131r; ancak i\u015flemin ayr\u0131ca bir maliyet gerektirmesi halinde Ki\u015fisel Verileri Koruma Kurulu taraf\u0131ndan belirlenecek tarifeye g\u00f6re taraf\u0131n\u0131zdan \u00fccret talep edilebilecektir.<\/p>\t\t\t\t\t\t<\/div>\n\t\t\t\t<\/div>\n\t\t\t\t\t<\/div>\n\t\t\t\t<\/div>\n\t\t\t\t<\/div>\n\t\t","protected":false},"excerpt":{"rendered":"<p>M\u00dc\u015eTER\u0130 AYDINLATMA METN\u0130 Ki\u015fisel verileriniz; 6698 say\u0131l\u0131 Ki\u015fisel Verilerin Korunmas\u0131 Kanunu (\u201cKanun\u201d) uyar\u0131nca veri sorumlusu olarak G\u00d6ZE YAPI MALZEMELER\u0130 SANAY\u0130 VE T\u0130CARET\u00a0 Pazarlama A.\u015e. ve G\u00d6ZE YAPI MALZEMELER\u0130 SANAY\u0130 VE T\u0130CARET\u00a0 A.\u015e. (\u201cG\u00d6ZE YAPI MALZEMELER\u0130 SANAY\u0130 VE T\u0130CARET \u201d veya \u201c\u015eirket\u201d) taraf\u0131ndan a\u015fa\u011f\u0131da a\u00e7\u0131klanan kapsamda i\u015flenebilecektir. Ki\u015fisel verilerinizin i\u015flenme ama\u00e7lar\u0131 konusunda detayl\u0131 bilgilere; https:\/\/www.gozeyap\u0131market.com adresinden [&hellip;]<\/p>\n","protected":false},"author":1,"featured_media":0,"parent":0,"menu_order":0,"comment_status":"closed","ping_status":"closed","template":"","meta":{"om_disable_all_campaigns":false,"_monsterinsights_skip_tracking":false,"_monsterinsights_sitenote_active":false,"_monsterinsights_sitenote_note":"","_monsterinsights_sitenote_category":0,"footnotes":""},"_links":{"self":[{"href":"https:\/\/gozeyapimarket.com\/index.php\/wp-json\/wp\/v2\/pages\/3233"}],"collection":[{"href":"https:\/\/gozeyapimarket.com\/index.php\/wp-json\/wp\/v2\/pages"}],"about":[{"href":"https:\/\/gozeyapimarket.com\/index.php\/wp-json\/wp\/v2\/types\/page"}],"author":[{"embeddable":true,"href":"https:\/\/gozeyapimarket.com\/index.php\/wp-json\/wp\/v2\/users\/1"}],"replies":[{"embeddable":true,"href":"https:\/\/gozeyapimarket.com\/index.php\/wp-json\/wp\/v2\/comments?post=3233"}],"version-history":[{"count":8,"href":"https:\/\/gozeyapimarket.com\/index.php\/wp-json\/wp\/v2\/pages\/3233\/revisions"}],"predecessor-version":[{"id":3241,"href":"https:\/\/gozeyapimarket.com\/index.php\/wp-json\/wp\/v2\/pages\/3233\/revisions\/3241"}],"wp:attachment":[{"href":"https:\/\/gozeyapimarket.com\/index.php\/wp-json\/wp\/v2\/media?parent=3233"}],"curies":[{"name":"wp","href":"https:\/\/api.w.org\/{rel}","templated":true}]}}