{"id":3243,"date":"2025-05-12T11:43:32","date_gmt":"2025-05-12T08:43:32","guid":{"rendered":"https:\/\/gozeyapimarket.com\/?page_id=3243"},"modified":"2025-05-12T11:44:01","modified_gmt":"2025-05-12T08:44:01","slug":"cagri-merkezi-aydinlatma-metni","status":"publish","type":"page","link":"https:\/\/gozeyapimarket.com\/index.php\/cagri-merkezi-aydinlatma-metni\/","title":{"rendered":"\u00c7a\u011fr\u0131 Merkezi Ayd\u0131nlatma Metni"},"content":{"rendered":"\t\t<div data-elementor-type=\"wp-page\" data-elementor-id=\"3243\" class=\"elementor elementor-3243\">\n\t\t\t\t<div class=\"elementor-element elementor-element-e4cacf6 e-flex e-con-boxed e-con e-parent\" data-id=\"e4cacf6\" data-element_type=\"container\" data-settings=\"{&quot;content_width&quot;:&quot;boxed&quot;}\" data-core-v316-plus=\"true\">\n\t\t\t\t\t<div class=\"e-con-inner\">\n\t\t\t\t<div class=\"elementor-element elementor-element-b703852 elementor-widget elementor-widget-text-editor\" data-id=\"b703852\" data-element_type=\"widget\" data-widget_type=\"text-editor.default\">\n\t\t\t\t<div class=\"elementor-widget-container\">\n\t\t\t<style>\/*! elementor - v3.19.0 - 07-02-2024 *\/\n.elementor-widget-text-editor.elementor-drop-cap-view-stacked .elementor-drop-cap{background-color:#69727d;color:#fff}.elementor-widget-text-editor.elementor-drop-cap-view-framed .elementor-drop-cap{color:#69727d;border:3px solid;background-color:transparent}.elementor-widget-text-editor:not(.elementor-drop-cap-view-default) .elementor-drop-cap{margin-top:8px}.elementor-widget-text-editor:not(.elementor-drop-cap-view-default) .elementor-drop-cap-letter{width:1em;height:1em}.elementor-widget-text-editor .elementor-drop-cap{float:left;text-align:center;line-height:1;font-size:50px}.elementor-widget-text-editor .elementor-drop-cap-letter{display:inline-block}<\/style>\t\t\t\t<p><em>6698 Say\u0131l\u0131 Ki\u015fisel Verilerin Korunmas\u0131 Kanunu kapsam\u0131nda <strong>G\u00f6ze Yap\u0131<\/strong> taraf\u0131ndan i\u015flenecek olan ki\u015fisel verileriniz bak\u0131m\u0131ndan ayd\u0131nlatma y\u00fck\u00fcml\u00fcl\u00fc\u011f\u00fcn\u00fc yerine getirmek amac\u0131yla taraf\u0131n\u0131za bilgilendirme yap\u0131lacakt\u0131r. Detayl\u0131 bilgilendirmelere <a href=\"https:\/\/gozeyapimarket.com\/\">https:\/\/gozeyapimarket.com\/<\/a> sitesinden ula\u015fabilirsiniz.<\/em><\/p>\t\t\t\t\t\t<\/div>\n\t\t\t\t<\/div>\n\t\t\t\t\t<\/div>\n\t\t\t\t<\/div>\n\t\t\t\t<\/div>\n\t\t","protected":false},"excerpt":{"rendered":"<p>6698 Say\u0131l\u0131 Ki\u015fisel Verilerin Korunmas\u0131 Kanunu kapsam\u0131nda G\u00f6ze Yap\u0131 taraf\u0131ndan i\u015flenecek olan ki\u015fisel verileriniz bak\u0131m\u0131ndan ayd\u0131nlatma y\u00fck\u00fcml\u00fcl\u00fc\u011f\u00fcn\u00fc yerine getirmek amac\u0131yla taraf\u0131n\u0131za bilgilendirme yap\u0131lacakt\u0131r. Detayl\u0131 bilgilendirmelere https:\/\/gozeyapimarket.com\/ sitesinden ula\u015fabilirsiniz.<\/p>\n","protected":false},"author":1,"featured_media":0,"parent":0,"menu_order":0,"comment_status":"closed","ping_status":"closed","template":"","meta":{"om_disable_all_campaigns":false,"_monsterinsights_skip_tracking":false,"_monsterinsights_sitenote_active":false,"_monsterinsights_sitenote_note":"","_monsterinsights_sitenote_category":0,"footnotes":""},"_links":{"self":[{"href":"https:\/\/gozeyapimarket.com\/index.php\/wp-json\/wp\/v2\/pages\/3243"}],"collection":[{"href":"https:\/\/gozeyapimarket.com\/index.php\/wp-json\/wp\/v2\/pages"}],"about":[{"href":"https:\/\/gozeyapimarket.com\/index.php\/wp-json\/wp\/v2\/types\/page"}],"author":[{"embeddable":true,"href":"https:\/\/gozeyapimarket.com\/index.php\/wp-json\/wp\/v2\/users\/1"}],"replies":[{"embeddable":true,"href":"https:\/\/gozeyapimarket.com\/index.php\/wp-json\/wp\/v2\/comments?post=3243"}],"version-history":[{"count":4,"href":"https:\/\/gozeyapimarket.com\/index.php\/wp-json\/wp\/v2\/pages\/3243\/revisions"}],"predecessor-version":[{"id":3247,"href":"https:\/\/gozeyapimarket.com\/index.php\/wp-json\/wp\/v2\/pages\/3243\/revisions\/3247"}],"wp:attachment":[{"href":"https:\/\/gozeyapimarket.com\/index.php\/wp-json\/wp\/v2\/media?parent=3243"}],"curies":[{"name":"wp","href":"https:\/\/api.w.org\/{rel}","templated":true}]}}