{"id":3249,"date":"2025-05-12T11:52:14","date_gmt":"2025-05-12T08:52:14","guid":{"rendered":"https:\/\/gozeyapimarket.com\/?page_id=3249"},"modified":"2025-05-12T12:09:34","modified_gmt":"2025-05-12T09:09:34","slug":"veri-sahibi-basvuru-formu","status":"publish","type":"page","link":"https:\/\/gozeyapimarket.com\/index.php\/veri-sahibi-basvuru-formu\/","title":{"rendered":"Veri Sahibi Ba\u015fvuru Formu"},"content":{"rendered":"\t\t<div data-elementor-type=\"wp-page\" data-elementor-id=\"3249\" class=\"elementor elementor-3249\">\n\t\t\t\t<div class=\"elementor-element elementor-element-2ddbe7a e-flex e-con-boxed e-con e-parent\" data-id=\"2ddbe7a\" data-element_type=\"container\" data-settings=\"{&quot;content_width&quot;:&quot;boxed&quot;}\" data-core-v316-plus=\"true\">\n\t\t\t\t\t<div class=\"e-con-inner\">\n\t\t\t\t<div class=\"elementor-element elementor-element-39c79bf elementor-widget elementor-widget-heading\" data-id=\"39c79bf\" data-element_type=\"widget\" data-widget_type=\"heading.default\">\n\t\t\t\t<div class=\"elementor-widget-container\">\n\t\t\t<style>\/*! elementor - v3.19.0 - 07-02-2024 *\/\n.elementor-heading-title{padding:0;margin:0;line-height:1}.elementor-widget-heading .elementor-heading-title[class*=elementor-size-]>a{color:inherit;font-size:inherit;line-height:inherit}.elementor-widget-heading .elementor-heading-title.elementor-size-small{font-size:15px}.elementor-widget-heading .elementor-heading-title.elementor-size-medium{font-size:19px}.elementor-widget-heading .elementor-heading-title.elementor-size-large{font-size:29px}.elementor-widget-heading .elementor-heading-title.elementor-size-xl{font-size:39px}.elementor-widget-heading .elementor-heading-title.elementor-size-xxl{font-size:59px}<\/style><h2 class=\"elementor-heading-title elementor-size-default\">Veri Sahibi Ba\u015fvuru Formu<\/h2>\t\t<\/div>\n\t\t\t\t<\/div>\n\t\t\t\t\t<\/div>\n\t\t\t\t<\/div>\n\t\t<div class=\"elementor-element elementor-element-0633f03 e-flex e-con-boxed e-con e-parent\" data-id=\"0633f03\" data-element_type=\"container\" data-settings=\"{&quot;content_width&quot;:&quot;boxed&quot;}\" data-core-v316-plus=\"true\">\n\t\t\t\t\t<div class=\"e-con-inner\">\n\t\t\t\t<div class=\"elementor-element elementor-element-961c1f8 elementor-widget elementor-widget-text-editor\" data-id=\"961c1f8\" data-element_type=\"widget\" data-widget_type=\"text-editor.default\">\n\t\t\t\t<div class=\"elementor-widget-container\">\n\t\t\t<style>\/*! elementor - v3.19.0 - 07-02-2024 *\/\n.elementor-widget-text-editor.elementor-drop-cap-view-stacked .elementor-drop-cap{background-color:#69727d;color:#fff}.elementor-widget-text-editor.elementor-drop-cap-view-framed .elementor-drop-cap{color:#69727d;border:3px solid;background-color:transparent}.elementor-widget-text-editor:not(.elementor-drop-cap-view-default) .elementor-drop-cap{margin-top:8px}.elementor-widget-text-editor:not(.elementor-drop-cap-view-default) .elementor-drop-cap-letter{width:1em;height:1em}.elementor-widget-text-editor .elementor-drop-cap{float:left;text-align:center;line-height:1;font-size:50px}.elementor-widget-text-editor .elementor-drop-cap-letter{display:inline-block}<\/style>\t\t\t\t<p>\u00a0<\/p><p><strong>\u0130LG\u0130L\u0130 K\u0130\u015e\u0130 BA\u015eVURU S\u00dcREC\u0130\u00a0\u00a0 <\/strong><\/p><p><strong>K\u0130\u015e\u0130SEL VER\u0130LER\u0130N \u0130\u015eLENMES\u0130NE \u0130L\u0130\u015eK\u0130N\u00a0\u00a0 AYDINLATMA METN\u0130\u00a0 <\/strong><\/p><p>6698 say\u0131l\u0131 Ki\u015fisel Verilerin Korunmas\u0131 Kanunu (\u201c<strong>Kanun<\/strong>\u201d) uyar\u0131nca, ki\u015fisel verileriniz; veri sorumlusu\u00a0 olarak G\u00d6ZE YAPI MALZEMELER\u0130 SANAY\u0130 VE T\u0130CARET \u00a0Pazarlama A.\u015e. ve G\u00d6ZE YAPI MALZEMELER\u0130 SANAY\u0130 VE T\u0130CARET \u00a0A.\u015e. (\u201c<strong>G\u00d6ZE YAPI MALZEMELER\u0130 SANAY\u0130 VE T\u0130CARET <\/strong>\u201d veya \u201c<strong>\u015eirket<\/strong>\u201d) taraf\u0131ndan a\u015fa\u011f\u0131da a\u00e7\u0131klanan\u00a0 kapsamda i\u015flenebilecektir.\u00a0\u00a0<\/p><p>\u00a0<\/p><p><strong>Ki\u015fisel Verilerin Hangi Ama\u00e7larla \u0130\u015flenece\u011fi<\/strong>\u00a0<\/p><p>Ki\u015fisel verileriniz, a\u015fa\u011f\u0131da yer verilen ama\u00e7larla (\u201c<strong>Ama\u00e7lar<\/strong>\u201d) Kanun\u2019un 5. maddesinde belirtilen ki\u015fisel\u00a0 veri i\u015fleme \u015fartlar\u0131 ve ama\u00e7lar\u0131 dahilinde i\u015flenecektir.\u00a0<\/p><ul><li>\u015eirketimiz taraf\u0131ndan\u00a0 i\u015flenen\u00a0 ki\u015fisel\u00a0 verileriniz\u00a0 ile\u00a0 ilgili\u00a0 olarak\u00a0 Kanun\u2019un\u00a0 11.\u00a0 maddesinde\u00a0 belirtilen\u00a0 haklar\u0131n\u0131z\u0131n\u00a0 kullan\u0131lmas\u0131\u00a0 kapsam\u0131nda\u00a0 \u015eirket\u2019e\u00a0 iletmi\u015f\u00a0 oldu\u011funuz\u00a0 ba\u015fvurular\u0131n\u0131za\u00a0 ili\u015fkin\u00a0 de\u011ferlendirmelerin\u00a0 yap\u0131lmas\u0131\u00a0 ve\u00a0 mevzuata\u00a0 uygun\u00a0 olarak\u00a0 sonu\u00e7land\u0131r\u0131lmas\u0131\u00a0 ile\u00a0 bu\u00a0 \u00e7er\u00e7evede gerekli i\u015flemlerin ger\u00e7ekle\u015ftirilmesi,\u00a0<\/li><li>\u0130leride meydana\u00a0 gelmesi\u00a0 muhtemel\u00a0 olas\u0131\u00a0 uyu\u015fmazl\u0131klarda\u00a0 delil\u00a0 te\u015fkil\u00a0 etmesi\u00a0 amac\u0131\u00a0 ile\u00a0 \u015eirketimize\u00a0 iletmi\u015f\u00a0 oldu\u011funuz\u00a0 ba\u015fvurulara\u00a0 ili\u015fkin\u00a0 kay\u0131tlar\u0131n\u00a0 genel\u00a0 zamana\u015f\u0131m\u0131\u00a0 s\u00fcresince\u00a0 saklanmas\u0131,\u00a0<\/li><li>Hukuk i\u015flerinin takibi ve y\u00fcr\u00fct\u00fclmesi,<\/li><li>Resmi kurum taleplerinin yerine getirilmesi ve yetkili kurulu\u015flara mevzuattan kaynakl\u0131 bilgi verilmesi.\u00a0<\/li><\/ul><p>\u00a0<\/p><p><strong>\u0130\u015flenen Ki\u015fisel Verilerin Kimlere ve Hangi Ama\u00e7la Aktar\u0131labilece\u011fi<\/strong>\u00a0<\/p><p>Yukar\u0131da\u00a0 yer\u00a0 alan\u00a0 Ama\u00e7lar\u2019\u0131n\u00a0 yerine\u00a0 getirilmesi\u00a0 do\u011frultusunda\u00a0 toplanan\u00a0 ki\u015fisel\u00a0 verileriniz;\u00a0 me\u015fru\u00a0 menfaatlerimiz\u00a0 kapsam\u0131nda\u00a0 hukuki\u00a0 dan\u0131\u015fmanl\u0131k\u00a0 hizmeti\u00a0 ald\u0131\u011f\u0131m\u0131z\u00a0 avukat\u00a0 ve\u00a0 dan\u0131\u015fmanlar\u0131m\u0131za;\u00a0 ba\u015fvurunuzla ili\u015fkili tedarik\u00e7ilerimize; d\u00fczeltme\/imha i\u015flemi kapsam\u0131nda talep etmi\u015f olman\u0131z halinde\u00a0 yap\u0131lacak bildirimle s\u0131n\u0131rl\u0131 olarak Kanun Madde 11(1)(f) uyar\u0131nca ki\u015fisel verilerin aktar\u0131ld\u0131\u011f\u0131 ilgili taraflara, \u00a0\u00a0Ki\u015fisel Verileri Koruma Kurumu dahil olmak \u00fczere bir hakk\u0131n tesisi, kullan\u0131lmas\u0131 ve korunmas\u0131 i\u00e7in ve\u00a0 hukuki y\u00fck\u00fcml\u00fcl\u00fcklerimizin yerine getirilmesi kapsam\u0131nda kanunen yetkili kamu kurumlar\u0131na ve kanunen\u00a0 yetkili \u00f6zel ki\u015filere Kanun\u2019un 5. maddesinde belirtilen ki\u015fisel veri i\u015fleme \u015fartlar\u0131 \u00e7er\u00e7evesinde Kanun\u2019un\u00a0 8. maddesinde belirtilen ki\u015fisel verilerin aktar\u0131m\u0131na ili\u015fkin kurallara uygun olarak aktar\u0131labilecektir.\u00a0<\/p><p>\u00a0<\/p><p><strong>Ki\u015fisel Veri Toplaman\u0131n Y\u00f6ntemi ve Hukuki Sebebi<\/strong>\u00a0<\/p><p>Ki\u015fisel\u00a0 verileriniz,\u00a0 yukar\u0131da\u00a0 yer\u00a0 verilen\u00a0 Ama\u00e7lar\u2019\u0131n\u00a0 yerine\u00a0 getirilmesi\u00a0 kapsam\u0131nda\u00a0 elektronik\u00a0 ve\u00a0 fiziki\u00a0 ortamlardan iletti\u011finiz ilgili ki\u015fi ba\u015fvuru formu, dilek\u00e7eleriniz ve e-posta kanallar\u0131yla toplanmaktad\u0131r.\u00a0<\/p><p>Ki\u015fisel\u00a0 verileriniz\u00a0 a\u015fa\u011f\u0131daki\u00a0 ama\u00e7larla\u00a0 ve\u00a0 hukuki\u00a0 sebepler\u00a0 ile\u00a0 \u015eirketimiz\u00a0 taraf\u0131ndan\u00a0 Kanun\u2019un\u00a0 5.\u00a0 Maddesinde belirtilen ki\u015fisel veri i\u015fleme \u015fartlar\u0131na dayal\u0131 olarak toplanmakta ve i\u015flenmektedir.\u00a0<\/p><p><strong><em>Kanunlarca \u00a0\u00a0 a\u00e7\u0131k\u00e7a \u00a0\u00a0 \u00f6ng\u00f6r\u00fclmesi \u00a0 ve \u00a0 veri \u00a0 sorumlusunun \u00a0\u00a0 hukuki \u00a0 y\u00fck\u00fcml\u00fcl\u00fc\u011f\u00fcn\u00fc\u00a0 \u00a0yerine\u00a0 getirebilmesi i\u00e7in zorunlu olmas\u0131 hukuki sebebine dayal\u0131 olarak;\u00a0 <\/em><\/strong><\/p><ul><li>\u015eirketimiz taraf\u0131ndan\u00a0 i\u015flenen\u00a0 ki\u015fisel\u00a0 verileriniz\u00a0 ile\u00a0 ilgili\u00a0 olarak\u00a0 Kanun\u2019un\u00a0 11.\u00a0 maddesinde\u00a0 belirtilen\u00a0 haklar\u0131n\u0131z\u0131n\u00a0 kullan\u0131lmas\u0131\u00a0 kapsam\u0131nda\u00a0 \u015eirket\u2019e\u00a0 iletmi\u015f\u00a0 oldu\u011funuz\u00a0 ba\u015fvurular\u0131n\u0131za\u00a0 ili\u015fkin\u00a0 de\u011ferlendirmelerin\u00a0 yap\u0131lmas\u0131\u00a0 ve\u00a0 mevzuata\u00a0 uygun\u00a0 olarak\u00a0 sonu\u00e7land\u0131r\u0131lmas\u0131\u00a0 ile\u00a0 bu\u00a0 \u00e7er\u00e7evede gerekli i\u015flemlerin ger\u00e7ekle\u015ftirilmesi,\u00a0<\/li><li>\u0130leride meydana\u00a0 gelmesi\u00a0 muhtemel\u00a0 olas\u0131\u00a0 uyu\u015fmazl\u0131klarda\u00a0 delil\u00a0 te\u015fkil\u00a0 etmesi\u00a0 amac\u0131\u00a0 ile\u00a0 \u015eirketimize\u00a0 ger\u00e7ekle\u015ftirmi\u015f\u00a0 oldu\u011funuz\u00a0 ba\u015fvurulara\u00a0 ili\u015fkin\u00a0 kay\u0131tlar\u0131n\u00a0 genel\u00a0 zamana\u015f\u0131m\u0131\u00a0 s\u00fcresince saklanmas\u0131,\u00a0<\/li><li>Resmi kurum taleplerinin yerine getirilmesi ve yetkili kurulu\u015flara mevzuattan kaynakl\u0131 bilgi verilmesi.\u00a0<\/li><\/ul><p>\u00a0<\/p><p>\u00a0<\/p><p>\u00a0<\/p><p><strong><em>\u0130<\/em><\/strong><strong><em>lgili ki\u015finin temel hak ve \u00f6zg\u00fcrl\u00fcklerine zarar vermemek kayd\u0131yla, veri sorumlusunun me\u015fru\u00a0 menfaatleri i\u00e7in veri i\u015flenmesinin zorunlu olmas\u0131 hukuki sebebine dayal\u0131 olarak;\u00a0 <\/em><\/strong><\/p><ul><li>Hukuk i\u015flerinin takibi ve y\u00fcr\u00fct\u00fclmesi.<\/li><\/ul><p><strong>\u0130lgili Ki\u015finin Kanun\u2019un 11. Maddesinde Say\u0131lan Haklar\u0131<\/strong>\u00a0<\/p><p>Ki\u015fisel verileriniz ile ilgili olarak Kanun\u2019un 11. maddesi uyar\u0131nca a\u015fa\u011f\u0131daki haklara sahip oldu\u011funuzu\u00a0 bildiririz:\u00a0\u00a0<\/p><ul><li>Ki\u015fisel veri i\u015flenip i\u015flenmedi\u011fini \u00f6\u011frenme,<\/li><li>Ki\u015fisel verileriniz i\u015flenmi\u015fse buna ili\u015fkin bilgi talep etme,<\/li><li>Ki\u015fisel\u00a0 verilerinizin\u00a0 i\u015flenme\u00a0 amac\u0131n\u0131\u00a0 ve\u00a0 bunlar\u0131n\u00a0 amac\u0131na\u00a0 uygun\u00a0 kullan\u0131l\u0131p\u00a0 kullan\u0131lmad\u0131\u011f\u0131n\u0131 \u00f6\u011frenme,\u00a0<\/li><\/ul><ul><li>Yurt i\u00e7inde veya yurt d\u0131\u015f\u0131nda ki\u015fisel verilerinizin aktar\u0131ld\u0131\u011f\u0131 \u00fc\u00e7\u00fcnc\u00fc ki\u015fileri bilme,<\/li><li>Ki\u015fisel verilerinizin eksik veya yanl\u0131\u015f i\u015flenmi\u015f olmas\u0131 h\u00e2linde bunlar\u0131n d\u00fczeltilmesini isteme ve bu kapsamda yap\u0131lan i\u015flemin ki\u015fisel verilerinizin aktar\u0131ld\u0131\u011f\u0131 \u00fc\u00e7\u00fcnc\u00fc ki\u015filere bildirilmesini isteme,\u00a0<\/li><li>Kanun ve ilgili di\u011fer kanun h\u00fck\u00fcmlerine uygun olarak i\u015flenmi\u015f olmas\u0131na ra\u011fmen, i\u015flenmesini gerektiren\u00a0 sebeplerin\u00a0 ortadan\u00a0 kalkmas\u0131\u00a0 h\u00e2linde\u00a0 ki\u015fisel\u00a0 verilerinizin\u00a0 silinmesini\u00a0 veya\u00a0 yok\u00a0 edilmesini isteme ve bu kapsamda yap\u0131lan i\u015flemin ki\u015fisel verilerinizin aktar\u0131ld\u0131\u011f\u0131 \u00fc\u00e7\u00fcnc\u00fc ki\u015filere bildirilmesini isteme,\u00a0\u00a0<\/li><\/ul><ul><li>\u0130\u015flenen verilerinizin\u00a0 m\u00fcnhas\u0131ran\u00a0 otomatik\u00a0 sistemler\u00a0 vas\u0131tas\u0131yla\u00a0 analiz\u00a0 edilmesi suretiyle aleyhinize bir sonucun ortaya \u00e7\u0131kmas\u0131na itiraz etme,\u00a0<\/li><\/ul><ul><li>Ki\u015fisel verilerinizin kanuna ayk\u0131r\u0131 olarak i\u015flenmesi sebebiyle zarara u\u011framan\u0131z h\u00e2linde zarar\u0131n giderilmesini talep etme.\u00a0\u00a0<\/li><\/ul><p>Yukar\u0131da\u00a0 yer\u00a0 alan\u00a0 haklar\u0131n\u0131za ili\u015fkin\u00a0 taleplerinizi\u00a0 \u015eirketimize iletmeniz\u00a0 durumunda\u00a0 \u015eirketimiz talebin\u00a0 niteli\u011fine g\u00f6re talebi en k\u0131sa s\u00fcrede ve en ge\u00e7 otuz g\u00fcn i\u00e7inde \u00fccretsiz olarak sonu\u00e7land\u0131racakt\u0131r. Ancak,\u00a0 i\u015flemin ayr\u0131ca bir maliyeti gerektirmesi h\u00e2linde, \u015eirketimiz taraf\u0131ndan Ki\u015fisel Verileri Koruma Kurulunca\u00a0 belirlenen tarifedeki \u00fccret al\u0131nabilecektir.\u00a0<\/p>\t\t\t\t\t\t<\/div>\n\t\t\t\t<\/div>\n\t\t\t\t\t<\/div>\n\t\t\t\t<\/div>\n\t\t<div class=\"elementor-element elementor-element-ada815f e-flex e-con-boxed e-con e-parent\" data-id=\"ada815f\" data-element_type=\"container\" data-settings=\"{&quot;content_width&quot;:&quot;boxed&quot;}\" data-core-v316-plus=\"true\">\n\t\t\t\t\t<div class=\"e-con-inner\">\n\t\t\t\t<div class=\"elementor-element elementor-element-66987dc elementor-widget elementor-widget-text-editor\" data-id=\"66987dc\" data-element_type=\"widget\" data-widget_type=\"text-editor.default\">\n\t\t\t\t<div class=\"elementor-widget-container\">\n\t\t\t\t\t\t\t<p><strong>G\u00d6ZE YAPI MALZEMELER\u0130 SANAY\u0130 VE T\u0130CARET A<\/strong><strong>.\u015e.\u00a0 \u0130LG\u0130L\u0130 K\u0130\u015e\u0130 BA\u015eVURU FORMU\u00a0 <\/strong><\/p><ol><li><strong> Ba\u015fvuru Y\u00f6ntemi<\/strong><\/li><\/ol><p>6698\u00a0 say\u0131l\u0131\u00a0 Ki\u015fisel\u00a0 Verilerin\u00a0 Korunmas\u0131\u00a0 Kanunu\u2019nun\u00a0 (\u201c<strong>Kanun<\/strong>\u201d)\u00a0 11.\u00a0 Maddesinde\u00a0 say\u0131lan\u00a0 haklar\u0131n\u0131z\u00a0<\/p><p>kapsam\u0131ndaki\u00a0 taleplerinizi,\u00a0 Kanun\u2019un\u00a0 13.\u00a0 maddesi\u00a0 ile\u00a0 Veri\u00a0 Sorumlusuna\u00a0 Ba\u015fvuru\u00a0 Usul\u00a0 ve\u00a0 Esaslar\u0131\u00a0 Hakk\u0131nda\u00a0 Tebli\u011f\u2019in\u00a0 5.\u00a0 maddesi\u00a0 gere\u011fince,\u00a0 i\u015fbu\u00a0 form\u00a0 ile\u00a0 a\u015fa\u011f\u0131da\u00a0 a\u00e7\u0131klanan\u00a0 y\u00f6ntemlerden\u00a0 biriyle\u00a0 ba\u015fvurunuzu \u015eirketimize iletebilirsiniz.\u00a0<\/p><table width=\"0\"><tbody><tr><td colspan=\"3\" rowspan=\"6\" width=\"158\">\u00a0<\/td><td rowspan=\"6\" width=\"7\">\u00a0<\/td><td width=\"111\">\u00a0<\/td><td rowspan=\"6\" width=\"7\">\u00a0<\/td><td rowspan=\"6\" width=\"8\">\u00a0<\/td><td width=\"177\">\u00a0<\/td><td rowspan=\"6\" width=\"7\">\u00a0<\/td><td rowspan=\"6\" width=\"8\">\u00a0<\/td><td rowspan=\"2\" width=\"143\"><p><strong>BA\u015eVURUDA\u00a0 <\/strong><\/p><\/td><td rowspan=\"6\" width=\"7\">\u00a0<\/td><td width=\"0\">\u00a0<\/td><\/tr><tr><td rowspan=\"2\" width=\"111\"><p><strong>BA\u015eVURU\u00a0 <\/strong><\/p><\/td><td rowspan=\"2\" width=\"177\"><p><strong>BA\u015eVURU YAPILACAK\u00a0 <\/strong><\/p><\/td><\/tr><tr><td rowspan=\"2\" width=\"143\"><strong>G\u00d6STER\u0130LECEK\u00a0 <\/strong><\/td><\/tr><tr><td rowspan=\"2\" width=\"111\"><p><strong>Y\u00d6NTEM\u0130\u00a0 <\/strong><\/p><\/td><td rowspan=\"2\" width=\"177\"><p><strong>A<\/strong><strong>DRES\u00a0 <\/strong><\/p><\/td><td width=\"0\">\u00a0<\/td><\/tr><tr><td rowspan=\"2\" width=\"143\"><p><strong>B\u0130LG\u0130\u00a0 <\/strong><\/p><\/td><td width=\"0\">\u00a0<\/td><\/tr><tr><td width=\"111\">\u00a0<\/td><td width=\"177\">\u00a0<\/td><td width=\"0\">\u00a0<\/td><\/tr><tr><td colspan=\"3\" width=\"158\"><p><strong>Yaz\u0131l\u0131 Olarak Ba\u015fvuru\u00a0 <\/strong><\/p><\/td><td colspan=\"3\" width=\"125\"><p>Islak imzal\u0131\u00a0 <br \/>\u015fahsen ba\u015fvuru\u00a0 veya\u00a0<\/p><p>Noter vas\u0131tas\u0131yla\u00a0<\/p><\/td><td colspan=\"3\" width=\"191\"><p>\u00a0\u00a0\u0130K\u0130TELL\u0130 OSB MAHALLES\u0130 \u0130STEKS B1 BLOK SK. NO: 15\/ BA\u015eAK\u015eEH\u0130R\/\u0130STANBUL<\/p><\/td><td colspan=\"3\" width=\"158\"><p>Zarf\u0131n\/tebligat\u0131n \u00fczerine\u00a0 \u201cKi\u015fisel Verilerin\u00a0<\/p><p>Korunmas\u0131 Kanunu\u00a0 Kapsam\u0131nda Bilgi\u00a0<\/p><p>Talebi\u201d yaz\u0131lacakt\u0131r.<strong>\u00a0 <\/strong><\/p><\/td><td width=\"0\">\u00a0<\/td><\/tr><tr><td rowspan=\"8\" width=\"8\">\u00a0<\/td><td width=\"143\">\u00a0<\/td><td rowspan=\"8\" width=\"7\">\u00a0<\/td><td colspan=\"3\" rowspan=\"8\" width=\"125\"><p>elektronik\u00a0 posta\u00a0 adresi ile\u00a0<\/p><\/td><td colspan=\"3\" rowspan=\"8\" width=\"191\"><p><strong>selim.goze@hs01.kep.tr<\/strong><\/p><\/td><td colspan=\"3\" rowspan=\"8\" width=\"158\"><p>E-posta\u2019n\u0131n konu\u00a0 k\u0131sm\u0131na \u201cKi\u015fisel\u00a0<\/p><p>Verilerin Korunmas\u0131\u00a0 Kanunu Bilgi Talebi\u201d\u00a0 yaz\u0131lacakt\u0131r.<strong>\u00a0 <\/strong><\/p><\/td><td width=\"0\">\u00a0<\/td><\/tr><tr><td width=\"143\"><p><strong>Email Yoluyla<\/strong><\/p><\/td><td width=\"0\">\u00a0<\/td><\/tr><tr><td width=\"143\"><p><strong>Posta (KEP) Yoluyla\u00a0 <\/strong><\/p><\/td><td width=\"0\">\u00a0<\/td><\/tr><tr><td width=\"143\">\u00a0<\/td><td width=\"0\">\u00a0<\/td><\/tr><tr><td width=\"143\">\u00a0<\/td><td width=\"0\">\u00a0<\/td><\/tr><tr><td width=\"143\">\u00a0<\/td><td width=\"0\">\u00a0<\/td><\/tr><tr><td width=\"143\">\u00a0<\/td><td width=\"0\">\u00a0<\/td><\/tr><tr><td width=\"143\">\u00a0<\/td><td width=\"0\">\u00a0<\/td><\/tr><\/tbody><\/table>\t\t\t\t\t\t<\/div>\n\t\t\t\t<\/div>\n\t\t\t\t\t<\/div>\n\t\t\t\t<\/div>\n\t\t<div class=\"elementor-element elementor-element-510fb5c e-flex e-con-boxed e-con e-parent\" data-id=\"510fb5c\" data-element_type=\"container\" data-settings=\"{&quot;content_width&quot;:&quot;boxed&quot;}\" data-core-v316-plus=\"true\">\n\t\t\t\t\t<div class=\"e-con-inner\">\n\t\t\t\t<div class=\"elementor-element elementor-element-43d099f elementor-widget elementor-widget-text-editor\" data-id=\"43d099f\" data-element_type=\"widget\" data-widget_type=\"text-editor.default\">\n\t\t\t\t<div class=\"elementor-widget-container\">\n\t\t\t\t\t\t\t<ol start=\"2\"><li><strong> Kimlik ve \u0130leti\u015fim Bilgileriniz <\/strong><\/li><\/ol><p>L\u00fctfen\u00a0 sizinle\u00a0 ileti\u015fime\u00a0 ge\u00e7ebilmemiz\u00a0 ve\u00a0 kimli\u011finizi\u00a0 do\u011frulayabilmemiz\u00a0 ad\u0131na\u00a0 a\u015fa\u011f\u0131daki\u00a0 alanlar\u0131 doldurunuz.\u00a0<\/p><p>Ekte bulunan pdf dosyas\u0131n\u0131 doldurup a\u015fa\u011f\u0131daki ileti\u015fim formundan taraf\u0131m\u0131za g\u00f6nderiniz.<\/p>\t\t\t\t\t\t<\/div>\n\t\t\t\t<\/div>\n\t\t\t\t\t<\/div>\n\t\t\t\t<\/div>\n\t\t<div class=\"elementor-element elementor-element-bbda3d0 e-flex e-con-boxed e-con e-parent\" data-id=\"bbda3d0\" data-element_type=\"container\" data-settings=\"{&quot;content_width&quot;:&quot;boxed&quot;}\" data-core-v316-plus=\"true\">\n\t\t\t\t\t<div class=\"e-con-inner\">\n\t\t\t\t<div class=\"elementor-element elementor-element-9460241 elementor-widget elementor-widget-Elementor-contact-info\" data-id=\"9460241\" data-element_type=\"widget\" data-widget_type=\"Elementor-contact-info.default\">\n\t\t\t\t<div class=\"elementor-widget-container\">\n\t\t\t\n\n<!-- contact-area -->\n<section id=\"contact\" class=\"contact-area after-none contact-bg pt-120 pb-120 p-relative fix\">\n    <div class=\"container\">\n\n        <div class=\"row justify-content-center align-items-center\">\n\n             <div class=\"col-lg-4 order-1\">\n\n                <div class=\"contact-info\">\n                                              \n                    \n                    <\/div>\t\t\t\t\t\t\t\n            <\/div>\n            <div class=\"col-lg-8 order-2\">\n                <div class=\"contact-bg02\">\n                    <div class=\"section-title center-align\">\n                        <h2>\n                          KVKK Ba\u015fvuru Form                        <\/h2>\n                    <\/div>  \n                    <div class=\"contact-form mt-30\">\n                        \n<div class=\"wpcf7 no-js\" id=\"wpcf7-f3251-o1\" lang=\"tr-TR\" dir=\"ltr\">\n<div class=\"screen-reader-response\"><p role=\"status\" aria-live=\"polite\" aria-atomic=\"true\"><\/p> <ul><\/ul><\/div>\n<form action=\"\/index.php\/wp-json\/wp\/v2\/pages\/3249#wpcf7-f3251-o1\" method=\"post\" class=\"wpcf7-form init\" aria-label=\"Contact form\" enctype=\"multipart\/form-data\" novalidate=\"novalidate\" data-status=\"init\">\n<div style=\"display: none;\">\n<input type=\"hidden\" name=\"_wpcf7\" value=\"3251\" \/>\n<input type=\"hidden\" name=\"_wpcf7_version\" value=\"5.8.7\" \/>\n<input type=\"hidden\" name=\"_wpcf7_locale\" value=\"tr_TR\" \/>\n<input type=\"hidden\" name=\"_wpcf7_unit_tag\" value=\"wpcf7-f3251-o1\" \/>\n<input type=\"hidden\" name=\"_wpcf7_container_post\" value=\"0\" \/>\n<input type=\"hidden\" name=\"_wpcf7_posted_data_hash\" value=\"\" \/>\n<\/div>\n<p><label> Ad\u0131n\u0131z Soyad\u0131n\u0131z<br \/>\n<span class=\"wpcf7-form-control-wrap\" data-name=\"your-name\"><input size=\"40\" class=\"wpcf7-form-control wpcf7-text wpcf7-validates-as-required\" autocomplete=\"name\" aria-required=\"true\" aria-invalid=\"false\" value=\"\" type=\"text\" name=\"your-name\" \/><\/span> <\/label>\n<\/p>\n<p><label> T.C. Kimlik \/ Pazaport No<br \/>\n<span class=\"wpcf7-form-control-wrap\" data-name=\"T_C_KimlikNoPasaportNo\"><input size=\"40\" class=\"wpcf7-form-control wpcf7-text wpcf7-validates-as-required\" aria-required=\"true\" aria-invalid=\"false\" value=\"\" type=\"text\" name=\"T_C_KimlikNoPasaportNo\" \/><\/span> <\/label>\n<\/p>\n<p><label> Cep Telefonu<br \/>\n<span class=\"wpcf7-form-control-wrap\" data-name=\"CepTelefonu\"><input size=\"40\" class=\"wpcf7-form-control wpcf7-tel wpcf7-text wpcf7-validates-as-tel\" aria-invalid=\"false\" value=\"\" type=\"tel\" name=\"CepTelefonu\" \/><\/span> <\/label>\n<\/p>\n<p><label> \u015eirketimiz \u0130le \u0130li\u015fkiniz<br \/>\n<span class=\"wpcf7-form-control-wrap\" data-name=\"irketimizlelikiniz\"><span class=\"wpcf7-form-control wpcf7-checkbox\"><span class=\"wpcf7-list-item first\"><label><input type=\"checkbox\" name=\"irketimizlelikiniz[]\" value=\"M\u00fc\u015fteri\" \/><span class=\"wpcf7-list-item-label\">M\u00fc\u015fteri<\/span><\/label><\/span><span class=\"wpcf7-list-item\"><label><input type=\"checkbox\" name=\"irketimizlelikiniz[]\" value=\"\u00c7al\u0131\u015fan\" \/><span class=\"wpcf7-list-item-label\">\u00c7al\u0131\u015fan<\/span><\/label><\/span><span class=\"wpcf7-list-item\"><label><input type=\"checkbox\" name=\"irketimizlelikiniz[]\" value=\"Eski \u00c7al\u0131\u015fan\" \/><span class=\"wpcf7-list-item-label\">Eski \u00c7al\u0131\u015fan<\/span><\/label><\/span><span class=\"wpcf7-list-item\"><label><input type=\"checkbox\" name=\"irketimizlelikiniz[]\" value=\"Bayi  \u00c7al\u0131\u015fan\u0131\" \/><span class=\"wpcf7-list-item-label\">Bayi  \u00c7al\u0131\u015fan\u0131<\/span><\/label><\/span><span class=\"wpcf7-list-item last\"><label><input type=\"checkbox\" name=\"irketimizlelikiniz[]\" value=\"Di\u011fer\" \/><span class=\"wpcf7-list-item-label\">Di\u011fer<\/span><\/label><\/span><\/span><\/span> <\/label>\n<\/p>\n<p><label> E-posta adresiniz<br \/>\n<span class=\"wpcf7-form-control-wrap\" data-name=\"your-email\"><input size=\"40\" class=\"wpcf7-form-control wpcf7-email wpcf7-validates-as-required wpcf7-text wpcf7-validates-as-email\" autocomplete=\"email\" aria-required=\"true\" aria-invalid=\"false\" value=\"\" type=\"email\" name=\"your-email\" \/><\/span> <\/label>\n<\/p>\n<p><label> Talep Konusu<br \/>\n<span class=\"wpcf7-form-control-wrap\" data-name=\"your-subject\"><input size=\"40\" class=\"wpcf7-form-control wpcf7-text wpcf7-validates-as-required\" aria-required=\"true\" aria-invalid=\"false\" value=\"\" type=\"text\" name=\"your-subject\" \/><\/span> <\/label>\n<\/p>\n<p><label> \u0130letiniz (tercihe ba\u011fl\u0131)<br \/>\n<span class=\"wpcf7-form-control-wrap\" data-name=\"your-message\"><textarea cols=\"40\" rows=\"10\" class=\"wpcf7-form-control wpcf7-textarea\" aria-invalid=\"false\" name=\"your-message\"><\/textarea><\/span> <\/label>\n<\/p>\n<p><label> Dosya Y\u00fckleme<br \/>\n<span class=\"wpcf7-form-control-wrap\" data-name=\"DosyaYkleme\"><input size=\"40\" class=\"wpcf7-form-control wpcf7-file\" accept=\"audio\/*,video\/*,image\/*\" aria-invalid=\"false\" type=\"file\" name=\"DosyaYkleme\" \/><\/span><br \/>\n<\/label>\n<\/p>\n<p><input class=\"wpcf7-form-control wpcf7-submit has-spinner\" type=\"submit\" value=\"G\u00f6nder\" \/>\n<\/p><div class=\"wpcf7-response-output\" aria-hidden=\"true\"><\/div>\n<\/form>\n<\/div>\n     \n                    <\/div>\n                <\/div>    \n\n            <\/div>\n        <\/div>\n\n    <\/div>\n\n<\/section>\n<!-- contact-area-end -->\t\t<\/div>\n\t\t\t\t<\/div>\n\t\t\t\t\t<\/div>\n\t\t\t\t<\/div>\n\t\t\t\t<\/div>\n\t\t","protected":false},"excerpt":{"rendered":"<p>Veri Sahibi Ba\u015fvuru Formu \u00a0 \u0130LG\u0130L\u0130 K\u0130\u015e\u0130 BA\u015eVURU S\u00dcREC\u0130\u00a0\u00a0 K\u0130\u015e\u0130SEL VER\u0130LER\u0130N \u0130\u015eLENMES\u0130NE \u0130L\u0130\u015eK\u0130N\u00a0\u00a0 AYDINLATMA METN\u0130\u00a0 6698 say\u0131l\u0131 Ki\u015fisel Verilerin Korunmas\u0131 Kanunu (\u201cKanun\u201d) uyar\u0131nca, ki\u015fisel verileriniz; veri sorumlusu\u00a0 olarak G\u00d6ZE YAPI MALZEMELER\u0130 SANAY\u0130 VE T\u0130CARET \u00a0Pazarlama A.\u015e. ve G\u00d6ZE YAPI MALZEMELER\u0130 SANAY\u0130 VE T\u0130CARET \u00a0A.\u015e. (\u201cG\u00d6ZE YAPI MALZEMELER\u0130 SANAY\u0130 VE T\u0130CARET \u201d veya \u201c\u015eirket\u201d) taraf\u0131ndan a\u015fa\u011f\u0131da [&hellip;]<\/p>\n","protected":false},"author":1,"featured_media":0,"parent":0,"menu_order":0,"comment_status":"closed","ping_status":"closed","template":"","meta":{"om_disable_all_campaigns":false,"_monsterinsights_skip_tracking":false,"_monsterinsights_sitenote_active":false,"_monsterinsights_sitenote_note":"","_monsterinsights_sitenote_category":0,"footnotes":""},"_links":{"self":[{"href":"https:\/\/gozeyapimarket.com\/index.php\/wp-json\/wp\/v2\/pages\/3249"}],"collection":[{"href":"https:\/\/gozeyapimarket.com\/index.php\/wp-json\/wp\/v2\/pages"}],"about":[{"href":"https:\/\/gozeyapimarket.com\/index.php\/wp-json\/wp\/v2\/types\/page"}],"author":[{"embeddable":true,"href":"https:\/\/gozeyapimarket.com\/index.php\/wp-json\/wp\/v2\/users\/1"}],"replies":[{"embeddable":true,"href":"https:\/\/gozeyapimarket.com\/index.php\/wp-json\/wp\/v2\/comments?post=3249"}],"version-history":[{"count":7,"href":"https:\/\/gozeyapimarket.com\/index.php\/wp-json\/wp\/v2\/pages\/3249\/revisions"}],"predecessor-version":[{"id":3258,"href":"https:\/\/gozeyapimarket.com\/index.php\/wp-json\/wp\/v2\/pages\/3249\/revisions\/3258"}],"wp:attachment":[{"href":"https:\/\/gozeyapimarket.com\/index.php\/wp-json\/wp\/v2\/media?parent=3249"}],"curies":[{"name":"wp","href":"https:\/\/api.w.org\/{rel}","templated":true}]}}